{"id":146633,"date":"2020-03-03T12:56:50","date_gmt":"2025-03-08T11:00:04","guid":{"rendered":"https:\/\/kingarms.ee\/product\/s-82-ptt-baofeng\/"},"modified":"2025-03-08T14:00:04","modified_gmt":"2025-03-08T11:00:04","slug":"s-82-ptt-baofeng","status":"publish","type":"product","link":"https:\/\/kingarms.ee\/lt\/product\/s-82-ptt-baofeng\/","title":{"rendered":"S-82 PTT (BAOFENG)<br><br>"},"content":{"rendered":"<p><a href=\"https:\/\/kingarms.ee\/wp-content\/uploads\/2020\/03\/1152214254_2-300x200.jpg\"><img loading=\"lazy\" decoding=\"async\" class=\"alignnone size-medium wp-image-25593\" src=\"https:\/\/kingarms.ee\/wp-content\/uploads\/2020\/03\/1152214254_2-300x200.jpg\" alt=\"\" width=\"300\" height=\"200\" srcset=\"https:\/\/kingarms.ee\/wp-content\/uploads\/2020\/03\/1152214254_2-300x200.jpg 300w, https:\/\/kingarms.ee\/wp-content\/uploads\/2020\/03\/1152214254_2-150x100.jpg 150w, https:\/\/kingarms.ee\/wp-content\/uploads\/2020\/03\/1152214254_2-500x333.jpg 500w, https:\/\/kingarms.ee\/wp-content\/uploads\/2020\/03\/1152214254_2-768x512.jpg 768w, https:\/\/kingarms.ee\/wp-content\/uploads\/2020\/03\/1152214254_2.jpg 800w\" sizes=\"auto, (max-width: 300px) 100vw, 300px\" \/><\/a><\/p>\n","protected":false},"excerpt":{"rendered":"<p>Garsiakalbis su \u012fmontuotu mikrofonu Baofeng racijai.<\/p>\n<p> Spaustuvai prie drabu\u017ei\u0173 ar \u012frangos.<\/p>\n<p> Apatiniame garsiakalbio gale yra 3,5 mm ki\u0161tukas, skirtas papildomoms ausin\u0117ms pritvirtinti.<\/p>\n","protected":false},"featured_media":112070,"template":"","meta":{"_acf_changed":false},"product_brand":[],"product_cat":[1268],"product_tag":[],"class_list":{"0":"post-146633","1":"product","2":"type-product","3":"status-publish","4":"has-post-thumbnail","6":"product_cat-priedai-lt-2","8":"first","9":"onbackorder","10":"taxable","11":"shipping-taxable","12":"product-type-simple"},"acf":[],"_links":{"self":[{"href":"https:\/\/kingarms.ee\/lt\/wp-json\/wp\/v2\/product\/146633","targetHints":{"allow":["GET"]}}],"collection":[{"href":"https:\/\/kingarms.ee\/lt\/wp-json\/wp\/v2\/product"}],"about":[{"href":"https:\/\/kingarms.ee\/lt\/wp-json\/wp\/v2\/types\/product"}],"wp:featuredmedia":[{"embeddable":true,"href":"https:\/\/kingarms.ee\/lt\/wp-json\/wp\/v2\/media\/112070"}],"wp:attachment":[{"href":"https:\/\/kingarms.ee\/lt\/wp-json\/wp\/v2\/media?parent=146633"}],"wp:term":[{"taxonomy":"product_brand","embeddable":true,"href":"https:\/\/kingarms.ee\/lt\/wp-json\/wp\/v2\/product_brand?post=146633"},{"taxonomy":"product_cat","embeddable":true,"href":"https:\/\/kingarms.ee\/lt\/wp-json\/wp\/v2\/product_cat?post=146633"},{"taxonomy":"product_tag","embeddable":true,"href":"https:\/\/kingarms.ee\/lt\/wp-json\/wp\/v2\/product_tag?post=146633"}],"curies":[{"name":"wp","href":"https:\/\/api.w.org\/{rel}","templated":true}]}}