{"id":146637,"date":"2020-02-27T18:50:36","date_gmt":"2025-03-08T12:07:08","guid":{"rendered":"https:\/\/kingarms.ee\/product\/colt-1911-reil\/"},"modified":"2025-03-08T15:07:08","modified_gmt":"2025-03-08T12:07:08","slug":"colt-1911-reil","status":"publish","type":"product","link":"https:\/\/kingarms.ee\/lt\/product\/colt-1911-reil\/","title":{"rendered":"COLT 1911 reil<br><br>"},"content":{"rendered":"<p><a href=\"https:\/\/kingarms.ee\/wp-content\/uploads\/2020\/02\/71Qh4zbCN2L._SL1500_2048x2048-300x300.jpg\"><img loading=\"lazy\" decoding=\"async\" class=\"alignnone size-medium wp-image-25460\" src=\"https:\/\/kingarms.ee\/wp-content\/uploads\/2020\/02\/71Qh4zbCN2L._SL1500_2048x2048-300x300.jpg\" alt=\"\" width=\"300\" height=\"300\" srcset=\"https:\/\/kingarms.ee\/wp-content\/uploads\/2020\/02\/71Qh4zbCN2L._SL1500_2048x2048-300x300.jpg 300w, https:\/\/kingarms.ee\/wp-content\/uploads\/2020\/02\/71Qh4zbCN2L._SL1500_2048x2048-150x150.jpg 150w, https:\/\/kingarms.ee\/wp-content\/uploads\/2020\/02\/71Qh4zbCN2L._SL1500_2048x2048-500x500.jpg 500w, https:\/\/kingarms.ee\/wp-content\/uploads\/2020\/02\/71Qh4zbCN2L._SL1500_2048x2048-768x768.jpg 768w, https:\/\/kingarms.ee\/wp-content\/uploads\/2020\/02\/71Qh4zbCN2L._SL1500_2048x2048.jpg 1024w\" sizes=\"auto, (max-width: 300px) 100vw, 300px\" \/><\/a><\/p>\n","protected":false},"excerpt":{"rendered":"<p>COLT 1911 reil yra pagamintas i\u0161 ABS med\u017eiagos.<\/p>\n<p> Diegimas gali b\u016bti per\u017ei\u016br\u0117tas paveiksl\u0117lyje.<\/p>\n<p>Gamintojas: ELEMENT<\/p>\n","protected":false},"featured_media":112023,"template":"","meta":{"_acf_changed":false},"product_brand":[],"product_cat":[1207],"product_tag":[],"class_list":{"0":"post-146637","1":"product","2":"type-product","3":"status-publish","4":"has-post-thumbnail","6":"product_cat-rankenos-ziedai-dirzai","8":"first","9":"instock","10":"sale","11":"taxable","12":"shipping-taxable","13":"purchasable","14":"product-type-simple"},"acf":[],"_links":{"self":[{"href":"https:\/\/kingarms.ee\/lt\/wp-json\/wp\/v2\/product\/146637","targetHints":{"allow":["GET"]}}],"collection":[{"href":"https:\/\/kingarms.ee\/lt\/wp-json\/wp\/v2\/product"}],"about":[{"href":"https:\/\/kingarms.ee\/lt\/wp-json\/wp\/v2\/types\/product"}],"wp:featuredmedia":[{"embeddable":true,"href":"https:\/\/kingarms.ee\/lt\/wp-json\/wp\/v2\/media\/112023"}],"wp:attachment":[{"href":"https:\/\/kingarms.ee\/lt\/wp-json\/wp\/v2\/media?parent=146637"}],"wp:term":[{"taxonomy":"product_brand","embeddable":true,"href":"https:\/\/kingarms.ee\/lt\/wp-json\/wp\/v2\/product_brand?post=146637"},{"taxonomy":"product_cat","embeddable":true,"href":"https:\/\/kingarms.ee\/lt\/wp-json\/wp\/v2\/product_cat?post=146637"},{"taxonomy":"product_tag","embeddable":true,"href":"https:\/\/kingarms.ee\/lt\/wp-json\/wp\/v2\/product_tag?post=146637"}],"curies":[{"name":"wp","href":"https:\/\/api.w.org\/{rel}","templated":true}]}}