{"id":146647,"date":"2020-01-03T19:44:45","date_gmt":"2025-03-08T12:25:41","guid":{"rendered":"https:\/\/kingarms.ee\/product\/salmo-dangtelis-multicam\/"},"modified":"2025-03-08T15:25:41","modified_gmt":"2025-03-08T12:25:41","slug":"salmo-dangtelis-multicam","status":"publish","type":"product","link":"https:\/\/kingarms.ee\/lt\/product\/salmo-dangtelis-multicam\/","title":{"rendered":"\u0160almo Dangtelis-Multicam<br><br>"},"content":{"rendered":"<p><a href=\"https:\/\/kingarms.ee\/wp-content\/uploads\/2020\/01\/5c46ee635330a-300x210.png\"><img loading=\"lazy\" decoding=\"async\" class=\"alignnone size-medium wp-image-25020\" src=\"https:\/\/kingarms.ee\/wp-content\/uploads\/2020\/01\/5c46ee635330a-300x210.png\" alt=\"\" width=\"300\" height=\"210\" srcset=\"https:\/\/kingarms.ee\/wp-content\/uploads\/2020\/01\/5c46ee635330a-300x210.png 300w, https:\/\/kingarms.ee\/wp-content\/uploads\/2020\/01\/5c46ee635330a-150x105.png 150w, https:\/\/kingarms.ee\/wp-content\/uploads\/2020\/01\/5c46ee635330a-500x350.png 500w, https:\/\/kingarms.ee\/wp-content\/uploads\/2020\/01\/5c46ee635330a.png 750w\" sizes=\"auto, (max-width: 300px) 100vw, 300px\" \/><\/a><\/p>\n","protected":false},"excerpt":{"rendered":"<p>\u0160almo Dangtelis-Multicam<\/p>\n<p>Multicam (MC) \u0161almo dangtelis greito tipo \u0161almams.<\/p>\n<p> NB!<\/p>\n<p> \u0160almas n\u0117ra \u012ftrauktas.<\/p>\n","protected":false},"featured_media":111899,"template":"","meta":{"_acf_changed":false},"product_brand":[],"product_cat":[1217],"product_tag":[],"class_list":{"0":"post-146647","1":"product","2":"type-product","3":"status-publish","4":"has-post-thumbnail","6":"product_cat-salmo-laikikliai","8":"first","9":"onbackorder","10":"taxable","11":"shipping-taxable","12":"product-type-simple"},"acf":[],"_links":{"self":[{"href":"https:\/\/kingarms.ee\/lt\/wp-json\/wp\/v2\/product\/146647","targetHints":{"allow":["GET"]}}],"collection":[{"href":"https:\/\/kingarms.ee\/lt\/wp-json\/wp\/v2\/product"}],"about":[{"href":"https:\/\/kingarms.ee\/lt\/wp-json\/wp\/v2\/types\/product"}],"wp:featuredmedia":[{"embeddable":true,"href":"https:\/\/kingarms.ee\/lt\/wp-json\/wp\/v2\/media\/111899"}],"wp:attachment":[{"href":"https:\/\/kingarms.ee\/lt\/wp-json\/wp\/v2\/media?parent=146647"}],"wp:term":[{"taxonomy":"product_brand","embeddable":true,"href":"https:\/\/kingarms.ee\/lt\/wp-json\/wp\/v2\/product_brand?post=146647"},{"taxonomy":"product_cat","embeddable":true,"href":"https:\/\/kingarms.ee\/lt\/wp-json\/wp\/v2\/product_cat?post=146647"},{"taxonomy":"product_tag","embeddable":true,"href":"https:\/\/kingarms.ee\/lt\/wp-json\/wp\/v2\/product_tag?post=146647"}],"curies":[{"name":"wp","href":"https:\/\/api.w.org\/{rel}","templated":true}]}}