{"id":146652,"date":"2020-01-03T15:34:21","date_gmt":"2025-03-08T12:37:44","guid":{"rendered":"https:\/\/kingarms.ee\/product\/gaisro-keitiklio-plokste-mp5\/"},"modified":"2025-03-08T15:37:44","modified_gmt":"2025-03-08T12:37:44","slug":"gaisro-keitiklio-plokste-mp5","status":"publish","type":"product","link":"https:\/\/kingarms.ee\/lt\/product\/gaisro-keitiklio-plokste-mp5\/","title":{"rendered":"Gaisro keitiklio plok\u0161t\u0117 (MP5)<br><br>"},"content":{"rendered":"<p><a href=\"https:\/\/kingarms.ee\/wp-content\/uploads\/2020\/01\/eng_pl_Guarder-Anti-Heat-Selector-Plate-for-MP5-GE-07-13-3905_1-300x175.jpg\"><img loading=\"lazy\" decoding=\"async\" class=\"alignnone size-medium wp-image-24966\" src=\"https:\/\/kingarms.ee\/wp-content\/uploads\/2020\/01\/eng_pl_Guarder-Anti-Heat-Selector-Plate-for-MP5-GE-07-13-3905_1-300x175.jpg\" alt=\"\" width=\"300\" height=\"175\" srcset=\"https:\/\/kingarms.ee\/wp-content\/uploads\/2020\/01\/eng_pl_Guarder-Anti-Heat-Selector-Plate-for-MP5-GE-07-13-3905_1-300x175.jpg 300w, https:\/\/kingarms.ee\/wp-content\/uploads\/2020\/01\/eng_pl_Guarder-Anti-Heat-Selector-Plate-for-MP5-GE-07-13-3905_1-150x87.jpg 150w, https:\/\/kingarms.ee\/wp-content\/uploads\/2020\/01\/eng_pl_Guarder-Anti-Heat-Selector-Plate-for-MP5-GE-07-13-3905_1-500x291.jpg 500w, https:\/\/kingarms.ee\/wp-content\/uploads\/2020\/01\/eng_pl_Guarder-Anti-Heat-Selector-Plate-for-MP5-GE-07-13-3905_1.jpg 700w\" sizes=\"auto, (max-width: 300px) 100vw, 300px\" \/><\/a><\/p>\n","protected":false},"excerpt":{"rendered":"<p>Tule onomberseaduri augal\u0173 (Gaisro re\u017eimas selektorius plok\u0161t\u0117) MY5 relvale tootjalt ta\u0161kas.<\/p>\n","protected":false},"featured_media":111887,"template":"","meta":{"_acf_changed":false},"product_brand":[],"product_cat":[1273,1250],"product_tag":[],"class_list":{"0":"post-146652","1":"product","2":"type-product","3":"status-publish","4":"has-post-thumbnail","6":"product_cat-atsargines-dalys","7":"product_cat-derinimas","9":"first","10":"instock","11":"taxable","12":"shipping-taxable","13":"purchasable","14":"product-type-simple"},"acf":[],"_links":{"self":[{"href":"https:\/\/kingarms.ee\/lt\/wp-json\/wp\/v2\/product\/146652","targetHints":{"allow":["GET"]}}],"collection":[{"href":"https:\/\/kingarms.ee\/lt\/wp-json\/wp\/v2\/product"}],"about":[{"href":"https:\/\/kingarms.ee\/lt\/wp-json\/wp\/v2\/types\/product"}],"wp:featuredmedia":[{"embeddable":true,"href":"https:\/\/kingarms.ee\/lt\/wp-json\/wp\/v2\/media\/111887"}],"wp:attachment":[{"href":"https:\/\/kingarms.ee\/lt\/wp-json\/wp\/v2\/media?parent=146652"}],"wp:term":[{"taxonomy":"product_brand","embeddable":true,"href":"https:\/\/kingarms.ee\/lt\/wp-json\/wp\/v2\/product_brand?post=146652"},{"taxonomy":"product_cat","embeddable":true,"href":"https:\/\/kingarms.ee\/lt\/wp-json\/wp\/v2\/product_cat?post=146652"},{"taxonomy":"product_tag","embeddable":true,"href":"https:\/\/kingarms.ee\/lt\/wp-json\/wp\/v2\/product_tag?post=146652"}],"curies":[{"name":"wp","href":"https:\/\/api.w.org\/{rel}","templated":true}]}}