{"id":146666,"date":"2018-08-31T08:08:33","date_gmt":"2025-03-08T12:50:48","guid":{"rendered":"https:\/\/kingarms.ee\/product\/trivietis-mp5-t-umppi-zurnalas-pocket-olive\/"},"modified":"2025-03-08T15:50:48","modified_gmt":"2025-03-08T12:50:48","slug":"trivietis-mp5-t-umppi-zurnalas-pocket-olive","status":"publish","type":"product","link":"https:\/\/kingarms.ee\/lt\/product\/trivietis-mp5-t-umppi-zurnalas-pocket-olive\/","title":{"rendered":"Trivietis MP5 t umppi \u017eurnalas Pocket Olive<br><br>"},"content":{"rendered":"<p><a href=\"https:\/\/kingarms.ee\/wp-content\/uploads\/2018\/02\/1152207719_1.jpg\"><img loading=\"lazy\" decoding=\"async\" class=\"alignnone size-medium wp-image-690\" src=\"https:\/\/kingarms.ee\/wp-content\/uploads\/2018\/02\/1152207719_1-300x200.jpg\" alt=\"\" width=\"300\" height=\"200\"><\/a><\/p>\n","protected":false},"excerpt":{"rendered":"<p>Trivietis MP5 t umppi \u017eurnalas Pocket Olive<\/p>\n<p><span title=\"\">\u0160i ki\u0161en\u0117 tinka Flyye Industries MP5 arba MP9 skyriams.<\/p>\n<p><\/span> <span title=\"\">D\u0117\u017eut\u0117s ki\u0161en\u0117je vir\u0161uje yra u\u017esegamas u\u017esegimas, o gaminyje yra MOLLE tvirtinimo detal\u0117s.<\/p>\n<p><\/span><\/p>\n","protected":false},"featured_media":105320,"template":"","meta":{"_acf_changed":false},"product_brand":[],"product_cat":[1240],"product_tag":[],"class_list":{"0":"post-146666","1":"product","2":"type-product","3":"status-publish","4":"has-post-thumbnail","6":"product_cat-maiseliai-krepsiai-ir-dirzeliai","8":"first","9":"instock","10":"purchasable","11":"product-type-simple"},"acf":[],"_links":{"self":[{"href":"https:\/\/kingarms.ee\/lt\/wp-json\/wp\/v2\/product\/146666","targetHints":{"allow":["GET"]}}],"collection":[{"href":"https:\/\/kingarms.ee\/lt\/wp-json\/wp\/v2\/product"}],"about":[{"href":"https:\/\/kingarms.ee\/lt\/wp-json\/wp\/v2\/types\/product"}],"wp:featuredmedia":[{"embeddable":true,"href":"https:\/\/kingarms.ee\/lt\/wp-json\/wp\/v2\/media\/105320"}],"wp:attachment":[{"href":"https:\/\/kingarms.ee\/lt\/wp-json\/wp\/v2\/media?parent=146666"}],"wp:term":[{"taxonomy":"product_brand","embeddable":true,"href":"https:\/\/kingarms.ee\/lt\/wp-json\/wp\/v2\/product_brand?post=146666"},{"taxonomy":"product_cat","embeddable":true,"href":"https:\/\/kingarms.ee\/lt\/wp-json\/wp\/v2\/product_cat?post=146666"},{"taxonomy":"product_tag","embeddable":true,"href":"https:\/\/kingarms.ee\/lt\/wp-json\/wp\/v2\/product_tag?post=146666"}],"curies":[{"name":"wp","href":"https:\/\/api.w.org\/{rel}","templated":true}]}}