{"id":146679,"date":"2019-11-20T14:32:02","date_gmt":"2025-03-08T13:07:08","guid":{"rendered":"https:\/\/kingarms.ee\/product\/gumines-pirstines-kisene\/"},"modified":"2025-03-08T16:07:08","modified_gmt":"2025-03-08T13:07:08","slug":"gumines-pirstines-kisene","status":"publish","type":"product","link":"https:\/\/kingarms.ee\/lt\/product\/gumines-pirstines-kisene\/","title":{"rendered":"Gumin\u0117s pir\u0161tin\u0117s ki\u0161en\u0117<br><br>"},"content":{"rendered":"<p><a href=\"https:\/\/kingarms.ee\/wp-content\/uploads\/2019\/11\/16256002-240x300.jpg\"><img loading=\"lazy\" decoding=\"async\" class=\"alignnone size-medium wp-image-22722\" src=\"https:\/\/kingarms.ee\/wp-content\/uploads\/2019\/11\/16256002-240x300.jpg\" alt=\"\" width=\"240\" height=\"300\" srcset=\"https:\/\/kingarms.ee\/wp-content\/uploads\/2019\/11\/16256002-240x300.jpg 240w, https:\/\/kingarms.ee\/wp-content\/uploads\/2019\/11\/16256002-150x188.jpg 150w, https:\/\/kingarms.ee\/wp-content\/uploads\/2019\/11\/16256002.jpg 295w\" sizes=\"auto, (max-width: 240px) 100vw, 240px\" \/><\/a><\/p>\n","protected":false},"excerpt":{"rendered":"<p>Ki\u0161en\u0117 gumin\u0117ms pir\u0161tin\u0117ms.<\/p>\n<p>Med\u017eiaga: Polipropilenas<\/p>\n<p>Spalva: Juoda<\/p>\n<p>Matmenys: 75 mm 95 mm<\/p>\n<p>Gamintojas: Mil-Tec (Vokietija)<\/p>\n","protected":false},"featured_media":111841,"template":"","meta":{"_acf_changed":false},"product_brand":[],"product_cat":[1255],"product_tag":[],"class_list":{"0":"post-146679","1":"product","2":"type-product","3":"status-publish","4":"has-post-thumbnail","6":"product_cat-drabuziai","8":"first","9":"instock","10":"taxable","11":"shipping-taxable","12":"purchasable","13":"product-type-simple"},"acf":[],"_links":{"self":[{"href":"https:\/\/kingarms.ee\/lt\/wp-json\/wp\/v2\/product\/146679","targetHints":{"allow":["GET"]}}],"collection":[{"href":"https:\/\/kingarms.ee\/lt\/wp-json\/wp\/v2\/product"}],"about":[{"href":"https:\/\/kingarms.ee\/lt\/wp-json\/wp\/v2\/types\/product"}],"wp:featuredmedia":[{"embeddable":true,"href":"https:\/\/kingarms.ee\/lt\/wp-json\/wp\/v2\/media\/111841"}],"wp:attachment":[{"href":"https:\/\/kingarms.ee\/lt\/wp-json\/wp\/v2\/media?parent=146679"}],"wp:term":[{"taxonomy":"product_brand","embeddable":true,"href":"https:\/\/kingarms.ee\/lt\/wp-json\/wp\/v2\/product_brand?post=146679"},{"taxonomy":"product_cat","embeddable":true,"href":"https:\/\/kingarms.ee\/lt\/wp-json\/wp\/v2\/product_cat?post=146679"},{"taxonomy":"product_tag","embeddable":true,"href":"https:\/\/kingarms.ee\/lt\/wp-json\/wp\/v2\/product_tag?post=146679"}],"curies":[{"name":"wp","href":"https:\/\/api.w.org\/{rel}","templated":true}]}}