{"id":146687,"date":"2019-10-31T18:36:39","date_gmt":"2025-03-08T15:30:38","guid":{"rendered":"https:\/\/kingarms.ee\/product\/cm356m-cyma-2\/"},"modified":"2025-03-08T18:30:38","modified_gmt":"2025-03-08T15:30:38","slug":"cm356m-cyma-2","status":"publish","type":"product","link":"https:\/\/kingarms.ee\/lt\/product\/cm356m-cyma-2\/","title":{"rendered":"CM356M (Cyma)<br><br>"},"content":{"rendered":"<p><a href=\"https:\/\/kingarms.ee\/wp-content\/uploads\/2019\/10\/FB35651-300x184.jpg\"><img loading=\"lazy\" decoding=\"async\" class=\"alignnone size-medium wp-image-19147\" src=\"https:\/\/kingarms.ee\/wp-content\/uploads\/2019\/10\/FB35651-300x184.jpg\" alt=\"\" width=\"300\" height=\"184\" srcset=\"https:\/\/kingarms.ee\/wp-content\/uploads\/2019\/10\/FB35651-300x184.jpg 300w, https:\/\/kingarms.ee\/wp-content\/uploads\/2019\/10\/FB35651-150x92.jpg 150w, https:\/\/kingarms.ee\/wp-content\/uploads\/2019\/10\/FB35651-500x306.jpg 500w, https:\/\/kingarms.ee\/wp-content\/uploads\/2019\/10\/FB35651-768x470.jpg 768w, https:\/\/kingarms.ee\/wp-content\/uploads\/2019\/10\/FB35651.jpg 800w\" sizes=\"auto, (max-width: 300px) 100vw, 300px\" \/><\/a><\/p>\n","protected":false},"excerpt":{"rendered":"<p>CM356M (Cyma)<\/p>\n<p>Puiki kopija 1: 1 vieno i\u0161 populiariausi\u0173 ginkl\u0173, kuriuos naudoja civiliai, policija ar kariuomen\u0117.<\/p>\n<p> CYMA suk\u016br\u0117 specialiai airsoft rinkai skirt\u0105 kopij\u0105.<\/p>\n<p> Kaip ir kitose \u0161io gamintojo kopijose, \u0161autuvas \u0161iuo atveju turi patikim\u0105 mechanizm\u0105-spyruoklin\u0119 maitinimo sistem\u0105.<\/p>\n<p> Ginklas pagamintas i\u0161 metalo ir polimero<\/p>\n<p>\u0160audymo greitis: 92m \/ s<\/p>\n<p>Svoris: 2600g<\/p>\n<p>Komplekt\u0105 sudaro 3 kaset\u0117s (1 kaset\u0117je yra 30 kulk\u0173), tvarkymo lapas, \u0161autuvas<\/p>\n<p><span style=\"color: #ff0000;\">NB!<\/p>\n<p> Garantija 3 metai<\/p>\n<p><\/span><\/p>\n","protected":false},"featured_media":111501,"template":"","meta":{"_acf_changed":false},"product_brand":[],"product_cat":[1140],"product_tag":[],"class_list":{"0":"post-146687","1":"product","2":"type-product","3":"status-publish","4":"has-post-thumbnail","6":"product_cat-sautuvai","8":"first","9":"onbackorder","10":"taxable","11":"shipping-taxable","12":"product-type-simple"},"acf":[],"_links":{"self":[{"href":"https:\/\/kingarms.ee\/lt\/wp-json\/wp\/v2\/product\/146687","targetHints":{"allow":["GET"]}}],"collection":[{"href":"https:\/\/kingarms.ee\/lt\/wp-json\/wp\/v2\/product"}],"about":[{"href":"https:\/\/kingarms.ee\/lt\/wp-json\/wp\/v2\/types\/product"}],"wp:featuredmedia":[{"embeddable":true,"href":"https:\/\/kingarms.ee\/lt\/wp-json\/wp\/v2\/media\/111501"}],"wp:attachment":[{"href":"https:\/\/kingarms.ee\/lt\/wp-json\/wp\/v2\/media?parent=146687"}],"wp:term":[{"taxonomy":"product_brand","embeddable":true,"href":"https:\/\/kingarms.ee\/lt\/wp-json\/wp\/v2\/product_brand?post=146687"},{"taxonomy":"product_cat","embeddable":true,"href":"https:\/\/kingarms.ee\/lt\/wp-json\/wp\/v2\/product_cat?post=146687"},{"taxonomy":"product_tag","embeddable":true,"href":"https:\/\/kingarms.ee\/lt\/wp-json\/wp\/v2\/product_tag?post=146687"}],"curies":[{"name":"wp","href":"https:\/\/api.w.org\/{rel}","templated":true}]}}