{"id":146691,"date":"2019-10-25T13:00:03","date_gmt":"2025-03-08T15:42:28","guid":{"rendered":"https:\/\/kingarms.ee\/product\/ak-ris-reil-metalas\/"},"modified":"2025-03-08T18:42:28","modified_gmt":"2025-03-08T15:42:28","slug":"ak-ris-reil-metalas","status":"publish","type":"product","link":"https:\/\/kingarms.ee\/lt\/product\/ak-ris-reil-metalas\/","title":{"rendered":"AK RIS reil (metalas)<br><br>"},"content":{"rendered":"<p><a href=\"https:\/\/kingarms.ee\/wp-content\/uploads\/2019\/10\/M516152412-300x225.jpg\"><img loading=\"lazy\" decoding=\"async\" class=\"alignnone size-medium wp-image-19059\" src=\"https:\/\/kingarms.ee\/wp-content\/uploads\/2019\/10\/M516152412-300x225.jpg\" alt=\"\" width=\"300\" height=\"225\" srcset=\"https:\/\/kingarms.ee\/wp-content\/uploads\/2019\/10\/M516152412-300x225.jpg 300w, https:\/\/kingarms.ee\/wp-content\/uploads\/2019\/10\/M516152412-150x113.jpg 150w, https:\/\/kingarms.ee\/wp-content\/uploads\/2019\/10\/M516152412-500x375.jpg 500w, https:\/\/kingarms.ee\/wp-content\/uploads\/2019\/10\/M516152412-600x450.jpg 600w, https:\/\/kingarms.ee\/wp-content\/uploads\/2019\/10\/M516152412.jpg 640w\" sizes=\"auto, (max-width: 300px) 100vw, 300px\" \/><\/a><\/p>\n","protected":false},"excerpt":{"rendered":"<p>AK Tipo ginklams ris reil.<\/p>\n<p>Tinka \u0161aunamajam ginklui, pagamintam i\u0161 6061-T6 med\u017eiagos.<\/p>\n","protected":false},"featured_media":111457,"template":"","meta":{"_acf_changed":false},"product_brand":[],"product_cat":[1274],"product_tag":[],"class_list":{"0":"post-146691","1":"product","2":"type-product","3":"status-publish","4":"has-post-thumbnail","6":"product_cat-kita-lt","8":"first","9":"instock","10":"taxable","11":"shipping-taxable","12":"purchasable","13":"product-type-simple"},"acf":[],"_links":{"self":[{"href":"https:\/\/kingarms.ee\/lt\/wp-json\/wp\/v2\/product\/146691","targetHints":{"allow":["GET"]}}],"collection":[{"href":"https:\/\/kingarms.ee\/lt\/wp-json\/wp\/v2\/product"}],"about":[{"href":"https:\/\/kingarms.ee\/lt\/wp-json\/wp\/v2\/types\/product"}],"wp:featuredmedia":[{"embeddable":true,"href":"https:\/\/kingarms.ee\/lt\/wp-json\/wp\/v2\/media\/111457"}],"wp:attachment":[{"href":"https:\/\/kingarms.ee\/lt\/wp-json\/wp\/v2\/media?parent=146691"}],"wp:term":[{"taxonomy":"product_brand","embeddable":true,"href":"https:\/\/kingarms.ee\/lt\/wp-json\/wp\/v2\/product_brand?post=146691"},{"taxonomy":"product_cat","embeddable":true,"href":"https:\/\/kingarms.ee\/lt\/wp-json\/wp\/v2\/product_cat?post=146691"},{"taxonomy":"product_tag","embeddable":true,"href":"https:\/\/kingarms.ee\/lt\/wp-json\/wp\/v2\/product_tag?post=146691"}],"curies":[{"name":"wp","href":"https:\/\/api.w.org\/{rel}","templated":true}]}}