{"id":146693,"date":"2020-06-01T16:20:00","date_gmt":"2020-06-01T13:20:00","guid":{"rendered":"https:\/\/kingarms.ee\/product\/rk74-e-g-amp-g\/"},"modified":"2025-03-08T18:52:44","modified_gmt":"2025-03-08T15:52:44","slug":"rk74-e-g-amp-g","status":"publish","type":"product","link":"https:\/\/kingarms.ee\/lt\/product\/rk74-e-g-amp-g\/","title":{"rendered":"RK74 E G &amp; amp; G<br><br>"},"content":{"rendered":"<p><a href=\"https:\/\/kingarms.ee\/wp-content\/uploads\/2020\/06\/gg-electric-rifle-rk74-e-gg-rk74e-300x300.jpg\"><img loading=\"lazy\" decoding=\"async\" class=\"alignnone size-medium\" src=\"https:\/\/kingarms.ee\/wp-content\/uploads\/2020\/06\/gg-electric-rifle-rk74-e-gg-rk74e-300x300.jpg\" alt=\"\" width=\"300\" height=\"300\"><\/a><\/p>\n","protected":false},"excerpt":{"rendered":"<p>RK74 E G &amp; amp; G<\/p>\n<p>Pilnas metalinis korpusas<\/p>\n<p>115 raund\u0173 \u017eurnalas<\/p>\n<p>Aliuminio UIP<\/p>\n<p>Reguliuojamas priekinis taikiklis<\/p>\n<p>Apverstas galinis vaizdas<\/p>\n<p>Reguliuojamas hopup<\/p>\n<p>Mosfet ir etu<\/p>\n<p>I\u0161traukiamos atsargos<\/p>\n<p>Baterija ir akumuliatoriaus \u012fkroviklis ne\u012fskai\u010diuoti<\/p>\n<p>Ilgis 810-900mm<\/p>\n<p>Svoris 2980g<\/p>\n","protected":false},"featured_media":154931,"template":"","meta":{"_acf_changed":false},"product_brand":[],"product_cat":[1139],"product_tag":[1318],"class_list":{"0":"post-146693","1":"product","2":"type-product","3":"status-publish","4":"has-post-thumbnail","6":"product_cat-elektro-pneumatiniai-ginklai","7":"product_tag-4blss3ph-lt","9":"first","10":"onbackorder","11":"taxable","12":"shipping-taxable","13":"product-type-simple"},"acf":[],"_links":{"self":[{"href":"https:\/\/kingarms.ee\/lt\/wp-json\/wp\/v2\/product\/146693","targetHints":{"allow":["GET"]}}],"collection":[{"href":"https:\/\/kingarms.ee\/lt\/wp-json\/wp\/v2\/product"}],"about":[{"href":"https:\/\/kingarms.ee\/lt\/wp-json\/wp\/v2\/types\/product"}],"wp:featuredmedia":[{"embeddable":true,"href":"https:\/\/kingarms.ee\/lt\/wp-json\/wp\/v2\/media\/154931"}],"wp:attachment":[{"href":"https:\/\/kingarms.ee\/lt\/wp-json\/wp\/v2\/media?parent=146693"}],"wp:term":[{"taxonomy":"product_brand","embeddable":true,"href":"https:\/\/kingarms.ee\/lt\/wp-json\/wp\/v2\/product_brand?post=146693"},{"taxonomy":"product_cat","embeddable":true,"href":"https:\/\/kingarms.ee\/lt\/wp-json\/wp\/v2\/product_cat?post=146693"},{"taxonomy":"product_tag","embeddable":true,"href":"https:\/\/kingarms.ee\/lt\/wp-json\/wp\/v2\/product_tag?post=146693"}],"curies":[{"name":"wp","href":"https:\/\/api.w.org\/{rel}","templated":true}]}}