{"id":146698,"date":"2020-06-01T16:20:00","date_gmt":"2020-06-01T13:20:00","guid":{"rendered":"https:\/\/kingarms.ee\/product\/neigaliuju-15-ar-g-amp-g\/"},"modified":"2025-03-08T19:06:43","modified_gmt":"2025-03-08T16:06:43","slug":"neigaliuju-15-ar-g-amp-g","status":"publish","type":"product","link":"https:\/\/kingarms.ee\/lt\/product\/neigaliuju-15-ar-g-amp-g\/","title":{"rendered":"Ne\u012fgali\u0173j\u0173 15 AR G &amp; amp; G<br><br>"},"content":{"rendered":"<p><a href=\"https:\/\/kingarms.ee\/wp-content\/uploads\/2020\/06\/gg-electric-rifle-pwd15-ar-gg-pdw15-ar-300x300.jpg\"><img loading=\"lazy\" decoding=\"async\" class=\"alignnone size-medium\" src=\"https:\/\/kingarms.ee\/wp-content\/uploads\/2020\/06\/gg-electric-rifle-pwd15-ar-gg-pdw15-ar-300x300.jpg\" alt=\"\" width=\"300\" height=\"300\"><\/a><\/p>\n","protected":false},"excerpt":{"rendered":"<p>Ne\u012fgali\u0173j\u0173 15 AR G &amp; amp; G<\/p>\n<p>Pilnas metalinis korpusas<\/p>\n<p>Keymod gele\u017einkeli\u0173 sistema<\/p>\n<p>300rds \u017eurnalas<\/p>\n<p>Sulankstomi ir reguliuojami taikikliai<\/p>\n<p>Reguliuojamas hopup<\/p>\n<p>Reguliuojamos PDV atsargos<\/p>\n<p>25000 rpm auk\u0161to sukimo momento ilgos a\u0161ies variklis<\/p>\n<p>Ilgis 690mm-780mm<\/p>\n<p>Svoris 2560g<\/p>\n<p>\u012etraukta baterija ir akumuliatoriaus \u012fkroviklis<\/p>\n","protected":false},"featured_media":155006,"template":"","meta":{"_acf_changed":false},"product_brand":[],"product_cat":[1139],"product_tag":[1318],"class_list":{"0":"post-146698","1":"product","2":"type-product","3":"status-publish","4":"has-post-thumbnail","6":"product_cat-elektro-pneumatiniai-ginklai","7":"product_tag-4blss3ph-lt","9":"first","10":"onbackorder","11":"taxable","12":"shipping-taxable","13":"product-type-simple"},"acf":[],"_links":{"self":[{"href":"https:\/\/kingarms.ee\/lt\/wp-json\/wp\/v2\/product\/146698","targetHints":{"allow":["GET"]}}],"collection":[{"href":"https:\/\/kingarms.ee\/lt\/wp-json\/wp\/v2\/product"}],"about":[{"href":"https:\/\/kingarms.ee\/lt\/wp-json\/wp\/v2\/types\/product"}],"wp:featuredmedia":[{"embeddable":true,"href":"https:\/\/kingarms.ee\/lt\/wp-json\/wp\/v2\/media\/155006"}],"wp:attachment":[{"href":"https:\/\/kingarms.ee\/lt\/wp-json\/wp\/v2\/media?parent=146698"}],"wp:term":[{"taxonomy":"product_brand","embeddable":true,"href":"https:\/\/kingarms.ee\/lt\/wp-json\/wp\/v2\/product_brand?post=146698"},{"taxonomy":"product_cat","embeddable":true,"href":"https:\/\/kingarms.ee\/lt\/wp-json\/wp\/v2\/product_cat?post=146698"},{"taxonomy":"product_tag","embeddable":true,"href":"https:\/\/kingarms.ee\/lt\/wp-json\/wp\/v2\/product_tag?post=146698"}],"curies":[{"name":"wp","href":"https:\/\/api.w.org\/{rel}","templated":true}]}}