{"id":146701,"date":"2019-10-11T16:43:52","date_gmt":"2025-03-08T16:23:07","guid":{"rendered":"https:\/\/kingarms.ee\/product\/tiksline-ziurke-metalas\/"},"modified":"2025-03-08T19:23:07","modified_gmt":"2025-03-08T16:23:07","slug":"tiksline-ziurke-metalas","status":"publish","type":"product","link":"https:\/\/kingarms.ee\/lt\/product\/tiksline-ziurke-metalas\/","title":{"rendered":"Tikslin\u0117 \u017diurk\u0117 (metalas)<br><br>"},"content":{"rendered":"<p><a href=\"https:\/\/kingarms.ee\/wp-content\/uploads\/2019\/10\/45348-NA-l-300x225.jpg\"><img loading=\"lazy\" decoding=\"async\" class=\"alignnone size-medium wp-image-18731\" src=\"https:\/\/kingarms.ee\/wp-content\/uploads\/2019\/10\/45348-NA-l-300x225.jpg\" alt=\"\" width=\"300\" height=\"225\" srcset=\"https:\/\/kingarms.ee\/wp-content\/uploads\/2019\/10\/45348-NA-l-300x225.jpg 300w, https:\/\/kingarms.ee\/wp-content\/uploads\/2019\/10\/45348-NA-l-150x113.jpg 150w, https:\/\/kingarms.ee\/wp-content\/uploads\/2019\/10\/45348-NA-l-500x375.jpg 500w, https:\/\/kingarms.ee\/wp-content\/uploads\/2019\/10\/45348-NA-l-768x576.jpg 768w, https:\/\/kingarms.ee\/wp-content\/uploads\/2019\/10\/45348-NA-l-600x450.jpg 600w, https:\/\/kingarms.ee\/wp-content\/uploads\/2019\/10\/45348-NA-l.jpg 980w\" sizes=\"auto, (max-width: 300px) 100vw, 300px\" \/><\/a><\/p>\n","protected":false},"excerpt":{"rendered":"<p>\u017diurk\u0117s formos oro ginkl\u0173 taikinys turi labai patvari\u0105 plienin\u0119 konstrukcij\u0105.<\/p>\n<p> Geltono \u017eenklelio dydis yra reguliuojamas 1,5 &#8211; 4 cm diapazone.<\/p>\n<p> Skirtas naudoti su alavo kamuoliukais.<\/p>\n<p> Fotografuojant plienin\u0117mis kulkomis, b\u016btinai reikia naudoti akinius, nes kulkos gali at\u0161okti.<\/p>\n<p> Komplekte taip pat yra 60 m laidas \u017eenkleliui traukti vertikaliai ir poliai \u017eenkleliui pritvirtinti prie \u017dem\u0117s.<\/p>\n<p>Rekomenduojamas minimalus \u0161audymo nuotolis: 9 m<\/p>\n<p>M antai: 17-19-20 cm<\/p>\n","protected":false},"featured_media":111308,"template":"","meta":{"_acf_changed":false},"product_brand":[],"product_cat":[1201],"product_tag":[],"class_list":{"0":"post-146701","1":"product","2":"type-product","3":"status-publish","4":"has-post-thumbnail","6":"product_cat-taikiniai","8":"first","9":"instock","10":"taxable","11":"shipping-taxable","12":"purchasable","13":"product-type-simple"},"acf":[],"_links":{"self":[{"href":"https:\/\/kingarms.ee\/lt\/wp-json\/wp\/v2\/product\/146701","targetHints":{"allow":["GET"]}}],"collection":[{"href":"https:\/\/kingarms.ee\/lt\/wp-json\/wp\/v2\/product"}],"about":[{"href":"https:\/\/kingarms.ee\/lt\/wp-json\/wp\/v2\/types\/product"}],"wp:featuredmedia":[{"embeddable":true,"href":"https:\/\/kingarms.ee\/lt\/wp-json\/wp\/v2\/media\/111308"}],"wp:attachment":[{"href":"https:\/\/kingarms.ee\/lt\/wp-json\/wp\/v2\/media?parent=146701"}],"wp:term":[{"taxonomy":"product_brand","embeddable":true,"href":"https:\/\/kingarms.ee\/lt\/wp-json\/wp\/v2\/product_brand?post=146701"},{"taxonomy":"product_cat","embeddable":true,"href":"https:\/\/kingarms.ee\/lt\/wp-json\/wp\/v2\/product_cat?post=146701"},{"taxonomy":"product_tag","embeddable":true,"href":"https:\/\/kingarms.ee\/lt\/wp-json\/wp\/v2\/product_tag?post=146701"}],"curies":[{"name":"wp","href":"https:\/\/api.w.org\/{rel}","templated":true}]}}