{"id":146715,"date":"2019-05-22T15:43:47","date_gmt":"2025-03-08T17:25:41","guid":{"rendered":"https:\/\/kingarms.ee\/product\/modulinis-slaunu-deklas-smelio-spalvos\/"},"modified":"2025-03-08T20:25:41","modified_gmt":"2025-03-08T17:25:41","slug":"modulinis-slaunu-deklas-smelio-spalvos","status":"publish","type":"product","link":"https:\/\/kingarms.ee\/lt\/product\/modulinis-slaunu-deklas-smelio-spalvos\/","title":{"rendered":"Modulinis \u0161laun\u0173 d\u0117klas-Sm\u0117lio spalvos<br><br>"},"content":{"rendered":"<p><a href=\"https:\/\/kingarms.ee\/wp-content\/uploads\/2019\/05\/1152191683_1-300x204.jpg\"><img loading=\"lazy\" decoding=\"async\" class=\"alignnone size-medium wp-image-15461\" src=\"https:\/\/kingarms.ee\/wp-content\/uploads\/2019\/05\/1152191683_1-300x204.jpg\" alt=\"\" width=\"300\" height=\"204\" srcset=\"https:\/\/kingarms.ee\/wp-content\/uploads\/2019\/05\/1152191683_1-300x204.jpg 300w, https:\/\/kingarms.ee\/wp-content\/uploads\/2019\/05\/1152191683_1-150x102.jpg 150w, https:\/\/kingarms.ee\/wp-content\/uploads\/2019\/05\/1152191683_1-500x341.jpg 500w, https:\/\/kingarms.ee\/wp-content\/uploads\/2019\/05\/1152191683_1-768x523.jpg 768w, https:\/\/kingarms.ee\/wp-content\/uploads\/2019\/05\/1152191683_1.jpg 800w\" sizes=\"auto, (max-width: 300px) 100vw, 300px\" \/><\/a><\/p>\n","protected":false},"excerpt":{"rendered":"<p>Modulaarne reie \u00fcmbris-Bee\u017e<\/p>\n<p>D\u0117klas pagamintas i\u0161 nailono.<\/p>\n<p> Juosmens dir\u017eas u\u017esegamas u\u017etrauktuku ir yra visi\u0161kai reguliuojamas.<\/p>\n<p> Dir\u017eo tvirtinimo dir\u017eas taip pat yra su u\u017etrauktuku, kuris leid\u017eia greitai nuimti d\u0117kl\u0105.<\/p>\n<p> D\u0117klas yra padengtas PALS juosta, kuri visame pavir\u0161iuje atitinka MOLLE standart\u0105.<\/p>\n<p> D\u0117klo rinkinyje taip pat yra pistoleto krep\u0161ys, d\u0117klo krep\u0161ys ir ma\u017eas krep\u0161ys, kurio dydis yra 100 900 25 mm.<\/p>\n","protected":false},"featured_media":109953,"template":"","meta":{"_acf_changed":false},"product_brand":[],"product_cat":[1163],"product_tag":[],"class_list":{"0":"post-146715","1":"product","2":"type-product","3":"status-publish","4":"has-post-thumbnail","6":"product_cat-kabur","8":"first","9":"onbackorder","10":"taxable","11":"shipping-taxable","12":"product-type-simple"},"acf":[],"_links":{"self":[{"href":"https:\/\/kingarms.ee\/lt\/wp-json\/wp\/v2\/product\/146715","targetHints":{"allow":["GET"]}}],"collection":[{"href":"https:\/\/kingarms.ee\/lt\/wp-json\/wp\/v2\/product"}],"about":[{"href":"https:\/\/kingarms.ee\/lt\/wp-json\/wp\/v2\/types\/product"}],"wp:featuredmedia":[{"embeddable":true,"href":"https:\/\/kingarms.ee\/lt\/wp-json\/wp\/v2\/media\/109953"}],"wp:attachment":[{"href":"https:\/\/kingarms.ee\/lt\/wp-json\/wp\/v2\/media?parent=146715"}],"wp:term":[{"taxonomy":"product_brand","embeddable":true,"href":"https:\/\/kingarms.ee\/lt\/wp-json\/wp\/v2\/product_brand?post=146715"},{"taxonomy":"product_cat","embeddable":true,"href":"https:\/\/kingarms.ee\/lt\/wp-json\/wp\/v2\/product_cat?post=146715"},{"taxonomy":"product_tag","embeddable":true,"href":"https:\/\/kingarms.ee\/lt\/wp-json\/wp\/v2\/product_tag?post=146715"}],"curies":[{"name":"wp","href":"https:\/\/api.w.org\/{rel}","templated":true}]}}