{"id":146726,"date":"2019-05-15T16:21:00","date_gmt":"2025-03-08T18:00:45","guid":{"rendered":"https:\/\/kingarms.ee\/product\/v2-silindripea-dvigubo-sandarinimo-cnc-shs\/"},"modified":"2025-03-08T21:00:45","modified_gmt":"2025-03-08T18:00:45","slug":"v2-silindripea-dvigubo-sandarinimo-cnc-shs","status":"publish","type":"product","link":"https:\/\/kingarms.ee\/lt\/product\/v2-silindripea-dvigubo-sandarinimo-cnc-shs\/","title":{"rendered":"V2 silindripea dvigubo sandarinimo CNC (SHS)<br><br>"},"content":{"rendered":"<p><a href=\"https:\/\/kingarms.ee\/wp-content\/uploads\/2019\/05\/1152204603_2-300x200.jpg\"><img loading=\"lazy\" decoding=\"async\" class=\"alignnone size-medium wp-image-15196\" src=\"https:\/\/kingarms.ee\/wp-content\/uploads\/2019\/05\/1152204603_2-300x200.jpg\" alt=\"\" width=\"300\" height=\"200\" srcset=\"https:\/\/kingarms.ee\/wp-content\/uploads\/2019\/05\/1152204603_2-300x200.jpg 300w, https:\/\/kingarms.ee\/wp-content\/uploads\/2019\/05\/1152204603_2-150x100.jpg 150w, https:\/\/kingarms.ee\/wp-content\/uploads\/2019\/05\/1152204603_2-500x333.jpg 500w, https:\/\/kingarms.ee\/wp-content\/uploads\/2019\/05\/1152204603_2-768x512.jpg 768w, https:\/\/kingarms.ee\/wp-content\/uploads\/2019\/05\/1152204603_2.jpg 800w\" sizes=\"auto, (max-width: 300px) 100vw, 300px\" \/><\/a><\/p>\n","protected":false},"excerpt":{"rendered":"<p>V2 silindripea dvigub\u0173 sandarinimo CNC (SHS)<\/p>\n<p>Dvigubo suspaudimo cilindro galvut\u0117, pagaminta i\u0161 auk\u0161tos kokyb\u0117s aliuminio, skirta M4 \/ M16 tipo ginklams.<\/p>\n<p> Jis pagamintas CNC stakl\u0117mis su dideliu tikslumu, kuris u\u017etikrina puik\u0173 der\u0117jim\u0105 su cilindru.<\/p>\n","protected":false},"featured_media":109863,"template":"","meta":{"_acf_changed":false},"product_brand":[],"product_cat":[1250],"product_tag":[],"class_list":{"0":"post-146726","1":"product","2":"type-product","3":"status-publish","4":"has-post-thumbnail","6":"product_cat-derinimas","8":"first","9":"instock","10":"taxable","11":"shipping-taxable","12":"purchasable","13":"product-type-simple"},"acf":[],"_links":{"self":[{"href":"https:\/\/kingarms.ee\/lt\/wp-json\/wp\/v2\/product\/146726","targetHints":{"allow":["GET"]}}],"collection":[{"href":"https:\/\/kingarms.ee\/lt\/wp-json\/wp\/v2\/product"}],"about":[{"href":"https:\/\/kingarms.ee\/lt\/wp-json\/wp\/v2\/types\/product"}],"wp:featuredmedia":[{"embeddable":true,"href":"https:\/\/kingarms.ee\/lt\/wp-json\/wp\/v2\/media\/109863"}],"wp:attachment":[{"href":"https:\/\/kingarms.ee\/lt\/wp-json\/wp\/v2\/media?parent=146726"}],"wp:term":[{"taxonomy":"product_brand","embeddable":true,"href":"https:\/\/kingarms.ee\/lt\/wp-json\/wp\/v2\/product_brand?post=146726"},{"taxonomy":"product_cat","embeddable":true,"href":"https:\/\/kingarms.ee\/lt\/wp-json\/wp\/v2\/product_cat?post=146726"},{"taxonomy":"product_tag","embeddable":true,"href":"https:\/\/kingarms.ee\/lt\/wp-json\/wp\/v2\/product_tag?post=146726"}],"curies":[{"name":"wp","href":"https:\/\/api.w.org\/{rel}","templated":true}]}}