{"id":146731,"date":"2019-04-18T21:52:45","date_gmt":"2025-03-08T18:13:47","guid":{"rendered":"https:\/\/kingarms.ee\/product\/vandens-maiselis-su-3l-turiniu-smelio-spalvos\/"},"modified":"2025-03-08T21:13:47","modified_gmt":"2025-03-08T18:13:47","slug":"vandens-maiselis-su-3l-turiniu-smelio-spalvos","status":"publish","type":"product","link":"https:\/\/kingarms.ee\/lt\/product\/vandens-maiselis-su-3l-turiniu-smelio-spalvos\/","title":{"rendered":"Vandens mai\u0161elis su 3l turiniu-Sm\u0117lio spalvos<br><br>"},"content":{"rendered":"<p><a href=\"https:\/\/kingarms.ee\/wp-content\/uploads\/2019\/04\/1152192239_1-300x204.jpg\"><img loading=\"lazy\" decoding=\"async\" class=\"alignnone size-medium wp-image-14435\" src=\"https:\/\/kingarms.ee\/wp-content\/uploads\/2019\/04\/1152192239_1-300x204.jpg\" alt=\"\" width=\"300\" height=\"204\" srcset=\"https:\/\/kingarms.ee\/wp-content\/uploads\/2019\/04\/1152192239_1-300x204.jpg 300w, https:\/\/kingarms.ee\/wp-content\/uploads\/2019\/04\/1152192239_1-150x102.jpg 150w, https:\/\/kingarms.ee\/wp-content\/uploads\/2019\/04\/1152192239_1-500x341.jpg 500w, https:\/\/kingarms.ee\/wp-content\/uploads\/2019\/04\/1152192239_1-768x523.jpg 768w, https:\/\/kingarms.ee\/wp-content\/uploads\/2019\/04\/1152192239_1.jpg 800w\" sizes=\"auto, (max-width: 300px) 100vw, 300px\" \/><\/a><\/p>\n","protected":false},"excerpt":{"rendered":"<p>Vandens mai\u0161elis su 3l turiniu-Sm\u0117lio spalvos<\/p>\n<p>2,5 l talpos vandens mai\u0161elis, kur\u012f galima ne\u0161iotis ir pritvirtinti prie liemen\u0117s.<\/p>\n","protected":false},"featured_media":109565,"template":"","meta":{"_acf_changed":false},"product_brand":[],"product_cat":[1240,1244],"product_tag":[],"class_list":{"0":"post-146731","1":"product","2":"type-product","3":"status-publish","4":"has-post-thumbnail","6":"product_cat-maiseliai-krepsiai-ir-dirzeliai","7":"product_cat-vandens-maiseliai","9":"first","10":"instock","11":"taxable","12":"shipping-taxable","13":"purchasable","14":"product-type-simple"},"acf":[],"_links":{"self":[{"href":"https:\/\/kingarms.ee\/lt\/wp-json\/wp\/v2\/product\/146731","targetHints":{"allow":["GET"]}}],"collection":[{"href":"https:\/\/kingarms.ee\/lt\/wp-json\/wp\/v2\/product"}],"about":[{"href":"https:\/\/kingarms.ee\/lt\/wp-json\/wp\/v2\/types\/product"}],"wp:featuredmedia":[{"embeddable":true,"href":"https:\/\/kingarms.ee\/lt\/wp-json\/wp\/v2\/media\/109565"}],"wp:attachment":[{"href":"https:\/\/kingarms.ee\/lt\/wp-json\/wp\/v2\/media?parent=146731"}],"wp:term":[{"taxonomy":"product_brand","embeddable":true,"href":"https:\/\/kingarms.ee\/lt\/wp-json\/wp\/v2\/product_brand?post=146731"},{"taxonomy":"product_cat","embeddable":true,"href":"https:\/\/kingarms.ee\/lt\/wp-json\/wp\/v2\/product_cat?post=146731"},{"taxonomy":"product_tag","embeddable":true,"href":"https:\/\/kingarms.ee\/lt\/wp-json\/wp\/v2\/product_tag?post=146731"}],"curies":[{"name":"wp","href":"https:\/\/api.w.org\/{rel}","templated":true}]}}