{"id":146732,"date":"2019-04-18T21:39:46","date_gmt":"2025-03-08T18:16:38","guid":{"rendered":"https:\/\/kingarms.ee\/product\/universal-schlaunatus\/"},"modified":"2025-03-08T21:16:38","modified_gmt":"2025-03-08T18:16:38","slug":"universal-schlaunatus","status":"publish","type":"product","link":"https:\/\/kingarms.ee\/lt\/product\/universal-schlaunatus\/","title":{"rendered":"Universal schlaunatus-<br><br>"},"content":{"rendered":"<p><a href=\"https:\/\/kingarms.ee\/wp-content\/uploads\/2019\/04\/1152190774_2-300x205.jpg\"><img loading=\"lazy\" decoding=\"async\" class=\"size-medium wp-image-14427\" src=\"https:\/\/kingarms.ee\/wp-content\/uploads\/2019\/04\/1152190774_2-300x205.jpg\" alt=\"\" width=\"300\" height=\"205\" srcset=\"https:\/\/kingarms.ee\/wp-content\/uploads\/2019\/04\/1152190774_2-300x205.jpg 300w, https:\/\/kingarms.ee\/wp-content\/uploads\/2019\/04\/1152190774_2-150x102.jpg 150w, https:\/\/kingarms.ee\/wp-content\/uploads\/2019\/04\/1152190774_2-500x341.jpg 500w, https:\/\/kingarms.ee\/wp-content\/uploads\/2019\/04\/1152190774_2.jpg 550w\" sizes=\"auto, (max-width: 300px) 100vw, 300px\" \/><\/a><\/p>\n","protected":false},"excerpt":{"rendered":"<p>Universaalne reiekabuur \u2013 Woodland<\/p>\n<p>Woodland v\u00e4rvi universaalne reiekabuur. Kabuuri on lihtne k\u00e4sitseda. Kasutaja saab vastavalt soovile ja v\u00f5imalustele eemaldada kui ka t\u00f5sta ringi kabuuri erinevaid osi. Kabuur on universaalne, mis sobib enamik p\u00fcstolitele. Ranken\u0105 aplink p\u0117d\u0105 galima lengvai nustatyti, Tinka tiek ma\u017eesniems, tiek didesniems \u017eaid\u0117jams.<\/p>\n","protected":false},"featured_media":109563,"template":"","meta":{"_acf_changed":false},"product_brand":[],"product_cat":[1163],"product_tag":[],"class_list":{"0":"post-146732","1":"product","2":"type-product","3":"status-publish","4":"has-post-thumbnail","6":"product_cat-kabur","8":"first","9":"onbackorder","10":"taxable","11":"shipping-taxable","12":"product-type-simple"},"acf":[],"_links":{"self":[{"href":"https:\/\/kingarms.ee\/lt\/wp-json\/wp\/v2\/product\/146732","targetHints":{"allow":["GET"]}}],"collection":[{"href":"https:\/\/kingarms.ee\/lt\/wp-json\/wp\/v2\/product"}],"about":[{"href":"https:\/\/kingarms.ee\/lt\/wp-json\/wp\/v2\/types\/product"}],"wp:featuredmedia":[{"embeddable":true,"href":"https:\/\/kingarms.ee\/lt\/wp-json\/wp\/v2\/media\/109563"}],"wp:attachment":[{"href":"https:\/\/kingarms.ee\/lt\/wp-json\/wp\/v2\/media?parent=146732"}],"wp:term":[{"taxonomy":"product_brand","embeddable":true,"href":"https:\/\/kingarms.ee\/lt\/wp-json\/wp\/v2\/product_brand?post=146732"},{"taxonomy":"product_cat","embeddable":true,"href":"https:\/\/kingarms.ee\/lt\/wp-json\/wp\/v2\/product_cat?post=146732"},{"taxonomy":"product_tag","embeddable":true,"href":"https:\/\/kingarms.ee\/lt\/wp-json\/wp\/v2\/product_tag?post=146732"}],"curies":[{"name":"wp","href":"https:\/\/api.w.org\/{rel}","templated":true}]}}