{"id":146734,"date":"2019-04-18T21:32:32","date_gmt":"2025-03-08T18:18:47","guid":{"rendered":"https:\/\/kingarms.ee\/product\/universali-slaunu-apykakle-juoda\/"},"modified":"2025-03-08T21:18:47","modified_gmt":"2025-03-08T18:18:47","slug":"universali-slaunu-apykakle-juoda","status":"publish","type":"product","link":"https:\/\/kingarms.ee\/lt\/product\/universali-slaunu-apykakle-juoda\/","title":{"rendered":"Universali \u0161laun\u0173 apykakl\u0117-Juoda<br><br>"},"content":{"rendered":"<p><a href=\"https:\/\/kingarms.ee\/wp-content\/uploads\/2019\/04\/1152190017_1-300x200.jpg\"><img loading=\"lazy\" decoding=\"async\" class=\"alignnone size-medium wp-image-14405\" src=\"https:\/\/kingarms.ee\/wp-content\/uploads\/2019\/04\/1152190017_1-300x200.jpg\" alt=\"\" width=\"300\" height=\"200\" srcset=\"https:\/\/kingarms.ee\/wp-content\/uploads\/2019\/04\/1152190017_1-300x200.jpg 300w, https:\/\/kingarms.ee\/wp-content\/uploads\/2019\/04\/1152190017_1-150x100.jpg 150w, https:\/\/kingarms.ee\/wp-content\/uploads\/2019\/04\/1152190017_1-500x333.jpg 500w, https:\/\/kingarms.ee\/wp-content\/uploads\/2019\/04\/1152190017_1-768x512.jpg 768w, https:\/\/kingarms.ee\/wp-content\/uploads\/2019\/04\/1152190017_1.jpg 800w\" sizes=\"auto, (max-width: 300px) 100vw, 300px\" \/><\/a><\/p>\n","protected":false},"excerpt":{"rendered":"<div class=\"woocommerce-product-details__short-description\">\n<p>Universali \u0161laun\u0173 apykakl\u0117-Juoda<\/p>\n<p>Universali juodos spalvos \u0161laun\u0173 apykakl\u0117.<\/p>\n<p> Kabuuri on lihtne k\u00e4sitseda. Kasutaja saab vastavalt soovile ja v\u00f5imalustele eemaldada kui ka t\u00f5sta ringi kabuuri erinevaid osi. Kabuur on universaalne, mis sobib enamik p\u00fcstolitele. Ranken\u0105 aplink p\u0117d\u0105 galima lengvai nustatyti, Tinka tiek ma\u017eesniems, tiek didesniems \u017eaid\u0117jams.<\/p>\n<\/div>\n","protected":false},"featured_media":109551,"template":"","meta":{"_acf_changed":false},"product_brand":[],"product_cat":[1163],"product_tag":[],"class_list":{"0":"post-146734","1":"product","2":"type-product","3":"status-publish","4":"has-post-thumbnail","6":"product_cat-kabur","8":"first","9":"instock","10":"taxable","11":"shipping-taxable","12":"purchasable","13":"product-type-simple"},"acf":[],"_links":{"self":[{"href":"https:\/\/kingarms.ee\/lt\/wp-json\/wp\/v2\/product\/146734","targetHints":{"allow":["GET"]}}],"collection":[{"href":"https:\/\/kingarms.ee\/lt\/wp-json\/wp\/v2\/product"}],"about":[{"href":"https:\/\/kingarms.ee\/lt\/wp-json\/wp\/v2\/types\/product"}],"wp:featuredmedia":[{"embeddable":true,"href":"https:\/\/kingarms.ee\/lt\/wp-json\/wp\/v2\/media\/109551"}],"wp:attachment":[{"href":"https:\/\/kingarms.ee\/lt\/wp-json\/wp\/v2\/media?parent=146734"}],"wp:term":[{"taxonomy":"product_brand","embeddable":true,"href":"https:\/\/kingarms.ee\/lt\/wp-json\/wp\/v2\/product_brand?post=146734"},{"taxonomy":"product_cat","embeddable":true,"href":"https:\/\/kingarms.ee\/lt\/wp-json\/wp\/v2\/product_cat?post=146734"},{"taxonomy":"product_tag","embeddable":true,"href":"https:\/\/kingarms.ee\/lt\/wp-json\/wp\/v2\/product_tag?post=146734"}],"curies":[{"name":"wp","href":"https:\/\/api.w.org\/{rel}","templated":true}]}}