{"id":146738,"date":"2019-04-04T23:52:42","date_gmt":"2025-03-08T18:28:22","guid":{"rendered":"https:\/\/kingarms.ee\/product\/zvilgsnio-apsauga-acm\/"},"modified":"2025-03-08T21:28:22","modified_gmt":"2025-03-08T18:28:22","slug":"zvilgsnio-apsauga-acm","status":"publish","type":"product","link":"https:\/\/kingarms.ee\/lt\/product\/zvilgsnio-apsauga-acm\/","title":{"rendered":"\u017dvilgsnio apsauga ACM<br><br>"},"content":{"rendered":"<p><a href=\"https:\/\/kingarms.ee\/wp-content\/uploads\/2019\/04\/AS.Q0421-300x225.jpg\"><img loading=\"lazy\" decoding=\"async\" class=\"alignnone size-medium wp-image-14298\" src=\"https:\/\/kingarms.ee\/wp-content\/uploads\/2019\/04\/AS.Q0421-300x225.jpg\" alt=\"\" width=\"300\" height=\"225\" srcset=\"https:\/\/kingarms.ee\/wp-content\/uploads\/2019\/04\/AS.Q0421-300x225.jpg 300w, https:\/\/kingarms.ee\/wp-content\/uploads\/2019\/04\/AS.Q0421-150x113.jpg 150w, https:\/\/kingarms.ee\/wp-content\/uploads\/2019\/04\/AS.Q0421-500x375.jpg 500w, https:\/\/kingarms.ee\/wp-content\/uploads\/2019\/04\/AS.Q0421-600x450.jpg 600w, https:\/\/kingarms.ee\/wp-content\/uploads\/2019\/04\/AS.Q0421.jpg 640w\" sizes=\"auto, (max-width: 300px) 100vw, 300px\" \/><\/a><\/p>\n","protected":false},"excerpt":{"rendered":"<p>\u017dvilgsnio apsauga ACM<\/p>\n<p>Reg\u0117jimo apsauga u\u017ededama ant rankos prie\u0161ais pirm\u0105j\u012f reg\u0117jimo objektyv\u0105, kad kulka nepataikyt\u0173 \u012f objektyv\u0105.<\/p>\n<p>Tvirtinimui nereikia joki\u0173 \u012franki\u0173.<\/p>\n<p> Galima sulankstyti ginkl\u0105 pagal apsaug\u0105 transportavimui.<\/p>\n<p>Funkcija:<\/p>\n<p>* Didelis objektyvo skersmuo tinka daugeliui optikos<\/p>\n<p>* Lengva \u012fdiegti<\/p>\n<p>* Sobib 20-23mm \/ aud\u0117jas \/ picatinny relsile<\/p>\n<p>* Sulankstomas<\/p>\n","protected":false},"featured_media":109538,"template":"","meta":{"_acf_changed":false},"product_brand":[],"product_cat":[1205],"product_tag":[],"class_list":{"0":"post-146738","1":"product","2":"type-product","3":"status-publish","4":"has-post-thumbnail","6":"product_cat-vaizdai-lt","8":"first","9":"instock","10":"sale","11":"taxable","12":"shipping-taxable","13":"purchasable","14":"product-type-simple"},"acf":[],"_links":{"self":[{"href":"https:\/\/kingarms.ee\/lt\/wp-json\/wp\/v2\/product\/146738","targetHints":{"allow":["GET"]}}],"collection":[{"href":"https:\/\/kingarms.ee\/lt\/wp-json\/wp\/v2\/product"}],"about":[{"href":"https:\/\/kingarms.ee\/lt\/wp-json\/wp\/v2\/types\/product"}],"wp:featuredmedia":[{"embeddable":true,"href":"https:\/\/kingarms.ee\/lt\/wp-json\/wp\/v2\/media\/109538"}],"wp:attachment":[{"href":"https:\/\/kingarms.ee\/lt\/wp-json\/wp\/v2\/media?parent=146738"}],"wp:term":[{"taxonomy":"product_brand","embeddable":true,"href":"https:\/\/kingarms.ee\/lt\/wp-json\/wp\/v2\/product_brand?post=146738"},{"taxonomy":"product_cat","embeddable":true,"href":"https:\/\/kingarms.ee\/lt\/wp-json\/wp\/v2\/product_cat?post=146738"},{"taxonomy":"product_tag","embeddable":true,"href":"https:\/\/kingarms.ee\/lt\/wp-json\/wp\/v2\/product_tag?post=146738"}],"curies":[{"name":"wp","href":"https:\/\/api.w.org\/{rel}","templated":true}]}}