{"id":146780,"date":"2019-03-03T17:03:18","date_gmt":"2025-03-08T19:31:12","guid":{"rendered":"https:\/\/kingarms.ee\/product\/disku-laikiklis-multicam\/"},"modified":"2025-03-08T22:31:12","modified_gmt":"2025-03-08T19:31:12","slug":"disku-laikiklis-multicam","status":"publish","type":"product","link":"https:\/\/kingarms.ee\/lt\/product\/disku-laikiklis-multicam\/","title":{"rendered":"Disk\u0173 laikiklis-multicam<br><br>"},"content":{"rendered":"<p><a href=\"https:\/\/kingarms.ee\/wp-content\/uploads\/2019\/03\/M51611014-CP14-300x225.jpg\"><img loading=\"lazy\" decoding=\"async\" class=\"alignnone size-medium wp-image-12309\" src=\"https:\/\/kingarms.ee\/wp-content\/uploads\/2019\/03\/M51611014-CP14-300x225.jpg\" alt=\"\" width=\"300\" height=\"225\" srcset=\"https:\/\/kingarms.ee\/wp-content\/uploads\/2019\/03\/M51611014-CP14-300x225.jpg 300w, https:\/\/kingarms.ee\/wp-content\/uploads\/2019\/03\/M51611014-CP14-150x113.jpg 150w, https:\/\/kingarms.ee\/wp-content\/uploads\/2019\/03\/M51611014-CP14-500x375.jpg 500w, https:\/\/kingarms.ee\/wp-content\/uploads\/2019\/03\/M51611014-CP14-600x450.jpg 600w, https:\/\/kingarms.ee\/wp-content\/uploads\/2019\/03\/M51611014-CP14.jpg 640w\" sizes=\"auto, (max-width: 300px) 100vw, 300px\" \/><\/a><\/p>\n","protected":false},"excerpt":{"rendered":"<p>Disk\u0173 laikiklis-multicam<\/p>\n<p>Tipi\u0161ka liemen\u0117, kuri\u0105 naudoja navy SEAL ir Delta Force.<\/p>\n<p> Jame yra dvi didel\u0117s ki\u0161en\u0117s priekyje ir gale balistiniams \u012fd\u0117klams standartinis 10h12.<\/p>\n<p> Tai yra viena i\u0161 patogiausi\u0173 liemeni\u0173 klas\u0117je.<\/p>\n<p> Ypa\u010d populiarus tarp JAV speciali\u0173j\u0173 paj\u0117g\u0173.<\/p>\n<p> Prie\u0161ais liemen\u0119 yra didelis Velcro bet kokio tipo \u017eenklas ir kt.<\/p>\n<p> Liemen\u0117s gale yra speciali kaklo apsauga.<\/p>\n<p> Apima mink\u0161tus manekeno balistinius \u012fd\u0117klus.<\/p>\n<p> Liemen\u0117 tinka \u012fvairi\u0173 dyd\u017ei\u0173 \u017emon\u0117ms.<\/p>\n","protected":false},"featured_media":108716,"template":"","meta":{"_acf_changed":false},"product_brand":[],"product_cat":[1235],"product_tag":[],"class_list":{"0":"post-146780","1":"product","2":"type-product","3":"status-publish","4":"has-post-thumbnail","6":"product_cat-liemeneles-ir-dirzai","8":"first","9":"onbackorder","10":"taxable","11":"shipping-taxable","12":"product-type-simple"},"acf":[],"_links":{"self":[{"href":"https:\/\/kingarms.ee\/lt\/wp-json\/wp\/v2\/product\/146780","targetHints":{"allow":["GET"]}}],"collection":[{"href":"https:\/\/kingarms.ee\/lt\/wp-json\/wp\/v2\/product"}],"about":[{"href":"https:\/\/kingarms.ee\/lt\/wp-json\/wp\/v2\/types\/product"}],"wp:featuredmedia":[{"embeddable":true,"href":"https:\/\/kingarms.ee\/lt\/wp-json\/wp\/v2\/media\/108716"}],"wp:attachment":[{"href":"https:\/\/kingarms.ee\/lt\/wp-json\/wp\/v2\/media?parent=146780"}],"wp:term":[{"taxonomy":"product_brand","embeddable":true,"href":"https:\/\/kingarms.ee\/lt\/wp-json\/wp\/v2\/product_brand?post=146780"},{"taxonomy":"product_cat","embeddable":true,"href":"https:\/\/kingarms.ee\/lt\/wp-json\/wp\/v2\/product_cat?post=146780"},{"taxonomy":"product_tag","embeddable":true,"href":"https:\/\/kingarms.ee\/lt\/wp-json\/wp\/v2\/product_tag?post=146780"}],"curies":[{"name":"wp","href":"https:\/\/api.w.org\/{rel}","templated":true}]}}