{"id":146792,"date":"2018-12-29T19:45:03","date_gmt":"2025-03-08T19:48:11","guid":{"rendered":"https:\/\/kingarms.ee\/product\/kovos-striuke-cad\/"},"modified":"2025-03-08T22:48:11","modified_gmt":"2025-03-08T19:48:11","slug":"kovos-striuke-cad","status":"publish","type":"product","link":"https:\/\/kingarms.ee\/lt\/product\/kovos-striuke-cad\/","title":{"rendered":"Kovos striuk\u0117-CAD<br><br>"},"content":{"rendered":"<p><a href=\"https:\/\/kingarms.ee\/wp-content\/uploads\/2018\/12\/Revenger-TDU-Shirt-CAD-ig9553large1-300x210.png\"><img loading=\"lazy\" decoding=\"async\" class=\"alignnone size-medium wp-image-11010\" src=\"https:\/\/kingarms.ee\/wp-content\/uploads\/2018\/12\/Revenger-TDU-Shirt-CAD-ig9553large1-300x210.png\" alt=\"\" width=\"300\" height=\"210\" srcset=\"https:\/\/kingarms.ee\/wp-content\/uploads\/2018\/12\/Revenger-TDU-Shirt-CAD-ig9553large1-300x210.png 300w, https:\/\/kingarms.ee\/wp-content\/uploads\/2018\/12\/Revenger-TDU-Shirt-CAD-ig9553large1-150x105.png 150w, https:\/\/kingarms.ee\/wp-content\/uploads\/2018\/12\/Revenger-TDU-Shirt-CAD-ig9553large1-500x350.png 500w, https:\/\/kingarms.ee\/wp-content\/uploads\/2018\/12\/Revenger-TDU-Shirt-CAD-ig9553large1-768x538.png 768w, https:\/\/kingarms.ee\/wp-content\/uploads\/2018\/12\/Revenger-TDU-Shirt-CAD-ig9553large1-1024x717.png 1024w, https:\/\/kingarms.ee\/wp-content\/uploads\/2018\/12\/Revenger-TDU-Shirt-CAD-ig9553large1.png 1400w\" sizes=\"auto, (max-width: 300px) 100vw, 300px\" \/><\/a><\/p>\n","protected":false},"excerpt":{"rendered":"<p>Kovos striuk\u0117-CAD<\/p>\n<p>Labai patogus ir populiarus variantas i\u0161 vasaros komplekt\u0173 &#8211; striuk\u0117.<\/p>\n<p> Produktas pagamintas i\u0161 medviln\u0117s ir poliesterio.<\/p>\n<p> Striuk\u0117 turi kelet\u0105 ki\u0161eni\u0173 ir Velcro u\u017esegim\u0173.<\/p>\n<p> Striuk\u0117 yra Kanados skaitmeninis pleistras.<\/p>\n<p> Suurused: S-M-L &#8211;<\/p>\n","protected":false},"featured_media":116520,"template":"","meta":{"_acf_changed":false},"product_brand":[],"product_cat":[1225],"product_tag":[],"class_list":{"0":"post-146792","1":"product","2":"type-product","3":"status-publish","4":"has-post-thumbnail","6":"product_cat-drabuziai-ir-avalyne","8":"first","9":"instock","10":"taxable","11":"shipping-taxable","12":"purchasable","13":"product-type-variable","14":"has-default-attributes"},"acf":[],"_links":{"self":[{"href":"https:\/\/kingarms.ee\/lt\/wp-json\/wp\/v2\/product\/146792","targetHints":{"allow":["GET"]}}],"collection":[{"href":"https:\/\/kingarms.ee\/lt\/wp-json\/wp\/v2\/product"}],"about":[{"href":"https:\/\/kingarms.ee\/lt\/wp-json\/wp\/v2\/types\/product"}],"wp:featuredmedia":[{"embeddable":true,"href":"https:\/\/kingarms.ee\/lt\/wp-json\/wp\/v2\/media\/116520"}],"wp:attachment":[{"href":"https:\/\/kingarms.ee\/lt\/wp-json\/wp\/v2\/media?parent=146792"}],"wp:term":[{"taxonomy":"product_brand","embeddable":true,"href":"https:\/\/kingarms.ee\/lt\/wp-json\/wp\/v2\/product_brand?post=146792"},{"taxonomy":"product_cat","embeddable":true,"href":"https:\/\/kingarms.ee\/lt\/wp-json\/wp\/v2\/product_cat?post=146792"},{"taxonomy":"product_tag","embeddable":true,"href":"https:\/\/kingarms.ee\/lt\/wp-json\/wp\/v2\/product_tag?post=146792"}],"curies":[{"name":"wp","href":"https:\/\/api.w.org\/{rel}","templated":true}]}}