{"id":146809,"date":"2019-07-24T21:11:29","date_gmt":"2025-03-09T15:44:57","guid":{"rendered":"https:\/\/kingarms.ee\/product\/v3-pavaru-deze-apsauga\/"},"modified":"2025-03-09T18:44:57","modified_gmt":"2025-03-09T15:44:57","slug":"v3-pavaru-deze-apsauga","status":"publish","type":"product","link":"https:\/\/kingarms.ee\/lt\/product\/v3-pavaru-deze-apsauga\/","title":{"rendered":"V3 pavar\u0173 d\u0117\u017e\u0117 (apsauga)<br><br>"},"content":{"rendered":"<p><a href=\"https:\/\/kingarms.ee\/wp-content\/uploads\/2019\/07\/38d12fbc8ebf83edee296a26b71d513a.image_.640x480-300x225.jpg\"><img loading=\"lazy\" decoding=\"async\" class=\"alignnone size-medium wp-image-17166\" src=\"https:\/\/kingarms.ee\/wp-content\/uploads\/2019\/07\/38d12fbc8ebf83edee296a26b71d513a.image_.640x480-300x225.jpg\" alt=\"\" width=\"300\" height=\"225\" srcset=\"https:\/\/kingarms.ee\/wp-content\/uploads\/2019\/07\/38d12fbc8ebf83edee296a26b71d513a.image_.640x480-300x225.jpg 300w, https:\/\/kingarms.ee\/wp-content\/uploads\/2019\/07\/38d12fbc8ebf83edee296a26b71d513a.image_.640x480-150x113.jpg 150w, https:\/\/kingarms.ee\/wp-content\/uploads\/2019\/07\/38d12fbc8ebf83edee296a26b71d513a.image_.640x480-500x375.jpg 500w, https:\/\/kingarms.ee\/wp-content\/uploads\/2019\/07\/38d12fbc8ebf83edee296a26b71d513a.image_.640x480-600x450.jpg 600w, https:\/\/kingarms.ee\/wp-content\/uploads\/2019\/07\/38d12fbc8ebf83edee296a26b71d513a.image_.640x480.jpg 640w\" sizes=\"auto, (max-width: 300px) 100vw, 300px\" \/><\/a><\/p>\n","protected":false},"excerpt":{"rendered":"<p>V3 pavar\u0173 d\u0117\u017e\u0117 (apsauga)<\/p>\n<p>Airsoft replika pavar\u0173 d\u0117\u017e\u0117 V3.<\/p>\n<p> \u0160i Guarder pagaminta pavar\u0173 d\u0117\u017e\u0117 garantuoja ger\u0105 kainos ir kokyb\u0117s santyk\u012f.<\/p>\n<p> Jis pagamintas i\u0161 cinko lydinio, tod\u0117l jis yra patvarus ir paprastas.<\/p>\n<p> Pavar\u0173 d\u0117\u017e\u0117s sienos yra storesn\u0117s nei dauguma pavar\u0173 d\u0117\u017ei\u0173, su kuriomis airsoft kopijos tiekiamos i\u0161 gamintojo.<\/p>\n<p> \u017di\u016br\u0117ti pavar\u0173 d\u0117\u017e\u0119 ant kvaliteediuuenduste V antai.<\/p>\n<p> A\u0161in\u0117s skyl\u0117s \u012fvor\u0117ms, armat\u016bra pagrindin\u0117se vietose ir daugiausia naudojama med\u017eiaga.<\/p>\n<p> \u0160ioje pavar\u0173 d\u0117\u017e\u0117je yra 6 mm skyl\u0117s \u012fvor\u0117ms.<\/p>\n","protected":false},"featured_media":110678,"template":"","meta":{"_acf_changed":false},"product_brand":[],"product_cat":[1273,1250],"product_tag":[],"class_list":{"0":"post-146809","1":"product","2":"type-product","3":"status-publish","4":"has-post-thumbnail","6":"product_cat-atsargines-dalys","7":"product_cat-derinimas","9":"first","10":"instock","11":"taxable","12":"shipping-taxable","13":"purchasable","14":"product-type-simple"},"acf":[],"_links":{"self":[{"href":"https:\/\/kingarms.ee\/lt\/wp-json\/wp\/v2\/product\/146809","targetHints":{"allow":["GET"]}}],"collection":[{"href":"https:\/\/kingarms.ee\/lt\/wp-json\/wp\/v2\/product"}],"about":[{"href":"https:\/\/kingarms.ee\/lt\/wp-json\/wp\/v2\/types\/product"}],"wp:featuredmedia":[{"embeddable":true,"href":"https:\/\/kingarms.ee\/lt\/wp-json\/wp\/v2\/media\/110678"}],"wp:attachment":[{"href":"https:\/\/kingarms.ee\/lt\/wp-json\/wp\/v2\/media?parent=146809"}],"wp:term":[{"taxonomy":"product_brand","embeddable":true,"href":"https:\/\/kingarms.ee\/lt\/wp-json\/wp\/v2\/product_brand?post=146809"},{"taxonomy":"product_cat","embeddable":true,"href":"https:\/\/kingarms.ee\/lt\/wp-json\/wp\/v2\/product_cat?post=146809"},{"taxonomy":"product_tag","embeddable":true,"href":"https:\/\/kingarms.ee\/lt\/wp-json\/wp\/v2\/product_tag?post=146809"}],"curies":[{"name":"wp","href":"https:\/\/api.w.org\/{rel}","templated":true}]}}