{"id":146818,"date":"2019-07-08T10:32:18","date_gmt":"2025-03-09T16:11:32","guid":{"rendered":"https:\/\/kingarms.ee\/product\/cnc-hop-up-kamber-ak\/"},"modified":"2025-03-09T19:11:32","modified_gmt":"2025-03-09T16:11:32","slug":"cnc-hop-up-kamber-ak","status":"publish","type":"product","link":"https:\/\/kingarms.ee\/lt\/product\/cnc-hop-up-kamber-ak\/","title":{"rendered":"CNC Hop-Up kamber (AK)<br><br>"},"content":{"rendered":"<p><a href=\"https:\/\/kingarms.ee\/wp-content\/uploads\/2019\/07\/1152214530_1-300x200.jpg\"><img loading=\"lazy\" decoding=\"async\" class=\"alignnone size-medium wp-image-16840\" src=\"https:\/\/kingarms.ee\/wp-content\/uploads\/2019\/07\/1152214530_1-300x200.jpg\" alt=\"\" width=\"300\" height=\"200\" srcset=\"https:\/\/kingarms.ee\/wp-content\/uploads\/2019\/07\/1152214530_1-300x200.jpg 300w, https:\/\/kingarms.ee\/wp-content\/uploads\/2019\/07\/1152214530_1-150x100.jpg 150w, https:\/\/kingarms.ee\/wp-content\/uploads\/2019\/07\/1152214530_1-500x333.jpg 500w, https:\/\/kingarms.ee\/wp-content\/uploads\/2019\/07\/1152214530_1-768x512.jpg 768w, https:\/\/kingarms.ee\/wp-content\/uploads\/2019\/07\/1152214530_1.jpg 800w\" sizes=\"auto, (max-width: 300px) 100vw, 300px\" \/><\/a><\/p>\n","protected":false},"excerpt":{"rendered":"<p>CNC Hop-Up kamber (AK)<\/p>\n<p>Auk\u0161\u010diausios kokyb\u0117s hop up kamera, kuri\u0105 gamina gerai \u017einoma kompanija TORNADO.<\/p>\n<p> Kamera buvo pagaminta tik i\u0161 vieno aliuminio bloko, naudojant tikslias CNC stakles.<\/p>\n<p>Tornado aliuminio kameros naudojimas leid\u017eia pasiekti daug geresn\u012f stabilum\u0105 ir sistemos tank\u012f nei atsarg\u0173 kamera, o tai tiesiogiai lemia geresn\u012f na\u0161um\u0105 ir net FPS padid\u0117jim\u0105.<\/p>\n","protected":false},"featured_media":110556,"template":"","meta":{"_acf_changed":false},"product_brand":[],"product_cat":[1250],"product_tag":[],"class_list":{"0":"post-146818","1":"product","2":"type-product","3":"status-publish","4":"has-post-thumbnail","6":"product_cat-derinimas","8":"first","9":"instock","10":"taxable","11":"shipping-taxable","12":"purchasable","13":"product-type-simple"},"acf":[],"_links":{"self":[{"href":"https:\/\/kingarms.ee\/lt\/wp-json\/wp\/v2\/product\/146818","targetHints":{"allow":["GET"]}}],"collection":[{"href":"https:\/\/kingarms.ee\/lt\/wp-json\/wp\/v2\/product"}],"about":[{"href":"https:\/\/kingarms.ee\/lt\/wp-json\/wp\/v2\/types\/product"}],"wp:featuredmedia":[{"embeddable":true,"href":"https:\/\/kingarms.ee\/lt\/wp-json\/wp\/v2\/media\/110556"}],"wp:attachment":[{"href":"https:\/\/kingarms.ee\/lt\/wp-json\/wp\/v2\/media?parent=146818"}],"wp:term":[{"taxonomy":"product_brand","embeddable":true,"href":"https:\/\/kingarms.ee\/lt\/wp-json\/wp\/v2\/product_brand?post=146818"},{"taxonomy":"product_cat","embeddable":true,"href":"https:\/\/kingarms.ee\/lt\/wp-json\/wp\/v2\/product_cat?post=146818"},{"taxonomy":"product_tag","embeddable":true,"href":"https:\/\/kingarms.ee\/lt\/wp-json\/wp\/v2\/product_tag?post=146818"}],"curies":[{"name":"wp","href":"https:\/\/api.w.org\/{rel}","templated":true}]}}