{"id":146822,"date":"2019-06-13T17:54:02","date_gmt":"2025-03-09T16:38:35","guid":{"rendered":"https:\/\/kingarms.ee\/product\/taktiniai-akiniai-juodi\/"},"modified":"2025-03-09T19:38:35","modified_gmt":"2025-03-09T16:38:35","slug":"taktiniai-akiniai-juodi","status":"publish","type":"product","link":"https:\/\/kingarms.ee\/lt\/product\/taktiniai-akiniai-juodi\/","title":{"rendered":"Taktiniai akiniai-juodi<br><br>"},"content":{"rendered":"<p><a href=\"https:\/\/kingarms.ee\/wp-content\/uploads\/2019\/06\/1152190049_1-300x200.jpg\"><img loading=\"lazy\" decoding=\"async\" class=\"alignnone size-medium wp-image-15803\" src=\"https:\/\/kingarms.ee\/wp-content\/uploads\/2019\/06\/1152190049_1-300x200.jpg\" alt=\"\" width=\"300\" height=\"200\" srcset=\"https:\/\/kingarms.ee\/wp-content\/uploads\/2019\/06\/1152190049_1-300x200.jpg 300w, https:\/\/kingarms.ee\/wp-content\/uploads\/2019\/06\/1152190049_1-150x100.jpg 150w, https:\/\/kingarms.ee\/wp-content\/uploads\/2019\/06\/1152190049_1-500x333.jpg 500w, https:\/\/kingarms.ee\/wp-content\/uploads\/2019\/06\/1152190049_1-768x512.jpg 768w, https:\/\/kingarms.ee\/wp-content\/uploads\/2019\/06\/1152190049_1.jpg 800w\" sizes=\"auto, (max-width: 300px) 100vw, 300px\" \/><\/a><\/p>\n","protected":false},"excerpt":{"rendered":"<p>Taktiniai akiniai-juodi<\/p>\n<p>Akini\u0173 GK-800 rinkin\u012f sudaro 1 skaidrus stiklas.<\/p>\n<p> Akiniai turi daugyb\u0119 oro ang\u0173, kad akiniai nerasot\u0173.<\/p>\n<p>Idealus sprendimas u\u017e prieinam\u0105 kain\u0105.<\/p>\n<p><span style=\"color: #ff0000;\">NB!<\/p>\n<p> Produktas n\u0117ra balistin\u0117 aki\u0173 apsauga ir jo naudojimas \u0161iam tikslui nesuderinamas su jo paskirtimi.<\/p>\n<p>Pardav\u0117jas ir gamintojas n\u0117ra atsakingi u\u017e produkto naudojim\u0105 vartotojo akims apsaugoti airsoft \u017eaidimuose naudojant airsoft kopijas.<\/p>\n<p> Tai taip pat taikoma galimoms vartotojo sveikatos problemoms ar turtinei \u017ealai, o skundas d\u0117l produkto netaikomas.<\/p>\n<p><\/span><\/p>\n","protected":false},"featured_media":110088,"template":"","meta":{"_acf_changed":false},"product_brand":[],"product_cat":[1211],"product_tag":[],"class_list":{"0":"post-146822","1":"product","2":"type-product","3":"status-publish","4":"has-post-thumbnail","6":"product_cat-airsoft-akiniai","8":"first","9":"instock","10":"taxable","11":"shipping-taxable","12":"purchasable","13":"product-type-simple"},"acf":[],"_links":{"self":[{"href":"https:\/\/kingarms.ee\/lt\/wp-json\/wp\/v2\/product\/146822","targetHints":{"allow":["GET"]}}],"collection":[{"href":"https:\/\/kingarms.ee\/lt\/wp-json\/wp\/v2\/product"}],"about":[{"href":"https:\/\/kingarms.ee\/lt\/wp-json\/wp\/v2\/types\/product"}],"wp:featuredmedia":[{"embeddable":true,"href":"https:\/\/kingarms.ee\/lt\/wp-json\/wp\/v2\/media\/110088"}],"wp:attachment":[{"href":"https:\/\/kingarms.ee\/lt\/wp-json\/wp\/v2\/media?parent=146822"}],"wp:term":[{"taxonomy":"product_brand","embeddable":true,"href":"https:\/\/kingarms.ee\/lt\/wp-json\/wp\/v2\/product_brand?post=146822"},{"taxonomy":"product_cat","embeddable":true,"href":"https:\/\/kingarms.ee\/lt\/wp-json\/wp\/v2\/product_cat?post=146822"},{"taxonomy":"product_tag","embeddable":true,"href":"https:\/\/kingarms.ee\/lt\/wp-json\/wp\/v2\/product_tag?post=146822"}],"curies":[{"name":"wp","href":"https:\/\/api.w.org\/{rel}","templated":true}]}}