{"id":146826,"date":"2019-05-02T17:46:08","date_gmt":"2025-03-09T16:49:07","guid":{"rendered":"https:\/\/kingarms.ee\/product\/ls-umareks-usp-usp-kabuur\/"},"modified":"2025-03-09T19:49:07","modified_gmt":"2025-03-09T16:49:07","slug":"ls-umareks-usp-usp-kabuur","status":"publish","type":"product","link":"https:\/\/kingarms.ee\/lt\/product\/ls-umareks-usp-usp-kabuur\/","title":{"rendered":"LS \/ UMAREKS USP \/ USP Kabuur<br><br>"},"content":{"rendered":"<p><a href=\"https:\/\/kingarms.ee\/wp-content\/uploads\/2019\/05\/AM-USP1-300x225.jpg\"><img loading=\"lazy\" decoding=\"async\" class=\"alignnone size-medium wp-image-14789\" src=\"https:\/\/kingarms.ee\/wp-content\/uploads\/2019\/05\/AM-USP1-300x225.jpg\" alt=\"\" width=\"300\" height=\"225\" srcset=\"https:\/\/kingarms.ee\/wp-content\/uploads\/2019\/05\/AM-USP1-300x225.jpg 300w, https:\/\/kingarms.ee\/wp-content\/uploads\/2019\/05\/AM-USP1-150x113.jpg 150w, https:\/\/kingarms.ee\/wp-content\/uploads\/2019\/05\/AM-USP1-500x375.jpg 500w, https:\/\/kingarms.ee\/wp-content\/uploads\/2019\/05\/AM-USP1-600x450.jpg 600w, https:\/\/kingarms.ee\/wp-content\/uploads\/2019\/05\/AM-USP1.jpg 640w\" sizes=\"auto, (max-width: 300px) 100vw, 300px\" \/><\/a><\/p>\n","protected":false},"excerpt":{"rendered":"<p>LS \/ UMAREKS USP \/ USP Kabuur<\/p>\n<p>Tinka cytac gamintojo plastikiniam d\u0117klui.<\/p>\n<p> D\u0117kle yra pir\u0161to u\u017eraktas su mygtuku.<\/p>\n<p> Pritvirtintas prie dir\u017eo ar dir\u017eo.<\/p>\n<p> D\u0117kl\u0105 galima reguliuoti pagal pageidavim\u0105 ir pasukti 360*.<\/p>\n","protected":false},"featured_media":109702,"template":"","meta":{"_acf_changed":false},"product_brand":[],"product_cat":[1163],"product_tag":[],"class_list":{"0":"post-146826","1":"product","2":"type-product","3":"status-publish","4":"has-post-thumbnail","6":"product_cat-kabur","8":"first","9":"onbackorder","10":"taxable","11":"shipping-taxable","12":"product-type-simple"},"acf":[],"_links":{"self":[{"href":"https:\/\/kingarms.ee\/lt\/wp-json\/wp\/v2\/product\/146826","targetHints":{"allow":["GET"]}}],"collection":[{"href":"https:\/\/kingarms.ee\/lt\/wp-json\/wp\/v2\/product"}],"about":[{"href":"https:\/\/kingarms.ee\/lt\/wp-json\/wp\/v2\/types\/product"}],"wp:featuredmedia":[{"embeddable":true,"href":"https:\/\/kingarms.ee\/lt\/wp-json\/wp\/v2\/media\/109702"}],"wp:attachment":[{"href":"https:\/\/kingarms.ee\/lt\/wp-json\/wp\/v2\/media?parent=146826"}],"wp:term":[{"taxonomy":"product_brand","embeddable":true,"href":"https:\/\/kingarms.ee\/lt\/wp-json\/wp\/v2\/product_brand?post=146826"},{"taxonomy":"product_cat","embeddable":true,"href":"https:\/\/kingarms.ee\/lt\/wp-json\/wp\/v2\/product_cat?post=146826"},{"taxonomy":"product_tag","embeddable":true,"href":"https:\/\/kingarms.ee\/lt\/wp-json\/wp\/v2\/product_tag?post=146826"}],"curies":[{"name":"wp","href":"https:\/\/api.w.org\/{rel}","templated":true}]}}