{"id":146836,"date":"2019-09-18T17:02:39","date_gmt":"2025-03-10T09:17:18","guid":{"rendered":"https:\/\/kingarms.ee\/product\/18650-ikraunama-baterija-klarus\/"},"modified":"2025-03-10T12:17:18","modified_gmt":"2025-03-10T09:17:18","slug":"18650-ikraunama-baterija-klarus","status":"publish","type":"product","link":"https:\/\/kingarms.ee\/lt\/product\/18650-ikraunama-baterija-klarus\/","title":{"rendered":"18650 \u012fkraunama baterija (Klarus)<br><br>"},"content":{"rendered":"<p><a href=\"https:\/\/kingarms.ee\/wp-content\/uploads\/2019\/09\/chrome_EVcvLRJjmD-300x300.png\"><img loading=\"lazy\" decoding=\"async\" class=\"alignnone size-medium wp-image-18427\" src=\"https:\/\/kingarms.ee\/wp-content\/uploads\/2019\/09\/chrome_EVcvLRJjmD-300x300.png\" alt=\"\" width=\"300\" height=\"300\" srcset=\"https:\/\/kingarms.ee\/wp-content\/uploads\/2019\/09\/chrome_EVcvLRJjmD-300x300.png 300w, https:\/\/kingarms.ee\/wp-content\/uploads\/2019\/09\/chrome_EVcvLRJjmD-150x150.png 150w, https:\/\/kingarms.ee\/wp-content\/uploads\/2019\/09\/chrome_EVcvLRJjmD-500x500.png 500w, https:\/\/kingarms.ee\/wp-content\/uploads\/2019\/09\/chrome_EVcvLRJjmD-768x768.png 768w, https:\/\/kingarms.ee\/wp-content\/uploads\/2019\/09\/chrome_EVcvLRJjmD.png 913w\" sizes=\"auto, (max-width: 300px) 100vw, 300px\" \/><\/a><\/p>\n","protected":false},"excerpt":{"rendered":"<p>Klarus Li-Ion 18650 2600mAh baterija turi didelio na\u0161umo kontaktus su gnybtais ir mygtukais.<\/p>\n<p>Akumuliatoriuje yra \u012fmontuota apsauga nuo trumpojo jungimo ir Pasirinktinis grandin\u0117s pertraukiklis, apsaugantis nuo perkrovimo ar i\u0161krovimo.<\/p>\n<p>Nominali \u012etampa: 3.7 V<\/p>\n<p>T\u016bris: 2600mAh<\/p>\n<p>\u012ekrovimo \u012etampa: 4.2 V<\/p>\n<p>I\u0161leidimo ribin\u0117 \u012ftampa: 2,75 V<\/p>\n","protected":false},"featured_media":111192,"template":"","meta":{"_acf_changed":false},"product_brand":[],"product_cat":[1194],"product_tag":[],"class_list":{"0":"post-146836","1":"product","2":"type-product","3":"status-publish","4":"has-post-thumbnail","6":"product_cat-baterijos","8":"first","9":"instock","10":"taxable","11":"shipping-taxable","12":"purchasable","13":"product-type-simple"},"acf":[],"_links":{"self":[{"href":"https:\/\/kingarms.ee\/lt\/wp-json\/wp\/v2\/product\/146836","targetHints":{"allow":["GET"]}}],"collection":[{"href":"https:\/\/kingarms.ee\/lt\/wp-json\/wp\/v2\/product"}],"about":[{"href":"https:\/\/kingarms.ee\/lt\/wp-json\/wp\/v2\/types\/product"}],"wp:featuredmedia":[{"embeddable":true,"href":"https:\/\/kingarms.ee\/lt\/wp-json\/wp\/v2\/media\/111192"}],"wp:attachment":[{"href":"https:\/\/kingarms.ee\/lt\/wp-json\/wp\/v2\/media?parent=146836"}],"wp:term":[{"taxonomy":"product_brand","embeddable":true,"href":"https:\/\/kingarms.ee\/lt\/wp-json\/wp\/v2\/product_brand?post=146836"},{"taxonomy":"product_cat","embeddable":true,"href":"https:\/\/kingarms.ee\/lt\/wp-json\/wp\/v2\/product_cat?post=146836"},{"taxonomy":"product_tag","embeddable":true,"href":"https:\/\/kingarms.ee\/lt\/wp-json\/wp\/v2\/product_tag?post=146836"}],"curies":[{"name":"wp","href":"https:\/\/api.w.org\/{rel}","templated":true}]}}