{"id":146838,"date":"2019-07-07T17:00:05","date_gmt":"2025-03-10T09:26:16","guid":{"rendered":"https:\/\/kingarms.ee\/product\/pirkiniu-krepsys-zalias\/"},"modified":"2025-03-10T12:26:16","modified_gmt":"2025-03-10T09:26:16","slug":"pirkiniu-krepsys-zalias","status":"publish","type":"product","link":"https:\/\/kingarms.ee\/lt\/product\/pirkiniu-krepsys-zalias\/","title":{"rendered":"Pirkini\u0173 krep\u0161ys-\u017ealias<br><br>"},"content":{"rendered":"<p><a href=\"https:\/\/kingarms.ee\/wp-content\/uploads\/2019\/07\/1152199215_1-300x204.jpg\"><img loading=\"lazy\" decoding=\"async\" class=\"alignnone size-medium wp-image-16740\" src=\"https:\/\/kingarms.ee\/wp-content\/uploads\/2019\/07\/1152199215_1-300x204.jpg\" alt=\"\" width=\"300\" height=\"204\" srcset=\"https:\/\/kingarms.ee\/wp-content\/uploads\/2019\/07\/1152199215_1-300x204.jpg 300w, https:\/\/kingarms.ee\/wp-content\/uploads\/2019\/07\/1152199215_1-150x102.jpg 150w, https:\/\/kingarms.ee\/wp-content\/uploads\/2019\/07\/1152199215_1-500x341.jpg 500w, https:\/\/kingarms.ee\/wp-content\/uploads\/2019\/07\/1152199215_1-768x523.jpg 768w, https:\/\/kingarms.ee\/wp-content\/uploads\/2019\/07\/1152199215_1.jpg 800w\" sizes=\"auto, (max-width: 300px) 100vw, 300px\" \/><\/a><\/p>\n","protected":false},"excerpt":{"rendered":"<p>Pirkini\u0173 krep\u0161ys-\u017ealias<\/p>\n<p>Krep\u0161ys pagamintas i\u0161 nailono.<\/p>\n<p> Krep\u0161ys gali b\u016bti montuojamas ant PALS juostos, atitinkan\u010dios MOLLE standart\u0105, j\u012f galima ne\u0161ioti ant juosmens dir\u017eo arba ant peties.<\/p>\n<p>Pagrindin\u0117 ki\u0161en\u0117 yra 215h80h170mm didel\u0117.<\/p>\n<p>I\u0161orin\u0117 ki\u0161en\u0117 krep\u0161io priekyje Yra 195h115h45mm didel\u0117.<\/p>\n<p>K\u2082lgtaskud apie 55h75h125mm<\/p>\n","protected":false},"featured_media":110518,"template":"","meta":{"_acf_changed":false},"product_brand":[],"product_cat":[1208],"product_tag":[],"class_list":{"0":"post-146838","1":"product","2":"type-product","3":"status-publish","4":"has-post-thumbnail","6":"product_cat-atvejai-ir-krepsiai","8":"first","9":"instock","10":"taxable","11":"shipping-taxable","12":"purchasable","13":"product-type-simple"},"acf":[],"_links":{"self":[{"href":"https:\/\/kingarms.ee\/lt\/wp-json\/wp\/v2\/product\/146838","targetHints":{"allow":["GET"]}}],"collection":[{"href":"https:\/\/kingarms.ee\/lt\/wp-json\/wp\/v2\/product"}],"about":[{"href":"https:\/\/kingarms.ee\/lt\/wp-json\/wp\/v2\/types\/product"}],"wp:featuredmedia":[{"embeddable":true,"href":"https:\/\/kingarms.ee\/lt\/wp-json\/wp\/v2\/media\/110518"}],"wp:attachment":[{"href":"https:\/\/kingarms.ee\/lt\/wp-json\/wp\/v2\/media?parent=146838"}],"wp:term":[{"taxonomy":"product_brand","embeddable":true,"href":"https:\/\/kingarms.ee\/lt\/wp-json\/wp\/v2\/product_brand?post=146838"},{"taxonomy":"product_cat","embeddable":true,"href":"https:\/\/kingarms.ee\/lt\/wp-json\/wp\/v2\/product_cat?post=146838"},{"taxonomy":"product_tag","embeddable":true,"href":"https:\/\/kingarms.ee\/lt\/wp-json\/wp\/v2\/product_tag?post=146838"}],"curies":[{"name":"wp","href":"https:\/\/api.w.org\/{rel}","templated":true}]}}