{"id":146846,"date":"2019-05-14T13:01:05","date_gmt":"2025-03-10T09:53:42","guid":{"rendered":"https:\/\/kingarms.ee\/product\/plastikinis-peilis-m4-pistoletui\/"},"modified":"2025-03-10T12:53:42","modified_gmt":"2025-03-10T09:53:42","slug":"plastikinis-peilis-m4-pistoletui","status":"publish","type":"product","link":"https:\/\/kingarms.ee\/lt\/product\/plastikinis-peilis-m4-pistoletui\/","title":{"rendered":"Plastikinis peilis M4 pistoletui<br><br>"},"content":{"rendered":"<p><a href=\"https:\/\/kingarms.ee\/wp-content\/uploads\/2019\/05\/FBP1741TAN4-300x225.jpg\"><img loading=\"lazy\" decoding=\"async\" class=\"alignnone size-medium wp-image-15035\" src=\"https:\/\/kingarms.ee\/wp-content\/uploads\/2019\/05\/FBP1741TAN4-300x225.jpg\" alt=\"\" width=\"300\" height=\"225\" srcset=\"https:\/\/kingarms.ee\/wp-content\/uploads\/2019\/05\/FBP1741TAN4-300x225.jpg 300w, https:\/\/kingarms.ee\/wp-content\/uploads\/2019\/05\/FBP1741TAN4-150x113.jpg 150w, https:\/\/kingarms.ee\/wp-content\/uploads\/2019\/05\/FBP1741TAN4-500x375.jpg 500w, https:\/\/kingarms.ee\/wp-content\/uploads\/2019\/05\/FBP1741TAN4-600x450.jpg 600w, https:\/\/kingarms.ee\/wp-content\/uploads\/2019\/05\/FBP1741TAN4.jpg 640w\" sizes=\"auto, (max-width: 300px) 100vw, 300px\" \/><\/a><\/p>\n","protected":false},"excerpt":{"rendered":"<p>Plastikust nuga M4 p\u00fcstoli jaoks<\/p>\n<p>&#8220;A\u0161menys&#8221; pagaminti i\u0161 patvarios, bet lanks\u010dios plastikin\u0117s med\u017eiagos.<\/p>\n<p> Rankena padengta neslystan\u010dia tekst\u016bra, kuri u\u017etikrina nuolatin\u012f sukibim\u0105.<\/p>\n<p> Plastikinis peilis puikiai tinka treniruot\u0117ms, airsoft \u017eaidimams ir M4 \/ M16 pistoleto tvirtinimui.<\/p>\n","protected":false},"featured_media":109801,"template":"","meta":{"_acf_changed":false},"product_brand":[],"product_cat":[1259],"product_tag":[],"class_list":{"0":"post-146846","1":"product","2":"type-product","3":"status-publish","4":"has-post-thumbnail","6":"product_cat-peiliai","8":"first","9":"onbackorder","10":"taxable","11":"shipping-taxable","12":"product-type-simple"},"acf":[],"_links":{"self":[{"href":"https:\/\/kingarms.ee\/lt\/wp-json\/wp\/v2\/product\/146846","targetHints":{"allow":["GET"]}}],"collection":[{"href":"https:\/\/kingarms.ee\/lt\/wp-json\/wp\/v2\/product"}],"about":[{"href":"https:\/\/kingarms.ee\/lt\/wp-json\/wp\/v2\/types\/product"}],"wp:featuredmedia":[{"embeddable":true,"href":"https:\/\/kingarms.ee\/lt\/wp-json\/wp\/v2\/media\/109801"}],"wp:attachment":[{"href":"https:\/\/kingarms.ee\/lt\/wp-json\/wp\/v2\/media?parent=146846"}],"wp:term":[{"taxonomy":"product_brand","embeddable":true,"href":"https:\/\/kingarms.ee\/lt\/wp-json\/wp\/v2\/product_brand?post=146846"},{"taxonomy":"product_cat","embeddable":true,"href":"https:\/\/kingarms.ee\/lt\/wp-json\/wp\/v2\/product_cat?post=146846"},{"taxonomy":"product_tag","embeddable":true,"href":"https:\/\/kingarms.ee\/lt\/wp-json\/wp\/v2\/product_tag?post=146846"}],"curies":[{"name":"wp","href":"https:\/\/api.w.org\/{rel}","templated":true}]}}