{"id":146850,"date":"2019-05-06T18:02:04","date_gmt":"2025-03-10T10:03:03","guid":{"rendered":"https:\/\/kingarms.ee\/product\/ak-alumiiniumist-otsik\/"},"modified":"2025-03-10T13:03:03","modified_gmt":"2025-03-10T10:03:03","slug":"ak-alumiiniumist-otsik","status":"publish","type":"product","link":"https:\/\/kingarms.ee\/lt\/product\/ak-alumiiniumist-otsik\/","title":{"rendered":"AK alumiiniumist otsik<br><br>"},"content":{"rendered":"<p><a href=\"https:\/\/kingarms.ee\/wp-content\/uploads\/2019\/05\/Rocket-Airsoft-SHS-Aluminum-M4-Air-Seal-Nozzle-W-Oring_1600x-1-300x300.jpg\"><img loading=\"lazy\" decoding=\"async\" class=\"alignnone size-medium wp-image-14932\" src=\"https:\/\/kingarms.ee\/wp-content\/uploads\/2019\/05\/Rocket-Airsoft-SHS-Aluminum-M4-Air-Seal-Nozzle-W-Oring_1600x-1-300x300.jpg\" alt=\"\" width=\"300\" height=\"300\" srcset=\"https:\/\/kingarms.ee\/wp-content\/uploads\/2019\/05\/Rocket-Airsoft-SHS-Aluminum-M4-Air-Seal-Nozzle-W-Oring_1600x-1-300x300.jpg 300w, https:\/\/kingarms.ee\/wp-content\/uploads\/2019\/05\/Rocket-Airsoft-SHS-Aluminum-M4-Air-Seal-Nozzle-W-Oring_1600x-1-150x150.jpg 150w, https:\/\/kingarms.ee\/wp-content\/uploads\/2019\/05\/Rocket-Airsoft-SHS-Aluminum-M4-Air-Seal-Nozzle-W-Oring_1600x-1-500x500.jpg 500w, https:\/\/kingarms.ee\/wp-content\/uploads\/2019\/05\/Rocket-Airsoft-SHS-Aluminum-M4-Air-Seal-Nozzle-W-Oring_1600x-1-768x768.jpg 768w, https:\/\/kingarms.ee\/wp-content\/uploads\/2019\/05\/Rocket-Airsoft-SHS-Aluminum-M4-Air-Seal-Nozzle-W-Oring_1600x-1.jpg 1024w\" sizes=\"auto, (max-width: 300px) 100vw, 300px\" \/><\/a><\/p>\n","protected":false},"excerpt":{"rendered":"<p>AK alumiiniumist otsik<\/p>\n<p>Aliuminio AK Tipo Aegi (elektrin\u0117 automatin\u0117 ma\u0161ina) antgalis.<\/p>\n<p> Gamintojas turi ta\u0161k\u0105.<\/p>\n","protected":false},"featured_media":109765,"template":"","meta":{"_acf_changed":false},"product_brand":[],"product_cat":[1273,1250],"product_tag":[],"class_list":{"0":"post-146850","1":"product","2":"type-product","3":"status-publish","4":"has-post-thumbnail","6":"product_cat-atsargines-dalys","7":"product_cat-derinimas","9":"first","10":"instock","11":"taxable","12":"shipping-taxable","13":"purchasable","14":"product-type-simple"},"acf":[],"_links":{"self":[{"href":"https:\/\/kingarms.ee\/lt\/wp-json\/wp\/v2\/product\/146850","targetHints":{"allow":["GET"]}}],"collection":[{"href":"https:\/\/kingarms.ee\/lt\/wp-json\/wp\/v2\/product"}],"about":[{"href":"https:\/\/kingarms.ee\/lt\/wp-json\/wp\/v2\/types\/product"}],"wp:featuredmedia":[{"embeddable":true,"href":"https:\/\/kingarms.ee\/lt\/wp-json\/wp\/v2\/media\/109765"}],"wp:attachment":[{"href":"https:\/\/kingarms.ee\/lt\/wp-json\/wp\/v2\/media?parent=146850"}],"wp:term":[{"taxonomy":"product_brand","embeddable":true,"href":"https:\/\/kingarms.ee\/lt\/wp-json\/wp\/v2\/product_brand?post=146850"},{"taxonomy":"product_cat","embeddable":true,"href":"https:\/\/kingarms.ee\/lt\/wp-json\/wp\/v2\/product_cat?post=146850"},{"taxonomy":"product_tag","embeddable":true,"href":"https:\/\/kingarms.ee\/lt\/wp-json\/wp\/v2\/product_tag?post=146850"}],"curies":[{"name":"wp","href":"https:\/\/api.w.org\/{rel}","templated":true}]}}