{"id":146855,"date":"2019-03-28T11:56:41","date_gmt":"2025-03-10T10:17:07","guid":{"rendered":"https:\/\/kingarms.ee\/product\/1h22h33-raudonas-zalias-tikslus-taikinys-js-tactical\/"},"modified":"2025-03-10T13:17:07","modified_gmt":"2025-03-10T10:17:07","slug":"1h22h33-raudonas-zalias-tikslus-taikinys-js-tactical","status":"publish","type":"product","link":"https:\/\/kingarms.ee\/lt\/product\/1h22h33-raudonas-zalias-tikslus-taikinys-js-tactical\/","title":{"rendered":"1h22h33 raudonas \/ \u017ealias tikslus taikinys (JS-Tactical)<br><br>"},"content":{"rendered":"<p><a href=\"https:\/\/kingarms.ee\/wp-content\/uploads\/2019\/03\/1152205524_1-300x200.jpg\"><img loading=\"lazy\" decoding=\"async\" class=\"alignnone size-medium wp-image-15825\" src=\"https:\/\/kingarms.ee\/wp-content\/uploads\/2019\/03\/1152205524_1-300x200.jpg\" alt=\"\" width=\"300\" height=\"200\" srcset=\"https:\/\/kingarms.ee\/wp-content\/uploads\/2019\/03\/1152205524_1-300x200.jpg 300w, https:\/\/kingarms.ee\/wp-content\/uploads\/2019\/03\/1152205524_1-150x100.jpg 150w, https:\/\/kingarms.ee\/wp-content\/uploads\/2019\/03\/1152205524_1-500x333.jpg 500w, https:\/\/kingarms.ee\/wp-content\/uploads\/2019\/03\/1152205524_1-768x512.jpg 768w, https:\/\/kingarms.ee\/wp-content\/uploads\/2019\/03\/1152205524_1.jpg 800w\" sizes=\"auto, (max-width: 300px) 100vw, 300px\" \/><\/a><\/p>\n","protected":false},"excerpt":{"rendered":"<p>1h22h33 raudonas \/ \u017ealias tikslus taikinys (JS-Tactical)<\/p>\n<p>Klasikinis 1h22h33 mm objektyvo skersmuo tikslumo akyse.<\/p>\n<p> Galite pasirinkti i\u0161 7 skirting\u0173 ry\u0161kumo lygi\u0173 ir pakeisti 4 ta\u0161kus.<\/p>\n<p> Priekinis objektyvas yra padengtas antirefleksine danga.<\/p>\n<p> Taikinyje yra 22 mm b\u0117gio laikiklis, tod\u0117l nereikia pirkti papildom\u0173 laikikli\u0173.<\/p>\n<p>Svoris 400 g<\/p>\n<p>Maitinamas baterija CR2032<\/p>\n","protected":false},"featured_media":110100,"template":"","meta":{"_acf_changed":false},"product_brand":[],"product_cat":[1205],"product_tag":[],"class_list":{"0":"post-146855","1":"product","2":"type-product","3":"status-publish","4":"has-post-thumbnail","6":"product_cat-vaizdai-lt","8":"first","9":"instock","10":"taxable","11":"shipping-taxable","12":"purchasable","13":"product-type-simple"},"acf":[],"_links":{"self":[{"href":"https:\/\/kingarms.ee\/lt\/wp-json\/wp\/v2\/product\/146855","targetHints":{"allow":["GET"]}}],"collection":[{"href":"https:\/\/kingarms.ee\/lt\/wp-json\/wp\/v2\/product"}],"about":[{"href":"https:\/\/kingarms.ee\/lt\/wp-json\/wp\/v2\/types\/product"}],"wp:featuredmedia":[{"embeddable":true,"href":"https:\/\/kingarms.ee\/lt\/wp-json\/wp\/v2\/media\/110100"}],"wp:attachment":[{"href":"https:\/\/kingarms.ee\/lt\/wp-json\/wp\/v2\/media?parent=146855"}],"wp:term":[{"taxonomy":"product_brand","embeddable":true,"href":"https:\/\/kingarms.ee\/lt\/wp-json\/wp\/v2\/product_brand?post=146855"},{"taxonomy":"product_cat","embeddable":true,"href":"https:\/\/kingarms.ee\/lt\/wp-json\/wp\/v2\/product_cat?post=146855"},{"taxonomy":"product_tag","embeddable":true,"href":"https:\/\/kingarms.ee\/lt\/wp-json\/wp\/v2\/product_tag?post=146855"}],"curies":[{"name":"wp","href":"https:\/\/api.w.org\/{rel}","templated":true}]}}