{"id":146867,"date":"2019-03-26T18:41:29","date_gmt":"2025-03-10T10:24:53","guid":{"rendered":"https:\/\/kingarms.ee\/product\/ausu-apsaugos-salmui-smelio-spalvos\/"},"modified":"2025-03-10T13:24:53","modified_gmt":"2025-03-10T10:24:53","slug":"ausu-apsaugos-salmui-smelio-spalvos","status":"publish","type":"product","link":"https:\/\/kingarms.ee\/lt\/product\/ausu-apsaugos-salmui-smelio-spalvos\/","title":{"rendered":"Aus\u0173 apsaugos \u0161almui-Sm\u0117lio spalvos<br><br>"},"content":{"rendered":"<p><a href=\"https:\/\/kingarms.ee\/wp-content\/uploads\/2019\/03\/TB29613-300x225.jpg\"><img loading=\"lazy\" decoding=\"async\" class=\"alignnone size-medium wp-image-13706\" src=\"https:\/\/kingarms.ee\/wp-content\/uploads\/2019\/03\/TB29613-300x225.jpg\" alt=\"\" width=\"300\" height=\"225\" srcset=\"https:\/\/kingarms.ee\/wp-content\/uploads\/2019\/03\/TB29613-300x225.jpg 300w, https:\/\/kingarms.ee\/wp-content\/uploads\/2019\/03\/TB29613-150x113.jpg 150w, https:\/\/kingarms.ee\/wp-content\/uploads\/2019\/03\/TB29613-500x375.jpg 500w, https:\/\/kingarms.ee\/wp-content\/uploads\/2019\/03\/TB29613-600x450.jpg 600w, https:\/\/kingarms.ee\/wp-content\/uploads\/2019\/03\/TB29613.jpg 640w\" sizes=\"auto, (max-width: 300px) 100vw, 300px\" \/><\/a><\/p>\n","protected":false},"excerpt":{"rendered":"<p>Aus\u0173 apsaugos \u0161almui-Sm\u0117lio spalvos<\/p>\n","protected":false},"featured_media":109262,"template":"","meta":{"_acf_changed":false},"product_brand":[],"product_cat":[1216,1217],"product_tag":[],"class_list":{"0":"post-146867","1":"product","2":"type-product","3":"status-publish","4":"has-post-thumbnail","6":"product_cat-salmai","7":"product_cat-salmo-laikikliai","9":"first","10":"instock","11":"taxable","12":"shipping-taxable","13":"purchasable","14":"product-type-simple"},"acf":[],"_links":{"self":[{"href":"https:\/\/kingarms.ee\/lt\/wp-json\/wp\/v2\/product\/146867","targetHints":{"allow":["GET"]}}],"collection":[{"href":"https:\/\/kingarms.ee\/lt\/wp-json\/wp\/v2\/product"}],"about":[{"href":"https:\/\/kingarms.ee\/lt\/wp-json\/wp\/v2\/types\/product"}],"wp:featuredmedia":[{"embeddable":true,"href":"https:\/\/kingarms.ee\/lt\/wp-json\/wp\/v2\/media\/109262"}],"wp:attachment":[{"href":"https:\/\/kingarms.ee\/lt\/wp-json\/wp\/v2\/media?parent=146867"}],"wp:term":[{"taxonomy":"product_brand","embeddable":true,"href":"https:\/\/kingarms.ee\/lt\/wp-json\/wp\/v2\/product_brand?post=146867"},{"taxonomy":"product_cat","embeddable":true,"href":"https:\/\/kingarms.ee\/lt\/wp-json\/wp\/v2\/product_cat?post=146867"},{"taxonomy":"product_tag","embeddable":true,"href":"https:\/\/kingarms.ee\/lt\/wp-json\/wp\/v2\/product_tag?post=146867"}],"curies":[{"name":"wp","href":"https:\/\/api.w.org\/{rel}","templated":true}]}}