{"id":146913,"date":"2019-01-29T16:11:18","date_gmt":"2025-03-10T11:10:51","guid":{"rendered":"https:\/\/kingarms.ee\/product\/striukes-apsauga\/"},"modified":"2025-03-10T14:10:51","modified_gmt":"2025-03-10T11:10:51","slug":"striukes-apsauga","status":"publish","type":"product","link":"https:\/\/kingarms.ee\/lt\/product\/striukes-apsauga\/","title":{"rendered":"Striuk\u0117s Apsauga<br><br>"},"content":{"rendered":"<p><a href=\"https:\/\/kingarms.ee\/wp-content\/uploads\/2019\/01\/Untitled-3-237x300.png\"><img loading=\"lazy\" decoding=\"async\" class=\"alignnone size-medium wp-image-11795\" src=\"https:\/\/kingarms.ee\/wp-content\/uploads\/2019\/01\/Untitled-3-237x300.png\" alt=\"\" width=\"237\" height=\"300\" srcset=\"https:\/\/kingarms.ee\/wp-content\/uploads\/2019\/01\/Untitled-3-237x300.png 237w, https:\/\/kingarms.ee\/wp-content\/uploads\/2019\/01\/Untitled-3-150x190.png 150w, https:\/\/kingarms.ee\/wp-content\/uploads\/2019\/01\/Untitled-3.png 465w\" sizes=\"auto, (max-width: 237px) 100vw, 237px\" \/><\/a><\/p>\n","protected":false},"excerpt":{"rendered":"<p>Striuk\u0117s Apsauga<\/p>\n<p>100% nailonas<\/p>\n<p>&#8211; Vandeniui<\/p>\n<p>&#8211; 2 ki\u0161en\u0117s \u0161one<\/p>\n<p>&#8211; auk\u0161ta apykakl\u0117<\/p>\n<p>&#8211; sh.<\/p>\n<p> apsaugin\u0117 plok\u0161t\u0117 su kablio ir kilpos u\u017edarymu (nuimama)<\/p>\n<p>&#8211; juostel\u0117s ir apykakl\u0117s dangteliai<\/p>\n","protected":false},"featured_media":133187,"template":"","meta":{"_acf_changed":false},"product_brand":[],"product_cat":[1255],"product_tag":[],"class_list":{"0":"post-146913","1":"product","2":"type-product","3":"status-publish","4":"has-post-thumbnail","6":"product_cat-drabuziai","8":"first","9":"instock","10":"taxable","11":"shipping-taxable","12":"purchasable","13":"product-type-simple"},"acf":[],"_links":{"self":[{"href":"https:\/\/kingarms.ee\/lt\/wp-json\/wp\/v2\/product\/146913","targetHints":{"allow":["GET"]}}],"collection":[{"href":"https:\/\/kingarms.ee\/lt\/wp-json\/wp\/v2\/product"}],"about":[{"href":"https:\/\/kingarms.ee\/lt\/wp-json\/wp\/v2\/types\/product"}],"wp:featuredmedia":[{"embeddable":true,"href":"https:\/\/kingarms.ee\/lt\/wp-json\/wp\/v2\/media\/133187"}],"wp:attachment":[{"href":"https:\/\/kingarms.ee\/lt\/wp-json\/wp\/v2\/media?parent=146913"}],"wp:term":[{"taxonomy":"product_brand","embeddable":true,"href":"https:\/\/kingarms.ee\/lt\/wp-json\/wp\/v2\/product_brand?post=146913"},{"taxonomy":"product_cat","embeddable":true,"href":"https:\/\/kingarms.ee\/lt\/wp-json\/wp\/v2\/product_cat?post=146913"},{"taxonomy":"product_tag","embeddable":true,"href":"https:\/\/kingarms.ee\/lt\/wp-json\/wp\/v2\/product_tag?post=146913"}],"curies":[{"name":"wp","href":"https:\/\/api.w.org\/{rel}","templated":true}]}}