{"id":146917,"date":"2019-01-29T15:56:05","date_gmt":"2025-03-10T11:18:26","guid":{"rendered":"https:\/\/kingarms.ee\/product\/jakk-saugumo\/"},"modified":"2025-03-10T14:18:26","modified_gmt":"2025-03-10T11:18:26","slug":"jakk-saugumo","status":"publish","type":"product","link":"https:\/\/kingarms.ee\/lt\/product\/jakk-saugumo\/","title":{"rendered":"Jakk Saugumo<br><br>"},"content":{"rendered":"<p><a href=\"https:\/\/kingarms.ee\/wp-content\/uploads\/2019\/01\/Untitled-1-242x300.png\"><img loading=\"lazy\" decoding=\"async\" class=\"alignnone size-medium wp-image-11783\" src=\"https:\/\/kingarms.ee\/wp-content\/uploads\/2019\/01\/Untitled-1-242x300.png\" alt=\"\" width=\"242\" height=\"300\" srcset=\"https:\/\/kingarms.ee\/wp-content\/uploads\/2019\/01\/Untitled-1-242x300.png 242w, https:\/\/kingarms.ee\/wp-content\/uploads\/2019\/01\/Untitled-1-150x186.png 150w, https:\/\/kingarms.ee\/wp-content\/uploads\/2019\/01\/Untitled-1.png 484w\" sizes=\"auto, (max-width: 242px) 100vw, 242px\" \/><\/a><\/p>\n","protected":false},"excerpt":{"rendered":"<p>Jakk Saugumo<\/p>\n<p>100% Poliesteris (Vilna)<\/p>\n<p>Apvadas: 100% poliesteris, padengtas poliuretanu<\/p>\n<p>&#8211; sustiprinta alk\u016bn\u0117 ir petys<\/p>\n<p>&#8211; 2 ki\u0161en\u0117s \u0161one su u\u017etrauktuku<\/p>\n","protected":false},"featured_media":108556,"template":"","meta":{"_acf_changed":false},"product_brand":[],"product_cat":[1255],"product_tag":[],"class_list":{"0":"post-146917","1":"product","2":"type-product","3":"status-publish","4":"has-post-thumbnail","6":"product_cat-drabuziai","8":"first","9":"instock","10":"taxable","11":"shipping-taxable","12":"purchasable","13":"product-type-simple"},"acf":[],"_links":{"self":[{"href":"https:\/\/kingarms.ee\/lt\/wp-json\/wp\/v2\/product\/146917","targetHints":{"allow":["GET"]}}],"collection":[{"href":"https:\/\/kingarms.ee\/lt\/wp-json\/wp\/v2\/product"}],"about":[{"href":"https:\/\/kingarms.ee\/lt\/wp-json\/wp\/v2\/types\/product"}],"wp:featuredmedia":[{"embeddable":true,"href":"https:\/\/kingarms.ee\/lt\/wp-json\/wp\/v2\/media\/108556"}],"wp:attachment":[{"href":"https:\/\/kingarms.ee\/lt\/wp-json\/wp\/v2\/media?parent=146917"}],"wp:term":[{"taxonomy":"product_brand","embeddable":true,"href":"https:\/\/kingarms.ee\/lt\/wp-json\/wp\/v2\/product_brand?post=146917"},{"taxonomy":"product_cat","embeddable":true,"href":"https:\/\/kingarms.ee\/lt\/wp-json\/wp\/v2\/product_cat?post=146917"},{"taxonomy":"product_tag","embeddable":true,"href":"https:\/\/kingarms.ee\/lt\/wp-json\/wp\/v2\/product_tag?post=146917"}],"curies":[{"name":"wp","href":"https:\/\/api.w.org\/{rel}","templated":true}]}}