{"id":146933,"date":"2020-05-30T16:10:09","date_gmt":"2025-03-10T12:21:54","guid":{"rendered":"https:\/\/kingarms.ee\/product\/zaliosios-dujos-600ml-kingarms\/"},"modified":"2025-03-10T15:21:54","modified_gmt":"2025-03-10T12:21:54","slug":"zaliosios-dujos-600ml-kingarms","status":"publish","type":"product","link":"https:\/\/kingarms.ee\/lt\/product\/zaliosios-dujos-600ml-kingarms\/","title":{"rendered":"\u017daliosios dujos 600ml (KingArms)<br><br>"},"content":{"rendered":"<p><img loading=\"lazy\" decoding=\"async\" class=\"alignnone size-full wp-image-91460\" src=\"https:\/\/kingarms.ee\/wp-content\/uploads\/2020\/05\/20240105_144724-PhotoRoom.png-PhotoRoom.png\" alt=\"\" width=\"960\" height=\"1280\" srcset=\"https:\/\/kingarms.ee\/wp-content\/uploads\/2020\/05\/20240105_144724-PhotoRoom.png-PhotoRoom.png 960w, https:\/\/kingarms.ee\/wp-content\/uploads\/2020\/05\/20240105_144724-PhotoRoom.png-PhotoRoom-225x300.png 225w, https:\/\/kingarms.ee\/wp-content\/uploads\/2020\/05\/20240105_144724-PhotoRoom.png-PhotoRoom-768x1024.png 768w, https:\/\/kingarms.ee\/wp-content\/uploads\/2020\/05\/20240105_144724-PhotoRoom.png-PhotoRoom-500x667.png 500w, https:\/\/kingarms.ee\/wp-content\/uploads\/2020\/05\/20240105_144724-PhotoRoom.png-PhotoRoom-150x200.png 150w\" sizes=\"auto, (max-width: 960px) 100vw, 960px\" \/><\/p>\n","protected":false},"excerpt":{"rendered":"<p>Pristatome nauj\u0105 prek\u0117s \u017eenkl\u0105 ir produkt\u0105 pagal m\u016bs\u0173 \u012fmon\u0119.<\/p>\n<p>Airsoft green gas arba \u017ealiosios dujos airsoft ginklams.<\/p>\n<p>Sl\u0117gis esant 20ike C: 1,0 MPa \/ 145 Psi \/ 10 bar<\/p>\n<p>Talpa: 600ml<\/p>\n<p>Geriausiai veikia nuo +2 iki +30 laipsni\u0173.<\/p>\n<p>Gamintojas: KingArms<\/p>\n","protected":false},"featured_media":133455,"template":"","meta":{"_acf_changed":false},"product_brand":[],"product_cat":[1251],"product_tag":[],"class_list":{"0":"post-146933","1":"product","2":"type-product","3":"status-publish","4":"has-post-thumbnail","6":"product_cat-co2-ir-aliejus","8":"first","9":"instock","10":"taxable","11":"shipping-taxable","12":"purchasable","13":"product-type-simple"},"acf":[],"_links":{"self":[{"href":"https:\/\/kingarms.ee\/lt\/wp-json\/wp\/v2\/product\/146933","targetHints":{"allow":["GET"]}}],"collection":[{"href":"https:\/\/kingarms.ee\/lt\/wp-json\/wp\/v2\/product"}],"about":[{"href":"https:\/\/kingarms.ee\/lt\/wp-json\/wp\/v2\/types\/product"}],"wp:featuredmedia":[{"embeddable":true,"href":"https:\/\/kingarms.ee\/lt\/wp-json\/wp\/v2\/media\/133455"}],"wp:attachment":[{"href":"https:\/\/kingarms.ee\/lt\/wp-json\/wp\/v2\/media?parent=146933"}],"wp:term":[{"taxonomy":"product_brand","embeddable":true,"href":"https:\/\/kingarms.ee\/lt\/wp-json\/wp\/v2\/product_brand?post=146933"},{"taxonomy":"product_cat","embeddable":true,"href":"https:\/\/kingarms.ee\/lt\/wp-json\/wp\/v2\/product_cat?post=146933"},{"taxonomy":"product_tag","embeddable":true,"href":"https:\/\/kingarms.ee\/lt\/wp-json\/wp\/v2\/product_tag?post=146933"}],"curies":[{"name":"wp","href":"https:\/\/api.w.org\/{rel}","templated":true}]}}