{"id":146935,"date":"2019-09-11T16:28:06","date_gmt":"2025-03-10T12:33:18","guid":{"rendered":"https:\/\/kingarms.ee\/product\/borneris-nurode-058-g-45-mm-500-tk\/"},"modified":"2025-03-10T15:33:18","modified_gmt":"2025-03-10T12:33:18","slug":"borneris-nurode-058-g-45-mm-500-tk","status":"publish","type":"product","link":"https:\/\/kingarms.ee\/lt\/product\/borneris-nurode-058-g-45-mm-500-tk\/","title":{"rendered":"Borneris nurod\u0117 0,58 g 4,5 mm (500 tk)<br><br>"},"content":{"rendered":"<p><a href=\"https:\/\/kingarms.ee\/wp-content\/uploads\/2019\/09\/b5023d58-c3da-11e9-858f-001e67ad91cb_1a55d1bb-9aa0-4af7-8763-22eaa19e5c14-2-300x225.jpg\"><img loading=\"lazy\" decoding=\"async\" class=\"alignnone size-medium wp-image-18320\" src=\"https:\/\/kingarms.ee\/wp-content\/uploads\/2019\/09\/b5023d58-c3da-11e9-858f-001e67ad91cb_1a55d1bb-9aa0-4af7-8763-22eaa19e5c14-2-300x225.jpg\" alt=\"\" width=\"300\" height=\"225\" srcset=\"https:\/\/kingarms.ee\/wp-content\/uploads\/2019\/09\/b5023d58-c3da-11e9-858f-001e67ad91cb_1a55d1bb-9aa0-4af7-8763-22eaa19e5c14-2-300x225.jpg 300w, https:\/\/kingarms.ee\/wp-content\/uploads\/2019\/09\/b5023d58-c3da-11e9-858f-001e67ad91cb_1a55d1bb-9aa0-4af7-8763-22eaa19e5c14-2-150x113.jpg 150w, https:\/\/kingarms.ee\/wp-content\/uploads\/2019\/09\/b5023d58-c3da-11e9-858f-001e67ad91cb_1a55d1bb-9aa0-4af7-8763-22eaa19e5c14-2-500x375.jpg 500w, https:\/\/kingarms.ee\/wp-content\/uploads\/2019\/09\/b5023d58-c3da-11e9-858f-001e67ad91cb_1a55d1bb-9aa0-4af7-8763-22eaa19e5c14-2-768x576.jpg 768w, https:\/\/kingarms.ee\/wp-content\/uploads\/2019\/09\/b5023d58-c3da-11e9-858f-001e67ad91cb_1a55d1bb-9aa0-4af7-8763-22eaa19e5c14-2-600x450.jpg 600w, https:\/\/kingarms.ee\/wp-content\/uploads\/2019\/09\/b5023d58-c3da-11e9-858f-001e67ad91cb_1a55d1bb-9aa0-4af7-8763-22eaa19e5c14-2.jpg 1000w\" sizes=\"auto, (max-width: 300px) 100vw, 300px\" \/><\/a><\/p>\n","protected":false},"excerpt":{"rendered":"<p>Borneris nurod\u0117 0,58 g 4,5 mm (500 tk)<\/p>\n<p>BORNER oro \u0161autuvo granuli\u0173 ilgiai yra vidutinio sunkumo Spitzkopf diabolo vidutiniai atstumai, skirti naudoti ir ribotos galios (F-) oro patrankose.<\/p>\n<p> Aerodinaminis apvalios galvos diabolo dizainas u\u017etikrina ger\u0105 tikslum\u0105, grie\u017etas \u0161\u016bvi\u0173 grupes ir didel\u0119 \u012fsiskverbimo energij\u0105.<\/p>\n<p> Jie yra labai tinkami d\u0117l plinkavimo savybi\u0173.<\/p>\n<p>Techniniai duomenys ir matmenys:<\/p>\n<p>Gamintojas: Bir\u017eos Makleris<\/p>\n<p>modelis: ilgas<\/p>\n<p>forma: a\u0161tri galva, lygi<\/p>\n<p>taikymo sritis: Plinking, CO2 pistoletas<\/p>\n<p>kalibras: 4,5 mm (0,177)<\/p>\n<p>svoris: 0,58 g (9,00 gr)<\/p>\n<p>turinys: 500 vienet\u0173<\/p>\n","protected":false},"featured_media":111148,"template":"","meta":{"_acf_changed":false},"product_brand":[],"product_cat":[1189],"product_tag":[],"class_list":{"0":"post-146935","1":"product","2":"type-product","3":"status-publish","4":"has-post-thumbnail","6":"product_cat-oro-pistoletas-4-5-mm","8":"first","9":"instock","10":"taxable","11":"shipping-taxable","12":"purchasable","13":"product-type-simple"},"acf":[],"_links":{"self":[{"href":"https:\/\/kingarms.ee\/lt\/wp-json\/wp\/v2\/product\/146935","targetHints":{"allow":["GET"]}}],"collection":[{"href":"https:\/\/kingarms.ee\/lt\/wp-json\/wp\/v2\/product"}],"about":[{"href":"https:\/\/kingarms.ee\/lt\/wp-json\/wp\/v2\/types\/product"}],"wp:featuredmedia":[{"embeddable":true,"href":"https:\/\/kingarms.ee\/lt\/wp-json\/wp\/v2\/media\/111148"}],"wp:attachment":[{"href":"https:\/\/kingarms.ee\/lt\/wp-json\/wp\/v2\/media?parent=146935"}],"wp:term":[{"taxonomy":"product_brand","embeddable":true,"href":"https:\/\/kingarms.ee\/lt\/wp-json\/wp\/v2\/product_brand?post=146935"},{"taxonomy":"product_cat","embeddable":true,"href":"https:\/\/kingarms.ee\/lt\/wp-json\/wp\/v2\/product_cat?post=146935"},{"taxonomy":"product_tag","embeddable":true,"href":"https:\/\/kingarms.ee\/lt\/wp-json\/wp\/v2\/product_tag?post=146935"}],"curies":[{"name":"wp","href":"https:\/\/api.w.org\/{rel}","templated":true}]}}