{"id":146947,"date":"2019-06-21T15:55:13","date_gmt":"2025-03-10T12:57:08","guid":{"rendered":"https:\/\/kingarms.ee\/product\/kuprine-25l-royal-miskas\/"},"modified":"2025-03-10T15:57:08","modified_gmt":"2025-03-10T12:57:08","slug":"kuprine-25l-royal-miskas","status":"publish","type":"product","link":"https:\/\/kingarms.ee\/lt\/product\/kuprine-25l-royal-miskas\/","title":{"rendered":"Kuprin\u0117 25l (Royal) &#8211; mi\u0161kas<br><br>"},"content":{"rendered":"<p><a href=\"https:\/\/kingarms.ee\/wp-content\/uploads\/2019\/06\/chrome_FDgyqXrW7e-300x300.png\"><img loading=\"lazy\" decoding=\"async\" class=\"alignnone size-medium wp-image-16085\" src=\"https:\/\/kingarms.ee\/wp-content\/uploads\/2019\/06\/chrome_FDgyqXrW7e-300x300.png\" alt=\"\" width=\"300\" height=\"300\" srcset=\"https:\/\/kingarms.ee\/wp-content\/uploads\/2019\/06\/chrome_FDgyqXrW7e-300x300.png 300w, https:\/\/kingarms.ee\/wp-content\/uploads\/2019\/06\/chrome_FDgyqXrW7e-150x149.png 150w, https:\/\/kingarms.ee\/wp-content\/uploads\/2019\/06\/chrome_FDgyqXrW7e-500x498.png 500w, https:\/\/kingarms.ee\/wp-content\/uploads\/2019\/06\/chrome_FDgyqXrW7e-768x765.png 768w, https:\/\/kingarms.ee\/wp-content\/uploads\/2019\/06\/chrome_FDgyqXrW7e.png 795w\" sizes=\"auto, (max-width: 300px) 100vw, 300px\" \/><\/a><\/p>\n","protected":false},"excerpt":{"rendered":"<p>Kuprin\u0117 25l (Royal) &#8211; mi\u0161kas<\/p>\n<p>Labai patogi kuprin\u0117 I\u0161 Nailono.<\/p>\n<p> Ma\u017ei ir kompakti\u0161ki matmenys.<\/p>\n<p> Krep\u0161ys pagamintas su mink\u0161tais \u012fklotais viduje, kurie apsaugo nuo subtili\u0173 su\u017ealojim\u0173.<\/p>\n<p> Visose ki\u0161en\u0117se yra u\u017etrauktukas.<\/p>\n<p> Kuprin\u0117 leid\u017eia montuoti priedus: ki\u0161enes \/ krep\u0161ius.<\/p>\n<p>Seljakoti m antai: 400mm-250mm-200mm.<\/p>\n","protected":false},"featured_media":133254,"template":"","meta":{"_acf_changed":false},"product_brand":[],"product_cat":[1243,1240],"product_tag":[],"class_list":{"0":"post-146947","1":"product","2":"type-product","3":"status-publish","4":"has-post-thumbnail","6":"product_cat-kuprines","7":"product_cat-maiseliai-krepsiai-ir-dirzeliai","9":"first","10":"instock","11":"taxable","12":"shipping-taxable","13":"purchasable","14":"product-type-simple"},"acf":[],"_links":{"self":[{"href":"https:\/\/kingarms.ee\/lt\/wp-json\/wp\/v2\/product\/146947","targetHints":{"allow":["GET"]}}],"collection":[{"href":"https:\/\/kingarms.ee\/lt\/wp-json\/wp\/v2\/product"}],"about":[{"href":"https:\/\/kingarms.ee\/lt\/wp-json\/wp\/v2\/types\/product"}],"wp:featuredmedia":[{"embeddable":true,"href":"https:\/\/kingarms.ee\/lt\/wp-json\/wp\/v2\/media\/133254"}],"wp:attachment":[{"href":"https:\/\/kingarms.ee\/lt\/wp-json\/wp\/v2\/media?parent=146947"}],"wp:term":[{"taxonomy":"product_brand","embeddable":true,"href":"https:\/\/kingarms.ee\/lt\/wp-json\/wp\/v2\/product_brand?post=146947"},{"taxonomy":"product_cat","embeddable":true,"href":"https:\/\/kingarms.ee\/lt\/wp-json\/wp\/v2\/product_cat?post=146947"},{"taxonomy":"product_tag","embeddable":true,"href":"https:\/\/kingarms.ee\/lt\/wp-json\/wp\/v2\/product_tag?post=146947"}],"curies":[{"name":"wp","href":"https:\/\/api.w.org\/{rel}","templated":true}]}}