{"id":146955,"date":"2019-03-14T10:58:18","date_gmt":"2025-03-10T13:30:57","guid":{"rendered":"https:\/\/kingarms.ee\/product\/26-bbs-cz-sp-01-seselis-salv\/"},"modified":"2025-03-10T16:30:57","modified_gmt":"2025-03-10T13:30:57","slug":"26-bbs-cz-sp-01-seselis-salv","status":"publish","type":"product","link":"https:\/\/kingarms.ee\/lt\/product\/26-bbs-cz-sp-01-seselis-salv\/","title":{"rendered":"26 BBs CZ SP-01 \u0161e\u0161\u0117lis salv<br><br>"},"content":{"rendered":"<p><a href=\"https:\/\/kingarms.ee\/wp-content\/uploads\/2019\/03\/18410-000-300x225.jpg\"><img loading=\"lazy\" decoding=\"async\" class=\"alignnone size-medium wp-image-13092\" src=\"https:\/\/kingarms.ee\/wp-content\/uploads\/2019\/03\/18410-000-300x225.jpg\" alt=\"\" width=\"300\" height=\"225\" srcset=\"https:\/\/kingarms.ee\/wp-content\/uploads\/2019\/03\/18410-000-300x225.jpg 300w, https:\/\/kingarms.ee\/wp-content\/uploads\/2019\/03\/18410-000-150x113.jpg 150w, https:\/\/kingarms.ee\/wp-content\/uploads\/2019\/03\/18410-000-500x375.jpg 500w, https:\/\/kingarms.ee\/wp-content\/uploads\/2019\/03\/18410-000-768x576.jpg 768w, https:\/\/kingarms.ee\/wp-content\/uploads\/2019\/03\/18410-000.jpg 1024w, https:\/\/kingarms.ee\/wp-content\/uploads\/2019\/03\/18410-000-600x450.jpg 600w\" sizes=\"auto, (max-width: 300px) 100vw, 300px\" \/><\/a><\/p>\n","protected":false},"excerpt":{"rendered":"<p>26 BBs CZ SP-01 \u0161e\u0161\u0117lis salv<\/p>\n<p>T\u2082issuuruses 26 kuuli mahutav GreenGas salv GBB relvale SP-01 \u0161e\u0161\u0117lis<\/p>\n","protected":false},"featured_media":109015,"template":"","meta":{"_acf_changed":false},"product_brand":[],"product_cat":[1199],"product_tag":[],"class_list":{"0":"post-146955","1":"product","2":"type-product","3":"status-publish","4":"has-post-thumbnail","6":"product_cat-airsoft-lt","8":"first","9":"onbackorder","10":"taxable","11":"shipping-taxable","12":"product-type-simple"},"acf":[],"_links":{"self":[{"href":"https:\/\/kingarms.ee\/lt\/wp-json\/wp\/v2\/product\/146955","targetHints":{"allow":["GET"]}}],"collection":[{"href":"https:\/\/kingarms.ee\/lt\/wp-json\/wp\/v2\/product"}],"about":[{"href":"https:\/\/kingarms.ee\/lt\/wp-json\/wp\/v2\/types\/product"}],"wp:featuredmedia":[{"embeddable":true,"href":"https:\/\/kingarms.ee\/lt\/wp-json\/wp\/v2\/media\/109015"}],"wp:attachment":[{"href":"https:\/\/kingarms.ee\/lt\/wp-json\/wp\/v2\/media?parent=146955"}],"wp:term":[{"taxonomy":"product_brand","embeddable":true,"href":"https:\/\/kingarms.ee\/lt\/wp-json\/wp\/v2\/product_brand?post=146955"},{"taxonomy":"product_cat","embeddable":true,"href":"https:\/\/kingarms.ee\/lt\/wp-json\/wp\/v2\/product_cat?post=146955"},{"taxonomy":"product_tag","embeddable":true,"href":"https:\/\/kingarms.ee\/lt\/wp-json\/wp\/v2\/product_tag?post=146955"}],"curies":[{"name":"wp","href":"https:\/\/api.w.org\/{rel}","templated":true}]}}