{"id":146977,"date":"2020-05-26T13:02:25","date_gmt":"2025-03-10T15:51:57","guid":{"rendered":"https:\/\/kingarms.ee\/product\/bornerio-tusciaviduris-taskas-058-g-45-mm-500-tk\/"},"modified":"2025-03-10T18:51:57","modified_gmt":"2025-03-10T15:51:57","slug":"bornerio-tusciaviduris-taskas-058-g-45-mm-500-tk","status":"publish","type":"product","link":"https:\/\/kingarms.ee\/lt\/product\/bornerio-tusciaviduris-taskas-058-g-45-mm-500-tk\/","title":{"rendered":"Bornerio tu\u0161\u010diaviduris ta\u0161kas 0,58 g 4,5 mm (500 tk)<br><br>"},"content":{"rendered":"<p><a href=\"https:\/\/kingarms.ee\/wp-content\/uploads\/2020\/05\/kulkeles-borner-domed-55mm-cal22-300x300.jpg\"><img loading=\"lazy\" decoding=\"async\" class=\"alignnone size-medium wp-image-27747\" src=\"https:\/\/kingarms.ee\/wp-content\/uploads\/2020\/05\/kulkeles-borner-domed-55mm-cal22-300x300.jpg\" alt=\"\" width=\"300\" height=\"300\" srcset=\"https:\/\/kingarms.ee\/wp-content\/uploads\/2020\/05\/kulkeles-borner-domed-55mm-cal22-300x300.jpg 300w, https:\/\/kingarms.ee\/wp-content\/uploads\/2020\/05\/kulkeles-borner-domed-55mm-cal22-150x150.jpg 150w, https:\/\/kingarms.ee\/wp-content\/uploads\/2020\/05\/kulkeles-borner-domed-55mm-cal22.jpg 458w\" sizes=\"auto, (max-width: 300px) 100vw, 300px\" \/><\/a><\/p>\n","protected":false},"excerpt":{"rendered":"<p>Bornerio tu\u0161\u010diaviduris ta\u0161kas 0,58 g 4,5 mm (500 tk)<\/p>\n<p>Tu\u0161\u010diavidur\u0117s Ta\u0161kin\u0117s kulkos yra tiksl\u016bs, gerai subalansuoti oro \u0161autuv\u0173 kamuoliai, pasi\u017eymintys puikia aerodinamika, tinkami \u0161audyti dideliais atstumais.<\/p>\n<p> Tinka oro ginklams.<\/p>\n<p>Kalibras: 4.5 mm (177)<\/p>\n<p>Svoris: 0,58 g.<\/p>\n<p>D\u0117\u017eut\u0117:. 500 Vnt.<\/p>\n","protected":false},"featured_media":112618,"template":"","meta":{"_acf_changed":false},"product_brand":[],"product_cat":[1189],"product_tag":[],"class_list":{"0":"post-146977","1":"product","2":"type-product","3":"status-publish","4":"has-post-thumbnail","6":"product_cat-oro-pistoletas-4-5-mm","8":"first","9":"instock","10":"taxable","11":"shipping-taxable","12":"purchasable","13":"product-type-simple"},"acf":[],"_links":{"self":[{"href":"https:\/\/kingarms.ee\/lt\/wp-json\/wp\/v2\/product\/146977","targetHints":{"allow":["GET"]}}],"collection":[{"href":"https:\/\/kingarms.ee\/lt\/wp-json\/wp\/v2\/product"}],"about":[{"href":"https:\/\/kingarms.ee\/lt\/wp-json\/wp\/v2\/types\/product"}],"wp:featuredmedia":[{"embeddable":true,"href":"https:\/\/kingarms.ee\/lt\/wp-json\/wp\/v2\/media\/112618"}],"wp:attachment":[{"href":"https:\/\/kingarms.ee\/lt\/wp-json\/wp\/v2\/media?parent=146977"}],"wp:term":[{"taxonomy":"product_brand","embeddable":true,"href":"https:\/\/kingarms.ee\/lt\/wp-json\/wp\/v2\/product_brand?post=146977"},{"taxonomy":"product_cat","embeddable":true,"href":"https:\/\/kingarms.ee\/lt\/wp-json\/wp\/v2\/product_cat?post=146977"},{"taxonomy":"product_tag","embeddable":true,"href":"https:\/\/kingarms.ee\/lt\/wp-json\/wp\/v2\/product_tag?post=146977"}],"curies":[{"name":"wp","href":"https:\/\/api.w.org\/{rel}","templated":true}]}}