{"id":146994,"date":"2019-07-24T23:48:45","date_gmt":"2025-03-10T16:21:22","guid":{"rendered":"https:\/\/kingarms.ee\/product\/ris-reil-ak-tipo-ginklams-metalas\/"},"modified":"2025-03-10T19:21:22","modified_gmt":"2025-03-10T16:21:22","slug":"ris-reil-ak-tipo-ginklams-metalas","status":"publish","type":"product","link":"https:\/\/kingarms.ee\/lt\/product\/ris-reil-ak-tipo-ginklams-metalas\/","title":{"rendered":"RIS reil AK Tipo ginklams (metalas)<br><br>"},"content":{"rendered":"<p><a href=\"https:\/\/kingarms.ee\/wp-content\/uploads\/2019\/07\/cobra-airsoft-railed-ak-scope-mount-black-metal-20mm-picatinny-rail-9253-17418-pekm500x500ekm-300x300.jpg\"><img loading=\"lazy\" decoding=\"async\" class=\"alignnone size-medium wp-image-17225\" src=\"https:\/\/kingarms.ee\/wp-content\/uploads\/2019\/07\/cobra-airsoft-railed-ak-scope-mount-black-metal-20mm-picatinny-rail-9253-17418-pekm500x500ekm-300x300.jpg\" alt=\"\" width=\"300\" height=\"300\" srcset=\"https:\/\/kingarms.ee\/wp-content\/uploads\/2019\/07\/cobra-airsoft-railed-ak-scope-mount-black-metal-20mm-picatinny-rail-9253-17418-pekm500x500ekm-300x300.jpg 300w, https:\/\/kingarms.ee\/wp-content\/uploads\/2019\/07\/cobra-airsoft-railed-ak-scope-mount-black-metal-20mm-picatinny-rail-9253-17418-pekm500x500ekm-150x150.jpg 150w, https:\/\/kingarms.ee\/wp-content\/uploads\/2019\/07\/cobra-airsoft-railed-ak-scope-mount-black-metal-20mm-picatinny-rail-9253-17418-pekm500x500ekm.jpg 500w\" sizes=\"auto, (max-width: 300px) 100vw, 300px\" \/><\/a><\/p>\n","protected":false},"excerpt":{"rendered":"<p>RIS reil AK Tipo ginklams (metalas)<\/p>\n<p>Ris reil yra skirtas AK Tipo ginklams.<\/p>\n<p> Reil suteikia jums galimyb\u0119 \u012fdiegti raudon\u0105 ta\u0161k\u0105 arba trump\u0105 optin\u012f taikikl\u012f.<\/p>\n<p>Svoris: 230g<\/p>\n","protected":false},"featured_media":110696,"template":"","meta":{"_acf_changed":false},"product_brand":[],"product_cat":[1273],"product_tag":[],"class_list":{"0":"post-146994","1":"product","2":"type-product","3":"status-publish","4":"has-post-thumbnail","6":"product_cat-atsargines-dalys","8":"first","9":"instock","10":"taxable","11":"shipping-taxable","12":"purchasable","13":"product-type-simple"},"acf":[],"_links":{"self":[{"href":"https:\/\/kingarms.ee\/lt\/wp-json\/wp\/v2\/product\/146994","targetHints":{"allow":["GET"]}}],"collection":[{"href":"https:\/\/kingarms.ee\/lt\/wp-json\/wp\/v2\/product"}],"about":[{"href":"https:\/\/kingarms.ee\/lt\/wp-json\/wp\/v2\/types\/product"}],"wp:featuredmedia":[{"embeddable":true,"href":"https:\/\/kingarms.ee\/lt\/wp-json\/wp\/v2\/media\/110696"}],"wp:attachment":[{"href":"https:\/\/kingarms.ee\/lt\/wp-json\/wp\/v2\/media?parent=146994"}],"wp:term":[{"taxonomy":"product_brand","embeddable":true,"href":"https:\/\/kingarms.ee\/lt\/wp-json\/wp\/v2\/product_brand?post=146994"},{"taxonomy":"product_cat","embeddable":true,"href":"https:\/\/kingarms.ee\/lt\/wp-json\/wp\/v2\/product_cat?post=146994"},{"taxonomy":"product_tag","embeddable":true,"href":"https:\/\/kingarms.ee\/lt\/wp-json\/wp\/v2\/product_tag?post=146994"}],"curies":[{"name":"wp","href":"https:\/\/api.w.org\/{rel}","templated":true}]}}