{"id":146996,"date":"2019-05-02T18:29:30","date_gmt":"2025-03-10T16:36:34","guid":{"rendered":"https:\/\/kingarms.ee\/product\/transportavimo-krepsys-multicam\/"},"modified":"2025-03-10T19:36:34","modified_gmt":"2025-03-10T16:36:34","slug":"transportavimo-krepsys-multicam","status":"publish","type":"product","link":"https:\/\/kingarms.ee\/lt\/product\/transportavimo-krepsys-multicam\/","title":{"rendered":"Transportavimo Krep\u0161ys-Multicam<br><br>"},"content":{"rendered":"<p><a href=\"https:\/\/kingarms.ee\/wp-content\/uploads\/2019\/05\/1152222177_1-300x200.jpg\"><img loading=\"lazy\" decoding=\"async\" class=\"alignnone size-medium wp-image-14841\" src=\"https:\/\/kingarms.ee\/wp-content\/uploads\/2019\/05\/1152222177_1-300x200.jpg\" alt=\"\" width=\"300\" height=\"200\" srcset=\"https:\/\/kingarms.ee\/wp-content\/uploads\/2019\/05\/1152222177_1-300x200.jpg 300w, https:\/\/kingarms.ee\/wp-content\/uploads\/2019\/05\/1152222177_1-150x100.jpg 150w, https:\/\/kingarms.ee\/wp-content\/uploads\/2019\/05\/1152222177_1-500x333.jpg 500w, https:\/\/kingarms.ee\/wp-content\/uploads\/2019\/05\/1152222177_1-768x512.jpg 768w, https:\/\/kingarms.ee\/wp-content\/uploads\/2019\/05\/1152222177_1.jpg 800w\" sizes=\"auto, (max-width: 300px) 100vw, 300px\" \/><\/a><\/p>\n","protected":false},"excerpt":{"rendered":"<p>Transportavimo Krep\u0161ys-Multicam<\/p>\n<p>Paprastas transportavimo krep\u0161ys pagamintas i\u0161 patvaraus nailono.<\/p>\n<p> Krep\u0161ys turi dvigub\u0105 u\u017etrauktuk\u0105 ir ranken\u0105 patogiam ne\u0161iojimui.<\/p>\n<p> Did\u017eiausias \u0161io krep\u0161io privalumas yra vandeniui atspari med\u017eiaga.<\/p>\n","protected":false},"featured_media":109728,"template":"","meta":{"_acf_changed":false},"product_brand":[],"product_cat":[1208],"product_tag":[],"class_list":{"0":"post-146996","1":"product","2":"type-product","3":"status-publish","4":"has-post-thumbnail","6":"product_cat-atvejai-ir-krepsiai","8":"first","9":"instock","10":"taxable","11":"shipping-taxable","12":"purchasable","13":"product-type-simple"},"acf":[],"_links":{"self":[{"href":"https:\/\/kingarms.ee\/lt\/wp-json\/wp\/v2\/product\/146996","targetHints":{"allow":["GET"]}}],"collection":[{"href":"https:\/\/kingarms.ee\/lt\/wp-json\/wp\/v2\/product"}],"about":[{"href":"https:\/\/kingarms.ee\/lt\/wp-json\/wp\/v2\/types\/product"}],"wp:featuredmedia":[{"embeddable":true,"href":"https:\/\/kingarms.ee\/lt\/wp-json\/wp\/v2\/media\/109728"}],"wp:attachment":[{"href":"https:\/\/kingarms.ee\/lt\/wp-json\/wp\/v2\/media?parent=146996"}],"wp:term":[{"taxonomy":"product_brand","embeddable":true,"href":"https:\/\/kingarms.ee\/lt\/wp-json\/wp\/v2\/product_brand?post=146996"},{"taxonomy":"product_cat","embeddable":true,"href":"https:\/\/kingarms.ee\/lt\/wp-json\/wp\/v2\/product_cat?post=146996"},{"taxonomy":"product_tag","embeddable":true,"href":"https:\/\/kingarms.ee\/lt\/wp-json\/wp\/v2\/product_tag?post=146996"}],"curies":[{"name":"wp","href":"https:\/\/api.w.org\/{rel}","templated":true}]}}