{"id":147004,"date":"2019-07-07T17:07:33","date_gmt":"2025-03-11T10:48:30","guid":{"rendered":"https:\/\/kingarms.ee\/product\/kolekcija-krepsys-alyvuogiu\/"},"modified":"2025-03-11T13:48:30","modified_gmt":"2025-03-11T10:48:30","slug":"kolekcija-krepsys-alyvuogiu","status":"publish","type":"product","link":"https:\/\/kingarms.ee\/lt\/product\/kolekcija-krepsys-alyvuogiu\/","title":{"rendered":"Kolekcija Krep\u0161ys-Alyvuogi\u0173<br><br>"},"content":{"rendered":"<p><a href=\"https:\/\/kingarms.ee\/wp-content\/uploads\/2019\/07\/1152193903_1-300x204.jpg\"><img loading=\"lazy\" decoding=\"async\" class=\"size-medium wp-image-16756\" src=\"https:\/\/kingarms.ee\/wp-content\/uploads\/2019\/07\/1152193903_1-300x204.jpg\" alt=\"\" width=\"300\" height=\"204\" srcset=\"https:\/\/kingarms.ee\/wp-content\/uploads\/2019\/07\/1152193903_1-300x204.jpg 300w, https:\/\/kingarms.ee\/wp-content\/uploads\/2019\/07\/1152193903_1-150x102.jpg 150w, https:\/\/kingarms.ee\/wp-content\/uploads\/2019\/07\/1152193903_1-500x341.jpg 500w, https:\/\/kingarms.ee\/wp-content\/uploads\/2019\/07\/1152193903_1-768x523.jpg 768w, https:\/\/kingarms.ee\/wp-content\/uploads\/2019\/07\/1152193903_1.jpg 800w\" sizes=\"auto, (max-width: 300px) 100vw, 300px\" \/><\/a><\/p>\n","protected":false},"excerpt":{"rendered":"<p>Kolekcija Krep\u0161ys-Alyvuogi\u0173<\/p>\n<p>Krep\u0161ys gali b\u016bti tvirtinamas dir\u017eeliu, naudojant kablio ir kilpos tvirtinimo dir\u017eus arba skl\u0105st\u012f.<\/p>\n<p> I\u0161traukikliai yra viduje, o tai neleid\u017eia \u012fterptiems daiktams i\u0161kristi.<\/p>\n<p> Dempingo pakuot\u0117 yra labai geras sprendimas dinami\u0161ko d\u0117klo keitimo metu.<\/p>\n","protected":false},"featured_media":110526,"template":"","meta":{"_acf_changed":false},"product_brand":[],"product_cat":[1246,1240],"product_tag":[],"class_list":{"0":"post-147004","1":"product","2":"type-product","3":"status-publish","4":"has-post-thumbnail","6":"product_cat-kisenes","7":"product_cat-maiseliai-krepsiai-ir-dirzeliai","9":"first","10":"instock","11":"taxable","12":"shipping-taxable","13":"purchasable","14":"product-type-simple"},"acf":[],"_links":{"self":[{"href":"https:\/\/kingarms.ee\/lt\/wp-json\/wp\/v2\/product\/147004","targetHints":{"allow":["GET"]}}],"collection":[{"href":"https:\/\/kingarms.ee\/lt\/wp-json\/wp\/v2\/product"}],"about":[{"href":"https:\/\/kingarms.ee\/lt\/wp-json\/wp\/v2\/types\/product"}],"wp:featuredmedia":[{"embeddable":true,"href":"https:\/\/kingarms.ee\/lt\/wp-json\/wp\/v2\/media\/110526"}],"wp:attachment":[{"href":"https:\/\/kingarms.ee\/lt\/wp-json\/wp\/v2\/media?parent=147004"}],"wp:term":[{"taxonomy":"product_brand","embeddable":true,"href":"https:\/\/kingarms.ee\/lt\/wp-json\/wp\/v2\/product_brand?post=147004"},{"taxonomy":"product_cat","embeddable":true,"href":"https:\/\/kingarms.ee\/lt\/wp-json\/wp\/v2\/product_cat?post=147004"},{"taxonomy":"product_tag","embeddable":true,"href":"https:\/\/kingarms.ee\/lt\/wp-json\/wp\/v2\/product_tag?post=147004"}],"curies":[{"name":"wp","href":"https:\/\/api.w.org\/{rel}","templated":true}]}}