{"id":147023,"date":"2018-08-31T08:09:28","date_gmt":"2025-03-11T11:31:40","guid":{"rendered":"https:\/\/kingarms.ee\/product\/v2-pavaru-deze-kontaktblokk\/"},"modified":"2025-03-11T14:31:40","modified_gmt":"2025-03-11T11:31:40","slug":"v2-pavaru-deze-kontaktblokk","status":"publish","type":"product","link":"https:\/\/kingarms.ee\/lt\/product\/v2-pavaru-deze-kontaktblokk\/","title":{"rendered":"V2 pavar\u0173 d\u0117\u017e\u0117 kontaktblokk<br><br>"},"content":{"rendered":"<p><a href=\"https:\/\/kingarms.ee\/wp-content\/uploads\/2018\/08\/1152200976_1.jpg\"><img loading=\"lazy\" decoding=\"async\" class=\"size-medium wp-image-4395\" src=\"https:\/\/kingarms.ee\/wp-content\/uploads\/2018\/08\/1152200976_1-300x205.jpg\" alt=\"\" width=\"300\" height=\"205\"><\/a><\/p>\n","protected":false},"excerpt":{"rendered":"<p>V2 pavar\u0173 d\u0117\u017e\u0117 kontaktblokk<\/p>\n","protected":false},"featured_media":107189,"template":"","meta":{"_acf_changed":false},"product_brand":[],"product_cat":[1273],"product_tag":[],"class_list":{"0":"post-147023","1":"product","2":"type-product","3":"status-publish","4":"has-post-thumbnail","6":"product_cat-atsargines-dalys","8":"first","9":"instock","10":"purchasable","11":"product-type-simple"},"acf":[],"_links":{"self":[{"href":"https:\/\/kingarms.ee\/lt\/wp-json\/wp\/v2\/product\/147023","targetHints":{"allow":["GET"]}}],"collection":[{"href":"https:\/\/kingarms.ee\/lt\/wp-json\/wp\/v2\/product"}],"about":[{"href":"https:\/\/kingarms.ee\/lt\/wp-json\/wp\/v2\/types\/product"}],"wp:featuredmedia":[{"embeddable":true,"href":"https:\/\/kingarms.ee\/lt\/wp-json\/wp\/v2\/media\/107189"}],"wp:attachment":[{"href":"https:\/\/kingarms.ee\/lt\/wp-json\/wp\/v2\/media?parent=147023"}],"wp:term":[{"taxonomy":"product_brand","embeddable":true,"href":"https:\/\/kingarms.ee\/lt\/wp-json\/wp\/v2\/product_brand?post=147023"},{"taxonomy":"product_cat","embeddable":true,"href":"https:\/\/kingarms.ee\/lt\/wp-json\/wp\/v2\/product_cat?post=147023"},{"taxonomy":"product_tag","embeddable":true,"href":"https:\/\/kingarms.ee\/lt\/wp-json\/wp\/v2\/product_tag?post=147023"}],"curies":[{"name":"wp","href":"https:\/\/api.w.org\/{rel}","templated":true}]}}