{"id":147040,"date":"2018-08-31T11:09:18","date_gmt":"2025-03-11T11:56:29","guid":{"rendered":"https:\/\/kingarms.ee\/product\/spygliai-aps\/"},"modified":"2025-03-11T14:56:29","modified_gmt":"2025-03-11T11:56:29","slug":"spygliai-aps","status":"publish","type":"product","link":"https:\/\/kingarms.ee\/lt\/product\/spygliai-aps\/","title":{"rendered":"Spygliai (APS)<br><br>"},"content":{"rendered":"<p><a href=\"https:\/\/kingarms.ee\/wp-content\/uploads\/2018\/06\/1152194476_1.jpg\"><img loading=\"lazy\" decoding=\"async\" class=\"size-medium wp-image-3472\" src=\"https:\/\/kingarms.ee\/wp-content\/uploads\/2018\/06\/1152194476_1-300x204.jpg\" alt=\"\" width=\"300\" height=\"204\"><\/a><\/p>\n","protected":false},"excerpt":{"rendered":"<p>Spygliai (APS)<\/p>\n<p>Sulankstoma teleskopin\u0117 \u0161akut\u0117 j\u016bs\u0173 snaiperio \u0161autuvui.<\/p>\n<p> Estakados auk\u0161t\u012f galima reguliuoti pagal pageidavim\u0105.<\/p>\n<p> Tinka snaiperio ginklams.<\/p>\n","protected":false},"featured_media":106975,"template":"","meta":{"_acf_changed":false},"product_brand":[],"product_cat":[1207],"product_tag":[],"class_list":{"0":"post-147040","1":"product","2":"type-product","3":"status-publish","4":"has-post-thumbnail","6":"product_cat-rankenos-ziedai-dirzai","8":"first","9":"onbackorder","10":"product-type-simple"},"acf":[],"_links":{"self":[{"href":"https:\/\/kingarms.ee\/lt\/wp-json\/wp\/v2\/product\/147040","targetHints":{"allow":["GET"]}}],"collection":[{"href":"https:\/\/kingarms.ee\/lt\/wp-json\/wp\/v2\/product"}],"about":[{"href":"https:\/\/kingarms.ee\/lt\/wp-json\/wp\/v2\/types\/product"}],"wp:featuredmedia":[{"embeddable":true,"href":"https:\/\/kingarms.ee\/lt\/wp-json\/wp\/v2\/media\/106975"}],"wp:attachment":[{"href":"https:\/\/kingarms.ee\/lt\/wp-json\/wp\/v2\/media?parent=147040"}],"wp:term":[{"taxonomy":"product_brand","embeddable":true,"href":"https:\/\/kingarms.ee\/lt\/wp-json\/wp\/v2\/product_brand?post=147040"},{"taxonomy":"product_cat","embeddable":true,"href":"https:\/\/kingarms.ee\/lt\/wp-json\/wp\/v2\/product_cat?post=147040"},{"taxonomy":"product_tag","embeddable":true,"href":"https:\/\/kingarms.ee\/lt\/wp-json\/wp\/v2\/product_tag?post=147040"}],"curies":[{"name":"wp","href":"https:\/\/api.w.org\/{rel}","templated":true}]}}