{"id":147051,"date":"2020-03-03T16:04:54","date_gmt":"2025-03-11T12:24:47","guid":{"rendered":"https:\/\/kingarms.ee\/product\/pistoleto-deklo-kisene-juoda\/"},"modified":"2025-03-11T15:24:47","modified_gmt":"2025-03-11T12:24:47","slug":"pistoleto-deklo-kisene-juoda","status":"publish","type":"product","link":"https:\/\/kingarms.ee\/lt\/product\/pistoleto-deklo-kisene-juoda\/","title":{"rendered":"Pistoleto d\u0117klo ki\u0161en\u0117-Juoda<br><br>"},"content":{"rendered":"<p><a href=\"https:\/\/kingarms.ee\/wp-content\/uploads\/2020\/03\/1152207925_1-300x200.jpg\"><img loading=\"lazy\" decoding=\"async\" class=\"alignnone size-medium wp-image-25606\" src=\"https:\/\/kingarms.ee\/wp-content\/uploads\/2020\/03\/1152207925_1-300x200.jpg\" alt=\"\" width=\"300\" height=\"200\" srcset=\"https:\/\/kingarms.ee\/wp-content\/uploads\/2020\/03\/1152207925_1-300x200.jpg 300w, https:\/\/kingarms.ee\/wp-content\/uploads\/2020\/03\/1152207925_1-150x100.jpg 150w, https:\/\/kingarms.ee\/wp-content\/uploads\/2020\/03\/1152207925_1-500x333.jpg 500w, https:\/\/kingarms.ee\/wp-content\/uploads\/2020\/03\/1152207925_1-768x512.jpg 768w, https:\/\/kingarms.ee\/wp-content\/uploads\/2020\/03\/1152207925_1.jpg 800w\" sizes=\"auto, (max-width: 300px) 100vw, 300px\" \/><\/a><\/p>\n","protected":false},"excerpt":{"rendered":"<p>Pistoleto d\u0117klo ki\u0161en\u0117-Juoda<\/p>\n<p>Turi bent 1 d\u0117kl\u0105.<\/p>\n<p> Produktas sukurtas taip, kad b\u016bt\u0173 pasiektas maksimalus greitas d\u0117klo keitimas, tod\u0117l jis yra laisvas vir\u0161uje.<\/p>\n<p> Plastikin\u0117s dalys abiejose d\u0117klo ki\u0161en\u0117s pus\u0117se tvirtai laiko d\u0117kl\u0105.<\/p>\n<p> Naudojant elastingas paracord gumas, jei reikia, d\u0117kl\u0105 galima nejudamai pritvirtinti d\u0117klo ki\u0161en\u0117je.<\/p>\n<p> Turinys pagamintas i\u0161 neslid\u017eios med\u017eiagos.<\/p>\n<p> Papildomos ki\u0161en\u0117s gali b\u016bti pritvirtintos prie MOLLE tipo i\u0161or\u0117s.<\/p>\n","protected":false},"featured_media":112074,"template":"","meta":{"_acf_changed":false},"product_brand":[],"product_cat":[1240,1242],"product_tag":[],"class_list":{"0":"post-147051","1":"product","2":"type-product","3":"status-publish","4":"has-post-thumbnail","6":"product_cat-maiseliai-krepsiai-ir-dirzeliai","7":"product_cat-sandeliavimo-kisenes","9":"first","10":"instock","11":"taxable","12":"shipping-taxable","13":"purchasable","14":"product-type-simple"},"acf":[],"_links":{"self":[{"href":"https:\/\/kingarms.ee\/lt\/wp-json\/wp\/v2\/product\/147051","targetHints":{"allow":["GET"]}}],"collection":[{"href":"https:\/\/kingarms.ee\/lt\/wp-json\/wp\/v2\/product"}],"about":[{"href":"https:\/\/kingarms.ee\/lt\/wp-json\/wp\/v2\/types\/product"}],"wp:featuredmedia":[{"embeddable":true,"href":"https:\/\/kingarms.ee\/lt\/wp-json\/wp\/v2\/media\/112074"}],"wp:attachment":[{"href":"https:\/\/kingarms.ee\/lt\/wp-json\/wp\/v2\/media?parent=147051"}],"wp:term":[{"taxonomy":"product_brand","embeddable":true,"href":"https:\/\/kingarms.ee\/lt\/wp-json\/wp\/v2\/product_brand?post=147051"},{"taxonomy":"product_cat","embeddable":true,"href":"https:\/\/kingarms.ee\/lt\/wp-json\/wp\/v2\/product_cat?post=147051"},{"taxonomy":"product_tag","embeddable":true,"href":"https:\/\/kingarms.ee\/lt\/wp-json\/wp\/v2\/product_tag?post=147051"}],"curies":[{"name":"wp","href":"https:\/\/api.w.org\/{rel}","templated":true}]}}