{"id":147058,"date":"2019-10-25T12:29:38","date_gmt":"2025-03-11T12:53:51","guid":{"rendered":"https:\/\/kingarms.ee\/product\/1200-bbs-m4-trummelsalv\/"},"modified":"2025-03-11T15:53:51","modified_gmt":"2025-03-11T12:53:51","slug":"1200-bbs-m4-trummelsalv","status":"publish","type":"product","link":"https:\/\/kingarms.ee\/lt\/product\/1200-bbs-m4-trummelsalv\/","title":{"rendered":"1200 BBs M4 trummelsalv<br><br>"},"content":{"rendered":"<p><a href=\"https:\/\/kingarms.ee\/wp-content\/uploads\/2019\/10\/FBP183411-300x225.jpg\"><img loading=\"lazy\" decoding=\"async\" class=\"alignnone size-medium wp-image-18994\" src=\"https:\/\/kingarms.ee\/wp-content\/uploads\/2019\/10\/FBP183411-300x225.jpg\" alt=\"\" width=\"300\" height=\"225\" srcset=\"https:\/\/kingarms.ee\/wp-content\/uploads\/2019\/10\/FBP183411-300x225.jpg 300w, https:\/\/kingarms.ee\/wp-content\/uploads\/2019\/10\/FBP183411-150x113.jpg 150w, https:\/\/kingarms.ee\/wp-content\/uploads\/2019\/10\/FBP183411-500x375.jpg 500w, https:\/\/kingarms.ee\/wp-content\/uploads\/2019\/10\/FBP183411-600x450.jpg 600w, https:\/\/kingarms.ee\/wp-content\/uploads\/2019\/10\/FBP183411.jpg 640w\" sizes=\"auto, (max-width: 300px) 100vw, 300px\" \/><\/a><\/p>\n","protected":false},"excerpt":{"rendered":"<p>D\u0117klas maitinamas \u012fkraunama baterija, esan\u010dia d\u0117klo viduje(\u012fkroviklis ir baterija pridedami).<\/p>\n<p> \u012ekrovimo laikas apie 3 valandas.<\/p>\n<p> D\u0117kle yra 2 re\u017eim\u0173 automatinis (nuolatinis \u012fkrovimas) ir Vibro valdymas (per didelis spyruoklinis blokavimas prasideda, kai aptinkama d\u0117klo viduje esan\u010di\u0173 rutuli\u0173 judesio vibracija).<\/p>\n<p><span style=\"color: #ff0000;\">NB!<\/p>\n<p> KingArms suteikia jums 3 met\u0173 garantij\u0105.<\/p>\n<p><\/span><\/p>\n","protected":false},"featured_media":111427,"template":"","meta":{"_acf_changed":false},"product_brand":[],"product_cat":[1199],"product_tag":[],"class_list":{"0":"post-147058","1":"product","2":"type-product","3":"status-publish","4":"has-post-thumbnail","6":"product_cat-airsoft-lt","8":"first","9":"onbackorder","10":"taxable","11":"shipping-taxable","12":"product-type-simple"},"acf":[],"_links":{"self":[{"href":"https:\/\/kingarms.ee\/lt\/wp-json\/wp\/v2\/product\/147058","targetHints":{"allow":["GET"]}}],"collection":[{"href":"https:\/\/kingarms.ee\/lt\/wp-json\/wp\/v2\/product"}],"about":[{"href":"https:\/\/kingarms.ee\/lt\/wp-json\/wp\/v2\/types\/product"}],"wp:featuredmedia":[{"embeddable":true,"href":"https:\/\/kingarms.ee\/lt\/wp-json\/wp\/v2\/media\/111427"}],"wp:attachment":[{"href":"https:\/\/kingarms.ee\/lt\/wp-json\/wp\/v2\/media?parent=147058"}],"wp:term":[{"taxonomy":"product_brand","embeddable":true,"href":"https:\/\/kingarms.ee\/lt\/wp-json\/wp\/v2\/product_brand?post=147058"},{"taxonomy":"product_cat","embeddable":true,"href":"https:\/\/kingarms.ee\/lt\/wp-json\/wp\/v2\/product_cat?post=147058"},{"taxonomy":"product_tag","embeddable":true,"href":"https:\/\/kingarms.ee\/lt\/wp-json\/wp\/v2\/product_tag?post=147058"}],"curies":[{"name":"wp","href":"https:\/\/api.w.org\/{rel}","templated":true}]}}