{"id":147060,"date":"2019-10-16T17:38:12","date_gmt":"2025-03-11T13:00:39","guid":{"rendered":"https:\/\/kingarms.ee\/product\/100ml-hunteks-premium\/"},"modified":"2025-03-11T16:00:39","modified_gmt":"2025-03-11T13:00:39","slug":"100ml-hunteks-premium","status":"publish","type":"product","link":"https:\/\/kingarms.ee\/lt\/product\/100ml-hunteks-premium\/","title":{"rendered":"100ml (Hunteks Premium)<br><br>"},"content":{"rendered":"<p><img loading=\"lazy\" decoding=\"async\" class=\"alignnone size-full wp-image-83459\" src=\"https:\/\/kingarms.ee\/wp-content\/uploads\/2019\/10\/0ba4fb57_3690_11ee_8cf0_54a05086629e_b9744118_36a7_11ee_8cf0_54a05086629e.webp\" alt=\"\" width=\"1500\" height=\"1500\" srcset=\"https:\/\/kingarms.ee\/wp-content\/uploads\/2019\/10\/0ba4fb57_3690_11ee_8cf0_54a05086629e_b9744118_36a7_11ee_8cf0_54a05086629e.webp 1500w, https:\/\/kingarms.ee\/wp-content\/uploads\/2019\/10\/0ba4fb57_3690_11ee_8cf0_54a05086629e_b9744118_36a7_11ee_8cf0_54a05086629e-300x300.webp 300w, https:\/\/kingarms.ee\/wp-content\/uploads\/2019\/10\/0ba4fb57_3690_11ee_8cf0_54a05086629e_b9744118_36a7_11ee_8cf0_54a05086629e-1024x1024.webp 1024w, https:\/\/kingarms.ee\/wp-content\/uploads\/2019\/10\/0ba4fb57_3690_11ee_8cf0_54a05086629e_b9744118_36a7_11ee_8cf0_54a05086629e-150x150.webp 150w, https:\/\/kingarms.ee\/wp-content\/uploads\/2019\/10\/0ba4fb57_3690_11ee_8cf0_54a05086629e_b9744118_36a7_11ee_8cf0_54a05086629e-768x768.webp 768w, https:\/\/kingarms.ee\/wp-content\/uploads\/2019\/10\/0ba4fb57_3690_11ee_8cf0_54a05086629e_b9744118_36a7_11ee_8cf0_54a05086629e-500x500.webp 500w\" sizes=\"auto, (max-width: 1500px) 100vw, 1500px\" \/><\/p>\n","protected":false},"excerpt":{"rendered":"<p>100ml (Hunteks Premium)<\/p>\n<p>Ginkl\u0173 aliejus CO2 kapsul\u0117ms ir oro ginklams.<\/p>\n<p>Prie\u0161 montuodami CO2 kapsul\u0119, \u012fla\u0161inkite po la\u0161\u0105 kas tre\u010di\u0105 CO2 kapsul\u0119.<\/p>\n<p>Produktas taip pat tinka naudoti su \u0161aunamaisiais ginklais.<\/p>\n","protected":false},"featured_media":130510,"template":"","meta":{"_acf_changed":false},"product_brand":[],"product_cat":[1150],"product_tag":[],"class_list":{"0":"post-147060","1":"product","2":"type-product","3":"status-publish","4":"has-post-thumbnail","6":"product_cat-ginklu-prieziura","8":"first","9":"instock","10":"taxable","11":"shipping-taxable","12":"purchasable","13":"product-type-simple"},"acf":[],"_links":{"self":[{"href":"https:\/\/kingarms.ee\/lt\/wp-json\/wp\/v2\/product\/147060","targetHints":{"allow":["GET"]}}],"collection":[{"href":"https:\/\/kingarms.ee\/lt\/wp-json\/wp\/v2\/product"}],"about":[{"href":"https:\/\/kingarms.ee\/lt\/wp-json\/wp\/v2\/types\/product"}],"wp:featuredmedia":[{"embeddable":true,"href":"https:\/\/kingarms.ee\/lt\/wp-json\/wp\/v2\/media\/130510"}],"wp:attachment":[{"href":"https:\/\/kingarms.ee\/lt\/wp-json\/wp\/v2\/media?parent=147060"}],"wp:term":[{"taxonomy":"product_brand","embeddable":true,"href":"https:\/\/kingarms.ee\/lt\/wp-json\/wp\/v2\/product_brand?post=147060"},{"taxonomy":"product_cat","embeddable":true,"href":"https:\/\/kingarms.ee\/lt\/wp-json\/wp\/v2\/product_cat?post=147060"},{"taxonomy":"product_tag","embeddable":true,"href":"https:\/\/kingarms.ee\/lt\/wp-json\/wp\/v2\/product_tag?post=147060"}],"curies":[{"name":"wp","href":"https:\/\/api.w.org\/{rel}","templated":true}]}}