{"id":147063,"date":"2019-05-14T12:54:27","date_gmt":"2025-03-11T13:13:50","guid":{"rendered":"https:\/\/kingarms.ee\/product\/juodosios-dujos-turi-gaas-nimrod-taktinis\/"},"modified":"2025-03-11T16:13:50","modified_gmt":"2025-03-11T13:13:50","slug":"juodosios-dujos-turi-gaas-nimrod-taktinis","status":"publish","type":"product","link":"https:\/\/kingarms.ee\/lt\/product\/juodosios-dujos-turi-gaas-nimrod-taktinis\/","title":{"rendered":"Juodosios dujos-turi gaas (Nimrod Taktinis)<br><br>"},"content":{"rendered":"<p><a href=\"https:\/\/kingarms.ee\/wp-content\/uploads\/2019\/05\/extreme-performance-black-gas-500ml-nimrod-p-image-160574-grande-300x200.png\"><img loading=\"lazy\" decoding=\"async\" class=\"alignnone size-medium wp-image-15107\" src=\"https:\/\/kingarms.ee\/wp-content\/uploads\/2019\/05\/extreme-performance-black-gas-500ml-nimrod-p-image-160574-grande-300x200.png\" alt=\"\" width=\"300\" height=\"200\" srcset=\"https:\/\/kingarms.ee\/wp-content\/uploads\/2019\/05\/extreme-performance-black-gas-500ml-nimrod-p-image-160574-grande-300x200.png 300w, https:\/\/kingarms.ee\/wp-content\/uploads\/2019\/05\/extreme-performance-black-gas-500ml-nimrod-p-image-160574-grande-150x100.png 150w, https:\/\/kingarms.ee\/wp-content\/uploads\/2019\/05\/extreme-performance-black-gas-500ml-nimrod-p-image-160574-grande-500x333.png 500w, https:\/\/kingarms.ee\/wp-content\/uploads\/2019\/05\/extreme-performance-black-gas-500ml-nimrod-p-image-160574-grande-768x512.png 768w, https:\/\/kingarms.ee\/wp-content\/uploads\/2019\/05\/extreme-performance-black-gas-500ml-nimrod-p-image-160574-grande.png 800w\" sizes=\"auto, (max-width: 300px) 100vw, 300px\" \/><\/a><\/p>\n","protected":false},"excerpt":{"rendered":"<p>Juodosios dujos-turi gaas (Nimrod Taktinis)<\/p>\n<p>Itin galingos eksploatacin\u0117s dujos.<\/p>\n<p> Tinka naudoti \u017eiem\u0105 ir su auk\u0161tos kokyb\u0117s metaliniais pistoletais ir \u0161autuvais.<\/p>\n<p> Netinkamas naudojimas gali sugadinti pistoletus, \u0161autuvus, granatas ir pad\u0117klus.<\/p>\n<p> Jis turi labai stabil\u0173 duj\u0173 sl\u0117g\u012f, i\u0161skirtin\u012f trajektorijos valdym\u0105, \u017eemos temperat\u016bros efektyvum\u0105 ir labai padidina j\u016bs\u0173 ginklo na\u0161um\u0105.<\/p>\n<p>Sl\u0117gis 20. C: 1.4 MPa \/ 203 Psi \/ 14 bar<\/p>\n<p>Talpa: 1000ml<\/p>\n<p>U\u017epildymo kiekis: 260g \/ 500ml<\/p>\n","protected":false},"featured_media":109835,"template":"","meta":{"_acf_changed":false},"product_brand":[],"product_cat":[1251],"product_tag":[],"class_list":{"0":"post-147063","1":"product","2":"type-product","3":"status-publish","4":"has-post-thumbnail","6":"product_cat-co2-ir-aliejus","8":"first","9":"instock","10":"taxable","11":"shipping-taxable","12":"purchasable","13":"product-type-simple"},"acf":[],"_links":{"self":[{"href":"https:\/\/kingarms.ee\/lt\/wp-json\/wp\/v2\/product\/147063","targetHints":{"allow":["GET"]}}],"collection":[{"href":"https:\/\/kingarms.ee\/lt\/wp-json\/wp\/v2\/product"}],"about":[{"href":"https:\/\/kingarms.ee\/lt\/wp-json\/wp\/v2\/types\/product"}],"wp:featuredmedia":[{"embeddable":true,"href":"https:\/\/kingarms.ee\/lt\/wp-json\/wp\/v2\/media\/109835"}],"wp:attachment":[{"href":"https:\/\/kingarms.ee\/lt\/wp-json\/wp\/v2\/media?parent=147063"}],"wp:term":[{"taxonomy":"product_brand","embeddable":true,"href":"https:\/\/kingarms.ee\/lt\/wp-json\/wp\/v2\/product_brand?post=147063"},{"taxonomy":"product_cat","embeddable":true,"href":"https:\/\/kingarms.ee\/lt\/wp-json\/wp\/v2\/product_cat?post=147063"},{"taxonomy":"product_tag","embeddable":true,"href":"https:\/\/kingarms.ee\/lt\/wp-json\/wp\/v2\/product_tag?post=147063"}],"curies":[{"name":"wp","href":"https:\/\/api.w.org\/{rel}","templated":true}]}}