{"id":147069,"date":"2019-03-21T23:29:30","date_gmt":"2019-03-21T20:29:30","guid":{"rendered":"https:\/\/kingarms.ee\/product\/optimus-crosman\/"},"modified":"2025-03-11T16:32:39","modified_gmt":"2025-03-11T13:32:39","slug":"optimus-crosman","status":"publish","type":"product","link":"https:\/\/kingarms.ee\/lt\/product\/optimus-crosman\/","title":{"rendered":"OPTIMUS (Crosman)<br><br>"},"content":{"rendered":"<p><a href=\"https:\/\/kingarms.ee\/wp-content\/uploads\/2019\/03\/PY-2405_Crosman-Optimus-Breakbarrel-Air_1485887765-300x225.jpg\"><img loading=\"lazy\" decoding=\"async\" class=\"alignnone size-medium wp-image-13421\" src=\"https:\/\/kingarms.ee\/wp-content\/uploads\/2019\/03\/PY-2405_Crosman-Optimus-Breakbarrel-Air_1485887765-300x225.jpg\" alt=\"\" width=\"300\" height=\"225\" srcset=\"https:\/\/kingarms.ee\/wp-content\/uploads\/2019\/03\/PY-2405_Crosman-Optimus-Breakbarrel-Air_1485887765-300x225.jpg 300w, https:\/\/kingarms.ee\/wp-content\/uploads\/2019\/03\/PY-2405_Crosman-Optimus-Breakbarrel-Air_1485887765-150x113.jpg 150w, https:\/\/kingarms.ee\/wp-content\/uploads\/2019\/03\/PY-2405_Crosman-Optimus-Breakbarrel-Air_1485887765-500x375.jpg 500w, https:\/\/kingarms.ee\/wp-content\/uploads\/2019\/03\/PY-2405_Crosman-Optimus-Breakbarrel-Air_1485887765-600x450.jpg 600w, https:\/\/kingarms.ee\/wp-content\/uploads\/2019\/03\/PY-2405_Crosman-Optimus-Breakbarrel-Air_1485887765.jpg 700w\" sizes=\"auto, (max-width: 300px) 100vw, 300px\" \/><\/a><\/p>\n","protected":false},"excerpt":{"rendered":"<p>OPTIMUS (Crosman)<\/p>\n<p>Nor\u0117dami gauti daugiau informacijos, skambinkite mums arba apsilankykite m\u016bs\u0173 parduotuv\u0117je.<\/p>\n","protected":false},"featured_media":109150,"template":"","meta":{"_acf_changed":false},"product_brand":[],"product_cat":[1142,1145],"product_tag":[],"class_list":{"0":"post-147069","1":"product","2":"type-product","3":"status-publish","4":"has-post-thumbnail","6":"product_cat-oro-ginklai","7":"product_cat-snaiperio-sautuvai-4-5-mm","9":"first","10":"instock","11":"taxable","12":"shipping-taxable","13":"purchasable","14":"product-type-simple"},"acf":[],"_links":{"self":[{"href":"https:\/\/kingarms.ee\/lt\/wp-json\/wp\/v2\/product\/147069","targetHints":{"allow":["GET"]}}],"collection":[{"href":"https:\/\/kingarms.ee\/lt\/wp-json\/wp\/v2\/product"}],"about":[{"href":"https:\/\/kingarms.ee\/lt\/wp-json\/wp\/v2\/types\/product"}],"wp:featuredmedia":[{"embeddable":true,"href":"https:\/\/kingarms.ee\/lt\/wp-json\/wp\/v2\/media\/109150"}],"wp:attachment":[{"href":"https:\/\/kingarms.ee\/lt\/wp-json\/wp\/v2\/media?parent=147069"}],"wp:term":[{"taxonomy":"product_brand","embeddable":true,"href":"https:\/\/kingarms.ee\/lt\/wp-json\/wp\/v2\/product_brand?post=147069"},{"taxonomy":"product_cat","embeddable":true,"href":"https:\/\/kingarms.ee\/lt\/wp-json\/wp\/v2\/product_cat?post=147069"},{"taxonomy":"product_tag","embeddable":true,"href":"https:\/\/kingarms.ee\/lt\/wp-json\/wp\/v2\/product_tag?post=147069"}],"curies":[{"name":"wp","href":"https:\/\/api.w.org\/{rel}","templated":true}]}}