{"id":147071,"date":"2019-03-21T23:15:25","date_gmt":"2019-03-21T20:15:25","guid":{"rendered":"https:\/\/kingarms.ee\/product\/nitro-nuodai-crosman\/"},"modified":"2025-03-11T16:38:21","modified_gmt":"2025-03-11T13:38:21","slug":"nitro-nuodai-crosman","status":"publish","type":"product","link":"https:\/\/kingarms.ee\/lt\/product\/nitro-nuodai-crosman\/","title":{"rendered":"NITRO nuodai (Crosman)<br><br>"},"content":{"rendered":"<p><a href=\"https:\/\/kingarms.ee\/wp-content\/uploads\/2019\/03\/PY-2401_Crosman-Nitro-Venom-Air_1466428356-300x214.jpg\"><img loading=\"lazy\" decoding=\"async\" class=\"alignnone size-medium wp-image-13393\" src=\"https:\/\/kingarms.ee\/wp-content\/uploads\/2019\/03\/PY-2401_Crosman-Nitro-Venom-Air_1466428356-300x214.jpg\" alt=\"\" width=\"300\" height=\"214\" srcset=\"https:\/\/kingarms.ee\/wp-content\/uploads\/2019\/03\/PY-2401_Crosman-Nitro-Venom-Air_1466428356-300x214.jpg 300w, https:\/\/kingarms.ee\/wp-content\/uploads\/2019\/03\/PY-2401_Crosman-Nitro-Venom-Air_1466428356-150x107.jpg 150w, https:\/\/kingarms.ee\/wp-content\/uploads\/2019\/03\/PY-2401_Crosman-Nitro-Venom-Air_1466428356-500x357.jpg 500w, https:\/\/kingarms.ee\/wp-content\/uploads\/2019\/03\/PY-2401_Crosman-Nitro-Venom-Air_1466428356.jpg 700w\" sizes=\"auto, (max-width: 300px) 100vw, 300px\" \/><\/a><\/p>\n","protected":false},"excerpt":{"rendered":"<p>NITRO nuodai (Crosman)<\/p>\n<p>Pradinis snukio greitis 305 m \/ s<\/p>\n<p>Kalibras 4,5 mm<\/p>\n<p>\u0160audmen\u0173 tipas: \u0161vino kulkos<\/p>\n<p>Svoris 3,45 kg<\/p>\n<p>Duj\u0173 pavasario mechanizmas (patentuota Crosman Nitro st\u016bmoklio sistema)<\/p>\n<p>Optinis taikiklis taikikliams (CenterPoint 3-9h32)<\/p>\n","protected":false},"featured_media":109135,"template":"","meta":{"_acf_changed":false},"product_brand":[],"product_cat":[1142,1145],"product_tag":[],"class_list":{"0":"post-147071","1":"product","2":"type-product","3":"status-publish","4":"has-post-thumbnail","6":"product_cat-oro-ginklai","7":"product_cat-snaiperio-sautuvai-4-5-mm","9":"first","10":"instock","11":"sale","12":"taxable","13":"shipping-taxable","14":"purchasable","15":"product-type-simple"},"acf":[],"_links":{"self":[{"href":"https:\/\/kingarms.ee\/lt\/wp-json\/wp\/v2\/product\/147071","targetHints":{"allow":["GET"]}}],"collection":[{"href":"https:\/\/kingarms.ee\/lt\/wp-json\/wp\/v2\/product"}],"about":[{"href":"https:\/\/kingarms.ee\/lt\/wp-json\/wp\/v2\/types\/product"}],"wp:featuredmedia":[{"embeddable":true,"href":"https:\/\/kingarms.ee\/lt\/wp-json\/wp\/v2\/media\/109135"}],"wp:attachment":[{"href":"https:\/\/kingarms.ee\/lt\/wp-json\/wp\/v2\/media?parent=147071"}],"wp:term":[{"taxonomy":"product_brand","embeddable":true,"href":"https:\/\/kingarms.ee\/lt\/wp-json\/wp\/v2\/product_brand?post=147071"},{"taxonomy":"product_cat","embeddable":true,"href":"https:\/\/kingarms.ee\/lt\/wp-json\/wp\/v2\/product_cat?post=147071"},{"taxonomy":"product_tag","embeddable":true,"href":"https:\/\/kingarms.ee\/lt\/wp-json\/wp\/v2\/product_tag?post=147071"}],"curies":[{"name":"wp","href":"https:\/\/api.w.org\/{rel}","templated":true}]}}