{"id":147079,"date":"2018-12-29T20:11:11","date_gmt":"2025-03-11T13:48:38","guid":{"rendered":"https:\/\/kingarms.ee\/product\/salmo-dangtelis-cad\/"},"modified":"2025-03-11T16:48:38","modified_gmt":"2025-03-11T13:48:38","slug":"salmo-dangtelis-cad","status":"publish","type":"product","link":"https:\/\/kingarms.ee\/lt\/product\/salmo-dangtelis-cad\/","title":{"rendered":"\u0160almo dangtelis-CAD<br><br>"},"content":{"rendered":"<p><a href=\"https:\/\/kingarms.ee\/wp-content\/uploads\/2018\/12\/FAST-Helmet-Cover-CAD-ig14971large1-300x210.png\"><img loading=\"lazy\" decoding=\"async\" class=\"alignnone size-medium wp-image-11076\" src=\"https:\/\/kingarms.ee\/wp-content\/uploads\/2018\/12\/FAST-Helmet-Cover-CAD-ig14971large1-300x210.png\" alt=\"\" width=\"300\" height=\"210\" srcset=\"https:\/\/kingarms.ee\/wp-content\/uploads\/2018\/12\/FAST-Helmet-Cover-CAD-ig14971large1-300x210.png 300w, https:\/\/kingarms.ee\/wp-content\/uploads\/2018\/12\/FAST-Helmet-Cover-CAD-ig14971large1-150x105.png 150w, https:\/\/kingarms.ee\/wp-content\/uploads\/2018\/12\/FAST-Helmet-Cover-CAD-ig14971large1-500x350.png 500w, https:\/\/kingarms.ee\/wp-content\/uploads\/2018\/12\/FAST-Helmet-Cover-CAD-ig14971large1-768x538.png 768w, https:\/\/kingarms.ee\/wp-content\/uploads\/2018\/12\/FAST-Helmet-Cover-CAD-ig14971large1-1024x717.png 1024w, https:\/\/kingarms.ee\/wp-content\/uploads\/2018\/12\/FAST-Helmet-Cover-CAD-ig14971large1.png 1400w\" sizes=\"auto, (max-width: 300px) 100vw, 300px\" \/><\/a><\/p>\n","protected":false},"excerpt":{"rendered":"<p>\u0160almo dangtelis-CAD<\/p>\n<p>Kanados skaitmeninis pleistras (CAD) \u0161almo dangtelis greito tipo \u0161almams.<\/p>\n<p> NB!<\/p>\n<p> \u0160almas n\u0117ra \u012ftrauktas.<\/p>\n","protected":false},"featured_media":108245,"template":"","meta":{"_acf_changed":false},"product_brand":[],"product_cat":[1217],"product_tag":[],"class_list":{"0":"post-147079","1":"product","2":"type-product","3":"status-publish","4":"has-post-thumbnail","6":"product_cat-salmo-laikikliai","8":"first","9":"onbackorder","10":"taxable","11":"shipping-taxable","12":"product-type-simple"},"acf":[],"_links":{"self":[{"href":"https:\/\/kingarms.ee\/lt\/wp-json\/wp\/v2\/product\/147079","targetHints":{"allow":["GET"]}}],"collection":[{"href":"https:\/\/kingarms.ee\/lt\/wp-json\/wp\/v2\/product"}],"about":[{"href":"https:\/\/kingarms.ee\/lt\/wp-json\/wp\/v2\/types\/product"}],"wp:featuredmedia":[{"embeddable":true,"href":"https:\/\/kingarms.ee\/lt\/wp-json\/wp\/v2\/media\/108245"}],"wp:attachment":[{"href":"https:\/\/kingarms.ee\/lt\/wp-json\/wp\/v2\/media?parent=147079"}],"wp:term":[{"taxonomy":"product_brand","embeddable":true,"href":"https:\/\/kingarms.ee\/lt\/wp-json\/wp\/v2\/product_brand?post=147079"},{"taxonomy":"product_cat","embeddable":true,"href":"https:\/\/kingarms.ee\/lt\/wp-json\/wp\/v2\/product_cat?post=147079"},{"taxonomy":"product_tag","embeddable":true,"href":"https:\/\/kingarms.ee\/lt\/wp-json\/wp\/v2\/product_tag?post=147079"}],"curies":[{"name":"wp","href":"https:\/\/api.w.org\/{rel}","templated":true}]}}