{"id":147091,"date":"2018-08-31T11:09:13","date_gmt":"2025-03-11T14:20:23","guid":{"rendered":"https:\/\/kingarms.ee\/product\/1-tasko-ginklo-dirzas-tan\/"},"modified":"2025-03-11T17:20:23","modified_gmt":"2025-03-11T14:20:23","slug":"1-tasko-ginklo-dirzas-tan","status":"publish","type":"product","link":"https:\/\/kingarms.ee\/lt\/product\/1-tasko-ginklo-dirzas-tan\/","title":{"rendered":"1 ta\u0161ko ginklo dir\u017eas (Tan)<br><br>"},"content":{"rendered":"<p><a href=\"https:\/\/kingarms.ee\/wp-content\/uploads\/2018\/06\/1152203336_2.jpg\"><img loading=\"lazy\" decoding=\"async\" class=\"alignnone size-medium wp-image-3194\" src=\"https:\/\/kingarms.ee\/wp-content\/uploads\/2018\/06\/1152203336_2-300x200.jpg\" alt=\"\" width=\"300\" height=\"200\"><\/a><\/p>\n","protected":false},"excerpt":{"rendered":"<p>1 ta\u0161ko ginklo dir\u017eas (Tan)<\/p>\n<p>1 ta\u0161ko pistoleto dir\u017eelis pagamintas i\u0161 tvirto nailono, tvirtinimai metaliniai.<\/p>\n<p>Dir\u017eelio ilgis reguliuojamas.<\/p>\n","protected":false},"featured_media":106805,"template":"","meta":{"_acf_changed":false},"product_brand":[],"product_cat":[1206],"product_tag":[],"class_list":{"0":"post-147091","1":"product","2":"type-product","3":"status-publish","4":"has-post-thumbnail","6":"product_cat-ginklu-dirzeliai","8":"first","9":"instock","10":"purchasable","11":"product-type-simple"},"acf":[],"_links":{"self":[{"href":"https:\/\/kingarms.ee\/lt\/wp-json\/wp\/v2\/product\/147091","targetHints":{"allow":["GET"]}}],"collection":[{"href":"https:\/\/kingarms.ee\/lt\/wp-json\/wp\/v2\/product"}],"about":[{"href":"https:\/\/kingarms.ee\/lt\/wp-json\/wp\/v2\/types\/product"}],"wp:featuredmedia":[{"embeddable":true,"href":"https:\/\/kingarms.ee\/lt\/wp-json\/wp\/v2\/media\/106805"}],"wp:attachment":[{"href":"https:\/\/kingarms.ee\/lt\/wp-json\/wp\/v2\/media?parent=147091"}],"wp:term":[{"taxonomy":"product_brand","embeddable":true,"href":"https:\/\/kingarms.ee\/lt\/wp-json\/wp\/v2\/product_brand?post=147091"},{"taxonomy":"product_cat","embeddable":true,"href":"https:\/\/kingarms.ee\/lt\/wp-json\/wp\/v2\/product_cat?post=147091"},{"taxonomy":"product_tag","embeddable":true,"href":"https:\/\/kingarms.ee\/lt\/wp-json\/wp\/v2\/product_tag?post=147091"}],"curies":[{"name":"wp","href":"https:\/\/api.w.org\/{rel}","templated":true}]}}