{"id":147095,"date":"2018-08-31T11:09:13","date_gmt":"2025-03-11T14:24:27","guid":{"rendered":"https:\/\/kingarms.ee\/product\/popieriaus-tikslas-2\/"},"modified":"2025-03-11T17:24:27","modified_gmt":"2025-03-11T14:24:27","slug":"popieriaus-tikslas-2","status":"publish","type":"product","link":"https:\/\/kingarms.ee\/lt\/product\/popieriaus-tikslas-2\/","title":{"rendered":"Popieriaus tikslas<br><br>"},"content":{"rendered":"<p><a href=\"https:\/\/kingarms.ee\/wp-content\/uploads\/2018\/06\/1152216019_1.jpg\"><img loading=\"lazy\" decoding=\"async\" class=\"alignnone size-medium wp-image-3184\" src=\"https:\/\/kingarms.ee\/wp-content\/uploads\/2018\/06\/1152216019_1-300x200.jpg\" alt=\"\" width=\"300\" height=\"200\"><\/a><\/p>\n","protected":false},"excerpt":{"rendered":"<p>Popieriaus tikslas<\/p>\n<p>\u012e kain\u0105 girdi 1 tiksl\u0105.<\/p>\n<p>Galima u\u017esisakyti didesn\u012f kiek\u012f.<\/p>\n","protected":false},"featured_media":106801,"template":"","meta":{"_acf_changed":false},"product_brand":[],"product_cat":[1218,1201],"product_tag":[],"class_list":{"0":"post-147095","1":"product","2":"type-product","3":"status-publish","4":"has-post-thumbnail","6":"product_cat-neprivaloma-iranga","7":"product_cat-taikiniai","9":"first","10":"instock","11":"purchasable","12":"product-type-simple"},"acf":[],"_links":{"self":[{"href":"https:\/\/kingarms.ee\/lt\/wp-json\/wp\/v2\/product\/147095","targetHints":{"allow":["GET"]}}],"collection":[{"href":"https:\/\/kingarms.ee\/lt\/wp-json\/wp\/v2\/product"}],"about":[{"href":"https:\/\/kingarms.ee\/lt\/wp-json\/wp\/v2\/types\/product"}],"wp:featuredmedia":[{"embeddable":true,"href":"https:\/\/kingarms.ee\/lt\/wp-json\/wp\/v2\/media\/106801"}],"wp:attachment":[{"href":"https:\/\/kingarms.ee\/lt\/wp-json\/wp\/v2\/media?parent=147095"}],"wp:term":[{"taxonomy":"product_brand","embeddable":true,"href":"https:\/\/kingarms.ee\/lt\/wp-json\/wp\/v2\/product_brand?post=147095"},{"taxonomy":"product_cat","embeddable":true,"href":"https:\/\/kingarms.ee\/lt\/wp-json\/wp\/v2\/product_cat?post=147095"},{"taxonomy":"product_tag","embeddable":true,"href":"https:\/\/kingarms.ee\/lt\/wp-json\/wp\/v2\/product_tag?post=147095"}],"curies":[{"name":"wp","href":"https:\/\/api.w.org\/{rel}","templated":true}]}}